{"id":20168,"date":"2024-02-22T11:17:07","date_gmt":"2024-02-22T10:17:07","guid":{"rendered":"https:\/\/www.sab.ch\/3-liste-de-bonnes-pratiques-numerisation-de-la-chaine-de-valeur-de-lagriculture-de-montagne\/"},"modified":"2024-02-22T11:17:07","modified_gmt":"2024-02-22T10:17:07","slug":"3-liste-de-bonnes-pratiques-numerisation-de-la-chaine-de-valeur-de-lagriculture-de-montagne","status":"publish","type":"page","link":"https:\/\/www.sab.ch\/fr\/3-liste-de-bonnes-pratiques-numerisation-de-la-chaine-de-valeur-de-lagriculture-de-montagne\/","title":{"rendered":"3. Liste de bonnes pratiques \u00ab\u00a0Num\u00e9risation de la cha\u00eene de valeur de l&rsquo;agriculture de montagne\u00a0\u00bb"},"content":{"rendered":"<div  class='flex_column av-unnm55-b30a9741eb4a630d9bc7d369d4a4e8fe av_two_third  avia-builder-el-0  el_before_av_one_third  avia-builder-el-first  first flex_column_div  '     ><section  class='av_textblock_section av-lophxf5r-cd029bbca8bb8ce1293440fd6208f1e5 '   itemscope=\"itemscope\" itemtype=\"https:\/\/schema.org\/CreativeWork\" ><div class='avia_textblock'  itemprop=\"text\" ><h3>3. Liste de bonnes pratiques \u00ab\u00a0Num\u00e9risation de la cha\u00eene de valeur de l&rsquo;agriculture de montagne\u00a0\u00bb.<\/h3>\n<p><br class=\"avia-permanent-lb\">Les bons exemples \u00ab\u00a0Num\u00e9risation de la cha\u00eene de cr\u00e9ation de valeur de l&rsquo;agriculture de montagne\u00a0\u00bb <strong>sont organis\u00e9s selon le graphique ci-contre dans un fichier Excel s\u00e9par\u00e9 (<a href=\"https:\/\/www.sab.ch\/wp-content\/uploads\/2023\/11\/Leitfaden-zur-Digitalisierung-in-der-Wertschoepfungskette-Berglandwirtschaft20231115.pdf\">disponible sous ce lien<\/a>)<\/strong>. Les bons exemples s&rsquo;ouvrent en cliquant sur la ligne correspondante. Les exemples y sont d\u00e9crits et on y trouve des liens URL vers des informations compl\u00e9mentaires. <strong>Les couleurs sont attribu\u00e9es \u00e0 diff\u00e9rents champs d&rsquo;action<\/strong> (voir la l\u00e9gende des champs d&rsquo;action) et montrent la diversit\u00e9 des bonnes pratiques. Alors que, par exemple, la cat\u00e9gorie \u00ab\u00a0monitoring des animaux\u00a0\u00bb, de couleur orange, n&rsquo;appartient qu&rsquo;\u00e0 un seul champ d&rsquo;action, \u00e0 savoir \u00ab\u00a0production\/transformation\u00a0\u00bb, la cat\u00e9gorie \u00ab\u00a0plateformes B2C vente directe\u00a0\u00bb comprend trois champs d&rsquo;action diff\u00e9rents (couleurs menthe). Le graphique montre \u00e9galement chez quels acteurs de la cha\u00eene de cr\u00e9ation de valeur, la meilleure pratique d\u00e9ploie <strong>l&rsquo;effet principal<\/strong> et <strong>relie les diff\u00e9rents \u00e9l\u00e9ments de la cha\u00eene.<\/strong><\/p>\n<p>La liste peut \u00eatre t\u00e9l\u00e9charg\u00e9e <strong><a href=\"https:\/\/www.sab.ch\/wp-content\/uploads\/2023\/11\/Kopie-von-ValuechainGEnAll20230829.xlsx\">ici<\/a><\/strong><\/p>\n<\/div><\/section><br \/>\n<div  class='avia-buttonrow-wrap av-lp19c00s-073d5287418ab3a755e770f88a28d373 avia-buttonrow-center  avia-builder-el-2  el_after_av_textblock  avia-builder-el-last '>\n\n<style type=\"text\/css\" data-created_by=\"avia_inline_auto\" id=\"style-css-av-lp19bw31-b4c22951b49f03ce93b80cfd30556f57\">\n#top #wrap_all .avia-button.av-lp19bw31-b4c22951b49f03ce93b80cfd30556f57{\nmargin-bottom:5px;\nmargin-right:3px;\nmargin-left:3px;\n}\n<\/style>\n<a href='https:\/\/www.sab.ch\/fr\/guide-de-la-numerisation-au-profit-de-la-chaine-de-valeur-de-lagriculture-de-montagne\/'  class='avia-button av-lp19bw31-b4c22951b49f03ce93b80cfd30556f57 avia-icon_select-yes-left-icon avia-size-small avia-color-theme-color'   aria-label=\"retour\"><span class='avia_button_icon avia_button_icon_left avia-iconfont avia-font-entypo-fontello' data-av_icon='\ue888' data-av_iconfont='entypo-fontello' ><\/span><span class='avia_iconbox_title' >retour<\/span><\/a>\n<\/div><\/p><\/div><div  class='flex_column av-k37ml5-abe35e681c554a99ceefd93bbc5e1671 av_one_third  avia-builder-el-3  el_after_av_two_third  avia-builder-el-last  flex_column_div  '     ><style type=\"text\/css\" data-created_by=\"avia_inline_auto\" id=\"style-css-av-lp198x6b-98f2f302a72f6857b9c9cd49a1b6eb9c\">\n.avia-image-container.av-lp198x6b-98f2f302a72f6857b9c9cd49a1b6eb9c img.avia_image{\nbox-shadow:none;\n}\n.avia-image-container.av-lp198x6b-98f2f302a72f6857b9c9cd49a1b6eb9c .av-image-caption-overlay-center{\ncolor:#ffffff;\n}\n<\/style>\n<div  class='avia-image-container av-lp198x6b-98f2f302a72f6857b9c9cd49a1b6eb9c av-styling- av-img-linked avia-align-center  avia-builder-el-4  avia-builder-el-no-sibling '   itemprop=\"image\" itemscope=\"itemscope\" itemtype=\"https:\/\/schema.org\/ImageObject\" ><div class=\"avia-image-container-inner\"><div class=\"avia-image-overlay-wrap\"><a href=\"lightboxav_image\" class='avia_image '  aria-label='3_WSKLeitfaden\u00dcbersicht'><img decoding=\"async\" fetchpriority=\"high\" class='wp-image-18634 avia-img-lazy-loading-not-18634 avia_image ' src=\"https:\/\/www.sab.ch\/wp-content\/uploads\/2023\/11\/3_WSKLeitfadenUebersicht-1024x576.jpg\" alt='' title='3_WSKLeitfaden\u00dcbersicht'  height=\"576\" width=\"1024\"  itemprop=\"thumbnailUrl\" srcset=\"https:\/\/www.sab.ch\/wp-content\/uploads\/2023\/11\/3_WSKLeitfadenUebersicht-1024x576.jpg 1024w, https:\/\/www.sab.ch\/wp-content\/uploads\/2023\/11\/3_WSKLeitfadenUebersicht-768x432.jpg 768w, https:\/\/www.sab.ch\/wp-content\/uploads\/2023\/11\/3_WSKLeitfadenUebersicht-705x397.jpg 705w, https:\/\/www.sab.ch\/wp-content\/uploads\/2023\/11\/3_WSKLeitfadenUebersicht.jpg 1280w\" sizes=\"(max-width: 1024px) 100vw, 1024px\" \/><\/a><\/div><\/div><\/div><\/div><\/p>\n","protected":false},"excerpt":{"rendered":"","protected":false},"author":4,"featured_media":0,"parent":0,"menu_order":0,"comment_status":"closed","ping_status":"closed","template":"","meta":{"footnotes":""},"class_list":["post-20168","page","type-page","status-publish","hentry"],"yoast_head":"<!-- This site is optimized with the Yoast SEO plugin v27.4 - https:\/\/yoast.com\/product\/yoast-seo-wordpress\/ -->\n<title>3. Liste de bonnes pratiques &quot;Num\u00e9risation de la cha\u00eene de valeur de l&#039;agriculture de montagne&quot; - S A B<\/title>\n<meta name=\"robots\" content=\"index, follow, max-snippet:-1, max-image-preview:large, max-video-preview:-1\" \/>\n<link rel=\"canonical\" href=\"https:\/\/www.sab.ch\/fr\/3-liste-de-bonnes-pratiques-numerisation-de-la-chaine-de-valeur-de-lagriculture-de-montagne\/\" \/>\n<meta property=\"og:locale\" content=\"fr_FR\" \/>\n<meta property=\"og:type\" content=\"article\" \/>\n<meta property=\"og:title\" content=\"3. Liste de bonnes pratiques &quot;Num\u00e9risation de la cha\u00eene de valeur de l&#039;agriculture de montagne&quot; - S A B\" \/>\n<meta property=\"og:url\" content=\"https:\/\/www.sab.ch\/fr\/3-liste-de-bonnes-pratiques-numerisation-de-la-chaine-de-valeur-de-lagriculture-de-montagne\/\" \/>\n<meta property=\"og:site_name\" content=\"S A B\" \/>\n<meta name=\"twitter:card\" content=\"summary_large_image\" \/>\n<meta name=\"twitter:label1\" content=\"Dur\u00e9e de lecture estim\u00e9e\" \/>\n\t<meta name=\"twitter:data1\" content=\"9 minutes\" \/>\n<script type=\"application\/ld+json\" class=\"yoast-schema-graph\">{\"@context\":\"https:\\\/\\\/schema.org\",\"@graph\":[{\"@type\":\"WebPage\",\"@id\":\"https:\\\/\\\/www.sab.ch\\\/fr\\\/3-liste-de-bonnes-pratiques-numerisation-de-la-chaine-de-valeur-de-lagriculture-de-montagne\\\/\",\"url\":\"https:\\\/\\\/www.sab.ch\\\/fr\\\/3-liste-de-bonnes-pratiques-numerisation-de-la-chaine-de-valeur-de-lagriculture-de-montagne\\\/\",\"name\":\"3. Liste de bonnes pratiques \\\"Num\u00e9risation de la cha\u00eene de valeur de l'agriculture de montagne\\\" - S A B\",\"isPartOf\":{\"@id\":\"https:\\\/\\\/www.sab.ch\\\/fr\\\/#website\"},\"datePublished\":\"2024-02-22T10:17:07+00:00\",\"breadcrumb\":{\"@id\":\"https:\\\/\\\/www.sab.ch\\\/fr\\\/3-liste-de-bonnes-pratiques-numerisation-de-la-chaine-de-valeur-de-lagriculture-de-montagne\\\/#breadcrumb\"},\"inLanguage\":\"fr-FR\",\"potentialAction\":[{\"@type\":\"ReadAction\",\"target\":[\"https:\\\/\\\/www.sab.ch\\\/fr\\\/3-liste-de-bonnes-pratiques-numerisation-de-la-chaine-de-valeur-de-lagriculture-de-montagne\\\/\"]}]},{\"@type\":\"BreadcrumbList\",\"@id\":\"https:\\\/\\\/www.sab.ch\\\/fr\\\/3-liste-de-bonnes-pratiques-numerisation-de-la-chaine-de-valeur-de-lagriculture-de-montagne\\\/#breadcrumb\",\"itemListElement\":[{\"@type\":\"ListItem\",\"position\":1,\"name\":\"Startseite\",\"item\":\"https:\\\/\\\/www.sab.ch\\\/fr\\\/home\\\/\"},{\"@type\":\"ListItem\",\"position\":2,\"name\":\"3. Liste de bonnes pratiques &#8222;Num\u00e9risation de la cha\u00eene de valeur de l&#8217;agriculture de montagne&#8220;\"}]},{\"@type\":\"WebSite\",\"@id\":\"https:\\\/\\\/www.sab.ch\\\/fr\\\/#website\",\"url\":\"https:\\\/\\\/www.sab.ch\\\/fr\\\/\",\"name\":\"S A B\",\"description\":\"\",\"potentialAction\":[{\"@type\":\"SearchAction\",\"target\":{\"@type\":\"EntryPoint\",\"urlTemplate\":\"https:\\\/\\\/www.sab.ch\\\/fr\\\/?s={search_term_string}\"},\"query-input\":{\"@type\":\"PropertyValueSpecification\",\"valueRequired\":true,\"valueName\":\"search_term_string\"}}],\"inLanguage\":\"fr-FR\"}]}<\/script>\n<!-- \/ Yoast SEO plugin. -->","yoast_head_json":{"title":"3. Liste de bonnes pratiques \"Num\u00e9risation de la cha\u00eene de valeur de l'agriculture de montagne\" - S A B","robots":{"index":"index","follow":"follow","max-snippet":"max-snippet:-1","max-image-preview":"max-image-preview:large","max-video-preview":"max-video-preview:-1"},"canonical":"https:\/\/www.sab.ch\/fr\/3-liste-de-bonnes-pratiques-numerisation-de-la-chaine-de-valeur-de-lagriculture-de-montagne\/","og_locale":"fr_FR","og_type":"article","og_title":"3. Liste de bonnes pratiques \"Num\u00e9risation de la cha\u00eene de valeur de l'agriculture de montagne\" - S A B","og_url":"https:\/\/www.sab.ch\/fr\/3-liste-de-bonnes-pratiques-numerisation-de-la-chaine-de-valeur-de-lagriculture-de-montagne\/","og_site_name":"S A B","twitter_card":"summary_large_image","twitter_misc":{"Dur\u00e9e de lecture estim\u00e9e":"9 minutes"},"schema":{"@context":"https:\/\/schema.org","@graph":[{"@type":"WebPage","@id":"https:\/\/www.sab.ch\/fr\/3-liste-de-bonnes-pratiques-numerisation-de-la-chaine-de-valeur-de-lagriculture-de-montagne\/","url":"https:\/\/www.sab.ch\/fr\/3-liste-de-bonnes-pratiques-numerisation-de-la-chaine-de-valeur-de-lagriculture-de-montagne\/","name":"3. Liste de bonnes pratiques \"Num\u00e9risation de la cha\u00eene de valeur de l'agriculture de montagne\" - S A B","isPartOf":{"@id":"https:\/\/www.sab.ch\/fr\/#website"},"datePublished":"2024-02-22T10:17:07+00:00","breadcrumb":{"@id":"https:\/\/www.sab.ch\/fr\/3-liste-de-bonnes-pratiques-numerisation-de-la-chaine-de-valeur-de-lagriculture-de-montagne\/#breadcrumb"},"inLanguage":"fr-FR","potentialAction":[{"@type":"ReadAction","target":["https:\/\/www.sab.ch\/fr\/3-liste-de-bonnes-pratiques-numerisation-de-la-chaine-de-valeur-de-lagriculture-de-montagne\/"]}]},{"@type":"BreadcrumbList","@id":"https:\/\/www.sab.ch\/fr\/3-liste-de-bonnes-pratiques-numerisation-de-la-chaine-de-valeur-de-lagriculture-de-montagne\/#breadcrumb","itemListElement":[{"@type":"ListItem","position":1,"name":"Startseite","item":"https:\/\/www.sab.ch\/fr\/home\/"},{"@type":"ListItem","position":2,"name":"3. Liste de bonnes pratiques &#8222;Num\u00e9risation de la cha\u00eene de valeur de l&#8217;agriculture de montagne&#8220;"}]},{"@type":"WebSite","@id":"https:\/\/www.sab.ch\/fr\/#website","url":"https:\/\/www.sab.ch\/fr\/","name":"S A B","description":"","potentialAction":[{"@type":"SearchAction","target":{"@type":"EntryPoint","urlTemplate":"https:\/\/www.sab.ch\/fr\/?s={search_term_string}"},"query-input":{"@type":"PropertyValueSpecification","valueRequired":true,"valueName":"search_term_string"}}],"inLanguage":"fr-FR"}]}},"_links":{"self":[{"href":"https:\/\/www.sab.ch\/fr\/wp-json\/wp\/v2\/pages\/20168","targetHints":{"allow":["GET"]}}],"collection":[{"href":"https:\/\/www.sab.ch\/fr\/wp-json\/wp\/v2\/pages"}],"about":[{"href":"https:\/\/www.sab.ch\/fr\/wp-json\/wp\/v2\/types\/page"}],"author":[{"embeddable":true,"href":"https:\/\/www.sab.ch\/fr\/wp-json\/wp\/v2\/users\/4"}],"replies":[{"embeddable":true,"href":"https:\/\/www.sab.ch\/fr\/wp-json\/wp\/v2\/comments?post=20168"}],"version-history":[{"count":2,"href":"https:\/\/www.sab.ch\/fr\/wp-json\/wp\/v2\/pages\/20168\/revisions"}],"predecessor-version":[{"id":20170,"href":"https:\/\/www.sab.ch\/fr\/wp-json\/wp\/v2\/pages\/20168\/revisions\/20170"}],"wp:attachment":[{"href":"https:\/\/www.sab.ch\/fr\/wp-json\/wp\/v2\/media?parent=20168"}],"curies":[{"name":"wp","href":"https:\/\/api.w.org\/{rel}","templated":true}]}}