{"id":22967,"date":"2024-08-13T13:58:57","date_gmt":"2024-08-13T11:58:57","guid":{"rendered":"https:\/\/www.sab.ch\/des-logements-pour-les-employes-des-communes-touristiques\/"},"modified":"2025-04-22T11:16:31","modified_gmt":"2025-04-22T09:16:31","slug":"des-logements-pour-les-employes-des-communes-touristiques","status":"publish","type":"page","link":"https:\/\/www.sab.ch\/fr\/des-logements-pour-les-employes-des-communes-touristiques\/","title":{"rendered":"Des logements pour les employ\u00e9s des communes touristiques"},"content":{"rendered":"<div  class='flex_column av-lzmbz3u3-bc384684dc46317519fed37fa0e164ec av_two_third  avia-builder-el-0  el_before_av_one_third  avia-builder-el-first  first flex_column_div  '     ><section  class='av_textblock_section av-lzmbxokn-1fd855a92e99776218f76b342d57bc4b '   itemscope=\"itemscope\" itemtype=\"https:\/\/schema.org\/CreativeWork\" ><div class='avia_textblock'  itemprop=\"text\" ><h3><strong>Des logements pour les employ\u00e9s des communes touristiques<\/strong><\/h3>\n<p><span data-contrast=\"auto\"> <br class=\"avia-permanent-lb\" \/>De nombreuses communes touristiques de montagne sont actuellement confront\u00e9es \u00e0 une p\u00e9nurie de logements. Ce sont surtout les employ\u00e9s d\u2019entreprises touristiques, engag\u00e9s de mani\u00e8re saisonni\u00e8re, qui ont de la peine \u00e0 trouver un toit. Ainsi, le SAB a lanc\u00e9 un projet, en collaboration avec l&rsquo;entreprise gutunundgut GmbH, afin de d\u00e9velopper des approches r\u00e9plicables. Dans le cadre de ce projet, des solutions d\u00e9velopp\u00e9es en Suisse et dans les pays voisins ont \u00e9t\u00e9 identifi\u00e9es et leur cadre juridique a \u00e9t\u00e9 analys\u00e9. Dans les trois communes pilotes de Lenk, Obergoms et Scuol, des approches seront test\u00e9es. Les r\u00e9sultats seront trait\u00e9s, puis mis \u00e0 la disposition des communes, ainsi que d&rsquo;autres acteurs.\u00a0<\/span><span data-ccp-props=\"{}\">\u00a0<\/span><\/p>\n<p><span data-contrast=\"auto\"> <br class=\"avia-permanent-lb\" \/>Le projet est soutenu financi\u00e8rement par la Conf\u00e9d\u00e9ration, via le <a href=\"https:\/\/www.are.admin.ch\/are\/fr\/home\/developpement-durable\/programmes-et-projets\/programmeencouragement\/2023-2024.html\">programme d&rsquo;encouragement pour le d\u00e9veloppement durable<\/a> et s\u2019\u00e9tend entre le 1<\/span><span data-contrast=\"auto\">er<\/span><span data-contrast=\"auto\"> janvier et le 31 d\u00e9cembre 2024. Le projet constitue une contribution \u00e0 la concr\u00e9tisation du <a href=\"https:\/\/www.admin.ch\/gov\/fr\/accueil\/documentation\/communiques.msg-id-100019.html\">plan d&rsquo;action contre la p\u00e9nurie de logements<\/a>, du 13 f\u00e9vrier 2024.<\/span><span data-ccp-props=\"{}\">\u00a0<\/span><\/p>\n<p><span data-ccp-props=\"{}\">\u00a0 <br class=\"avia-permanent-lb\" \/><\/span><span data-contrast=\"auto\">Le 25 mars 2024, un \u00e9change d&rsquo;exp\u00e9riences a eu lieu sur ce th\u00e8me, dans le cadre d\u2019une s\u00e9ance de la Conf\u00e9rence des pr\u00e9sidentes et pr\u00e9sidents de communes touristiques de montagne. Les documents en question se trouvent <a href=\"https:\/\/www.sab.ch\/fr\/dienstleistungen\/management-dorganisations-et-de-reseaux-2\/management-dorganisations-et-de-reseaux\/conference-des-presidents-de-communes-touristiques\/seminaires\/\">ici<\/a>. <\/span><span data-ccp-props=\"{}\">\u00a0<\/span><\/p>\n<p><span data-ccp-props=\"{}\">\u00a0<\/span><\/p>\n<p><span data-contrast=\"auto\">En 2022, le SAB a publi\u00e9, en collaboration avec l&rsquo;Office f\u00e9d\u00e9ral du logement, un guide intitul\u00e9 \u00ab\u00a0<a href=\"https:\/\/www.sab.ch\/wp-content\/uploads\/2023\/02\/Leitfaden-Berggebiete_FR.pdf\">Des logements dans les r\u00e9gions de montagne<\/a>\u00ab\u00a0.<\/span><span data-ccp-props=\"{}\">\u00a0<\/span><\/p>\n<\/div><\/section><br \/>\n<div  class='hr av-m973uy2w-2d16b40a89559b229fa8dfe64c814f47 hr-short  avia-builder-el-2  el_after_av_textblock  el_before_av_textblock  hr-left'><span class='hr-inner '><span class=\"hr-inner-style\"><\/span><\/span><\/div><br \/>\n<section  class='av_textblock_section av-m973ui8s-f2fdd082afaaa7eb58cb4bfdd2356b42 '   itemscope=\"itemscope\" itemtype=\"https:\/\/schema.org\/CreativeWork\" ><div class='avia_textblock'  itemprop=\"text\" ><h4>S\u00e9minaire: Des logements pour les employ\u00e9s r\u00e9sidant dans des communes touristiques\u00a0 &#8211; 10.04.2025<\/h4>\n<ul>\n<li><a href=\"https:\/\/www.sab.ch\/wp-content\/uploads\/2025\/02\/Programme-logements.pdf\">Programme<\/a><\/li>\n<li><a href=\"https:\/\/www.sab.ch\/wp-content\/uploads\/2025\/04\/CP.logements-touristiques_10.04.2025.pdf\">Communiqu\u00e9 de presse du 10.04.2025<\/a><\/li>\n<li><a href=\"https:\/\/www.sab.ch\/wp-content\/uploads\/2025\/04\/Leitfaden_Angestelltenwohnungen.pdf\">Guide \u00ab Solutions pour les logements des employ\u00e9s dans les communes touristiques<\/a><\/li>\n<li><a href=\"https:\/\/www.sab.ch\/wp-content\/uploads\/2024\/11\/Angestelltenwohnungen-Bericht_Nov2024.pdf\">Rapport: des solutions pour loger les employ\u00e9s travaillant dans des communes touristiques (novembre 2024)<\/a><\/li>\n<li><a href=\"https:\/\/www.sab.ch\/wp-content\/uploads\/2025\/04\/01-Einfuehrung-Thomas-Egger-SAB.pdf\">Accueil et introduction Thomas Egger, directeur du SAB<\/a><\/li>\n<li><a href=\"https:\/\/www.sab.ch\/wp-content\/uploads\/2025\/04\/02-Referat-Kurt-Baumgartner-Scuol.pdf\">Le groupe h\u00f4telier Belvedere cr\u00e9e en Basse-Engadine des logements moder-nes pour ses employ\u00e9s et \u00e9tablit des relations \u00e0 long terme. Kurt Baumgartner, propri\u00e9taire de la famille de l\u2018h\u00f4tel Belvedere, Scuol<\/a><\/li>\n<li><a href=\"https:\/\/www.sab.ch\/wp-content\/uploads\/2025\/04\/03-Referat-Pascal-Bourquin-Grimentz.pdf\">Les remont\u00e9es m\u00e9caniques de Grimentz cr\u00e9ent des logements dans tout le village &#8211; Pascal Bourquin, directeur des Remont\u00e9es m\u00e9caniques Grimentz Zinal SA<\/a><\/li>\n<li><a href=\"https:\/\/www.sab.ch\/wp-content\/uploads\/2025\/04\/05-Referat-Rene-Mueller-Lenk.pdf\">La commune de Lenk prend l\u2019initiative et encourage le dialogue entre tous les acteurs concern\u00e9s &#8211; Ren\u00e9 M\u00fcller, pr\u00e9sident de la commune de Lenk<\/a><\/li>\n<li><a href=\"https:\/\/www.sab.ch\/wp-content\/uploads\/2025\/04\/06-Referat-Patrick-Schaniel-Sumvitg.pdf\">Sumvitg cr\u00e9e une zone pour les logements du personnel et encourage la construction de logements d\u2019utilit\u00e9 publique &#8211; Patrick Schaniel, pr\u00e9sident de la commune de Sumvitg<\/a><\/li>\n<li><a href=\"https:\/\/www.sab.ch\/wp-content\/uploads\/2025\/04\/07-Referat-Romy-Biner-Zermatt.pdf\">Zermatt a pris diverses de mesures comprenant (entre autres) des prescrip-tions pour les \u00e9tablissements h\u00f4teliers Romy Biner-Hauser, pr\u00e9sidente de la commune de Zermatt<\/a><\/li>\n<\/ul>\n<\/div><\/section><\/p><\/div><div  class='flex_column av-2eccf9-26b236b52ff623f862c3fb65e8054046 av_one_third  avia-builder-el-4  el_after_av_two_third  avia-builder-el-last  flex_column_div  '     ><p>\n<style type=\"text\/css\" data-created_by=\"avia_inline_auto\" id=\"style-css-av-lzmc68z7-bac9d5caa2e636e83592f33cdf427ede\">\n.avia-image-container.av-lzmc68z7-bac9d5caa2e636e83592f33cdf427ede img.avia_image{\nbox-shadow:none;\n}\n.avia-image-container.av-lzmc68z7-bac9d5caa2e636e83592f33cdf427ede .av-image-caption-overlay-center{\ncolor:#ffffff;\n}\n<\/style>\n<div  class='avia-image-container av-lzmc68z7-bac9d5caa2e636e83592f33cdf427ede av-styling- avia-align-left  avia-builder-el-5  el_before_av_textblock  avia-builder-el-first '   itemprop=\"image\" itemscope=\"itemscope\" itemtype=\"https:\/\/schema.org\/ImageObject\" ><div class=\"avia-image-container-inner\"><div class=\"avia-image-overlay-wrap\"><img decoding=\"async\" fetchpriority=\"high\" class='wp-image- avia-img-lazy-loading-not- avia_image ' src=\"https:\/\/www.sab.ch\/wp-content\/uploads\/2024\/08\/19791808-v0-team-lodge-1-1024x594.jpg\" alt='' title=''   itemprop=\"thumbnailUrl\"  \/><\/div><\/div><\/div><br \/>\n<section  class='av_textblock_section av-lzmc6vsb-cbc705e87e93e44eec57a0fdc739a663 '   itemscope=\"itemscope\" itemtype=\"https:\/\/schema.org\/CreativeWork\" ><div class='avia_textblock'  itemprop=\"text\" ><p><em>Photo: Team-Lodge M\u00fcnster VS<\/em><\/p>\n<\/div><\/section><\/p><\/div><\/p>\n","protected":false},"excerpt":{"rendered":"","protected":false},"author":4,"featured_media":0,"parent":0,"menu_order":0,"comment_status":"closed","ping_status":"closed","template":"","meta":{"footnotes":""},"class_list":["post-22967","page","type-page","status-publish","hentry"],"yoast_head":"<!-- This site is optimized with the Yoast SEO plugin v27.5 - https:\/\/yoast.com\/product\/yoast-seo-wordpress\/ -->\n<title>Des logements pour les employ\u00e9s des communes touristiques - S A B<\/title>\n<meta name=\"robots\" content=\"index, follow, max-snippet:-1, max-image-preview:large, max-video-preview:-1\" \/>\n<link rel=\"canonical\" href=\"https:\/\/www.sab.ch\/fr\/des-logements-pour-les-employes-des-communes-touristiques\/\" \/>\n<meta property=\"og:locale\" content=\"fr_FR\" \/>\n<meta property=\"og:type\" content=\"article\" \/>\n<meta property=\"og:title\" content=\"Des logements pour les employ\u00e9s des communes touristiques - S A B\" \/>\n<meta property=\"og:url\" content=\"https:\/\/www.sab.ch\/fr\/des-logements-pour-les-employes-des-communes-touristiques\/\" \/>\n<meta property=\"og:site_name\" content=\"S A B\" \/>\n<meta property=\"article:modified_time\" content=\"2025-04-22T09:16:31+00:00\" \/>\n<meta name=\"twitter:card\" content=\"summary_large_image\" \/>\n<meta name=\"twitter:label1\" content=\"Dur\u00e9e de lecture estim\u00e9e\" \/>\n\t<meta name=\"twitter:data1\" content=\"3 minutes\" \/>\n<script type=\"application\/ld+json\" class=\"yoast-schema-graph\">{\"@context\":\"https:\\\/\\\/schema.org\",\"@graph\":[{\"@type\":\"WebPage\",\"@id\":\"https:\\\/\\\/www.sab.ch\\\/fr\\\/des-logements-pour-les-employes-des-communes-touristiques\\\/\",\"url\":\"https:\\\/\\\/www.sab.ch\\\/fr\\\/des-logements-pour-les-employes-des-communes-touristiques\\\/\",\"name\":\"Des logements pour les employ\u00e9s des communes touristiques - S A B\",\"isPartOf\":{\"@id\":\"https:\\\/\\\/www.sab.ch\\\/fr\\\/#website\"},\"datePublished\":\"2024-08-13T11:58:57+00:00\",\"dateModified\":\"2025-04-22T09:16:31+00:00\",\"breadcrumb\":{\"@id\":\"https:\\\/\\\/www.sab.ch\\\/fr\\\/des-logements-pour-les-employes-des-communes-touristiques\\\/#breadcrumb\"},\"inLanguage\":\"fr-FR\",\"potentialAction\":[{\"@type\":\"ReadAction\",\"target\":[\"https:\\\/\\\/www.sab.ch\\\/fr\\\/des-logements-pour-les-employes-des-communes-touristiques\\\/\"]}]},{\"@type\":\"BreadcrumbList\",\"@id\":\"https:\\\/\\\/www.sab.ch\\\/fr\\\/des-logements-pour-les-employes-des-communes-touristiques\\\/#breadcrumb\",\"itemListElement\":[{\"@type\":\"ListItem\",\"position\":1,\"name\":\"Startseite\",\"item\":\"https:\\\/\\\/www.sab.ch\\\/fr\\\/home\\\/\"},{\"@type\":\"ListItem\",\"position\":2,\"name\":\"Des logements pour les employ\u00e9s des communes touristiques\"}]},{\"@type\":\"WebSite\",\"@id\":\"https:\\\/\\\/www.sab.ch\\\/fr\\\/#website\",\"url\":\"https:\\\/\\\/www.sab.ch\\\/fr\\\/\",\"name\":\"S A B\",\"description\":\"\",\"potentialAction\":[{\"@type\":\"SearchAction\",\"target\":{\"@type\":\"EntryPoint\",\"urlTemplate\":\"https:\\\/\\\/www.sab.ch\\\/fr\\\/?s={search_term_string}\"},\"query-input\":{\"@type\":\"PropertyValueSpecification\",\"valueRequired\":true,\"valueName\":\"search_term_string\"}}],\"inLanguage\":\"fr-FR\"}]}<\/script>\n<!-- \/ Yoast SEO plugin. -->","yoast_head_json":{"title":"Des logements pour les employ\u00e9s des communes touristiques - S A B","robots":{"index":"index","follow":"follow","max-snippet":"max-snippet:-1","max-image-preview":"max-image-preview:large","max-video-preview":"max-video-preview:-1"},"canonical":"https:\/\/www.sab.ch\/fr\/des-logements-pour-les-employes-des-communes-touristiques\/","og_locale":"fr_FR","og_type":"article","og_title":"Des logements pour les employ\u00e9s des communes touristiques - S A B","og_url":"https:\/\/www.sab.ch\/fr\/des-logements-pour-les-employes-des-communes-touristiques\/","og_site_name":"S A B","article_modified_time":"2025-04-22T09:16:31+00:00","twitter_card":"summary_large_image","twitter_misc":{"Dur\u00e9e de lecture estim\u00e9e":"3 minutes"},"schema":{"@context":"https:\/\/schema.org","@graph":[{"@type":"WebPage","@id":"https:\/\/www.sab.ch\/fr\/des-logements-pour-les-employes-des-communes-touristiques\/","url":"https:\/\/www.sab.ch\/fr\/des-logements-pour-les-employes-des-communes-touristiques\/","name":"Des logements pour les employ\u00e9s des communes touristiques - S A B","isPartOf":{"@id":"https:\/\/www.sab.ch\/fr\/#website"},"datePublished":"2024-08-13T11:58:57+00:00","dateModified":"2025-04-22T09:16:31+00:00","breadcrumb":{"@id":"https:\/\/www.sab.ch\/fr\/des-logements-pour-les-employes-des-communes-touristiques\/#breadcrumb"},"inLanguage":"fr-FR","potentialAction":[{"@type":"ReadAction","target":["https:\/\/www.sab.ch\/fr\/des-logements-pour-les-employes-des-communes-touristiques\/"]}]},{"@type":"BreadcrumbList","@id":"https:\/\/www.sab.ch\/fr\/des-logements-pour-les-employes-des-communes-touristiques\/#breadcrumb","itemListElement":[{"@type":"ListItem","position":1,"name":"Startseite","item":"https:\/\/www.sab.ch\/fr\/home\/"},{"@type":"ListItem","position":2,"name":"Des logements pour les employ\u00e9s des communes touristiques"}]},{"@type":"WebSite","@id":"https:\/\/www.sab.ch\/fr\/#website","url":"https:\/\/www.sab.ch\/fr\/","name":"S A B","description":"","potentialAction":[{"@type":"SearchAction","target":{"@type":"EntryPoint","urlTemplate":"https:\/\/www.sab.ch\/fr\/?s={search_term_string}"},"query-input":{"@type":"PropertyValueSpecification","valueRequired":true,"valueName":"search_term_string"}}],"inLanguage":"fr-FR"}]}},"_links":{"self":[{"href":"https:\/\/www.sab.ch\/fr\/wp-json\/wp\/v2\/pages\/22967","targetHints":{"allow":["GET"]}}],"collection":[{"href":"https:\/\/www.sab.ch\/fr\/wp-json\/wp\/v2\/pages"}],"about":[{"href":"https:\/\/www.sab.ch\/fr\/wp-json\/wp\/v2\/types\/page"}],"author":[{"embeddable":true,"href":"https:\/\/www.sab.ch\/fr\/wp-json\/wp\/v2\/users\/4"}],"replies":[{"embeddable":true,"href":"https:\/\/www.sab.ch\/fr\/wp-json\/wp\/v2\/comments?post=22967"}],"version-history":[{"count":26,"href":"https:\/\/www.sab.ch\/fr\/wp-json\/wp\/v2\/pages\/22967\/revisions"}],"predecessor-version":[{"id":27133,"href":"https:\/\/www.sab.ch\/fr\/wp-json\/wp\/v2\/pages\/22967\/revisions\/27133"}],"wp:attachment":[{"href":"https:\/\/www.sab.ch\/fr\/wp-json\/wp\/v2\/media?parent=22967"}],"curies":[{"name":"wp","href":"https:\/\/api.w.org\/{rel}","templated":true}]}}