{"id":26028,"date":"2025-03-04T14:57:45","date_gmt":"2025-03-04T13:57:45","guid":{"rendered":"https:\/\/www.sab.ch\/ruralplan\/"},"modified":"2025-03-04T14:57:46","modified_gmt":"2025-03-04T13:57:46","slug":"ruralplan","status":"publish","type":"page","link":"https:\/\/www.sab.ch\/fr\/ruralplan\/","title":{"rendered":"RURALPLAN"},"content":{"rendered":"<div  class='flex_column av-2h76rf-0ff3851bc2722ff30bf85a194ca7e0b4 av_two_third  avia-builder-el-0  avia-builder-el-no-sibling  first flex_column_div  '     ><section  class='av_textblock_section av-luaz4d9y-22910ef41953fda378c99279875f8ad2 '   itemscope=\"itemscope\" itemtype=\"https:\/\/schema.org\/CreativeWork\" ><div class='avia_textblock'  itemprop=\"text\" ><h2><strong>Projet Ruralplan <\/strong><\/h2>\n<p><br class=\"avia-permanent-lb\">RURALPLAN se concentre sur la planification innovante dans les zones rurales touch\u00e9es par le d\u00e9clin d\u00e9mographique. L&rsquo;\u00e9l\u00e9ment central est constitu\u00e9 par des processus de planification d\u00e9mocratiques impliquant un large \u00e9ventail d&rsquo;acteurs. Dans le cadre de ce projet, le SAB utilise des m\u00e9thodes de co-conception pour trouver de nouvelles id\u00e9es en mati\u00e8re de services de base dans la r\u00e9gion test de l&rsquo;Albula. Le projet est financ\u00e9 par le r\u00e9seau europ\u00e9en de recherche pour le d\u00e9veloppement spatial et la coh\u00e9sion territoriale (ESPON).   <\/p>\n<p><strong> <br class=\"avia-permanent-lb\"><br class=\"avia-permanent-lb\">Partenaires du projet<\/strong><\/p>\n<p>Inland Norway University of Applied Sciences (Norwegen)<\/p>\n<p>Link\u00f6ping University (Schweden)<\/p>\n<p>Groupement suisse pour les r\u00e9gions de montagne (SAB)<\/p>\n<p><strong> <br class=\"avia-permanent-lb\"><br class=\"avia-permanent-lb\">Budget<\/strong><\/p>\n<p>\u20ac 249.994<\/p>\n<p><strong> <br class=\"avia-permanent-lb\"><br class=\"avia-permanent-lb\">Dur\u00e9e du projet<\/strong><\/p>\n<p>D\u00e9cembre 2023 \u2013 novembre 2024<\/p>\n<p><strong> <\/strong><\/p>\n<p>Les <strong>documents finaux <\/strong>(en anglais) du projet Ruralplan sont disponibles ici<\/p>\n<p><a href=\"https:\/\/www.espon.eu\/projects\/ruralplan-innovative-planning-shrinking-societies\">RURALPLAN &#8211; Innovative planning in shrinking societies | ESPON<\/a><\/p>\n<p><strong><br class=\"avia-permanent-lb\"><\/strong>Un <strong>bref r\u00e9sum\u00e9<\/strong> du projet est disponible ici :<\/p>\n<p><a href=\"https:\/\/www.euromontana.org\/ruralplan-reconciling-rural-development-with-demographic-decline\/\">RURALPLAN \u2013 Reconciling rural development with demographic decline \u2013 Euromontana<\/a><\/p>\n<p><strong> <br class=\"avia-permanent-lb\"><br class=\"avia-permanent-lb\">Contact<\/strong><\/p>\n<p>Peter Niederer, SAB, <a href=\"peter&#46;ni&#101;&#100;&#101;&#114;&#101;&#114;&#64;&#115;&#97;&#98;&#x2e;&#x63;&#x68;\">&#112;&#101;&#x74;e&#114;&#x2e;&#x6e;i&#101;&#x64;&#x65;r&#101;&#x72;&#x40;s&#97;&#x62;&#x2e;c&#104;<\/a><\/p>\n<\/div><\/section><\/div>\n","protected":false},"excerpt":{"rendered":"","protected":false},"author":4,"featured_media":0,"parent":0,"menu_order":0,"comment_status":"closed","ping_status":"closed","template":"","meta":{"footnotes":""},"class_list":["post-26028","page","type-page","status-publish","hentry"],"yoast_head":"<!-- This site is optimized with the Yoast SEO plugin v27.6 - https:\/\/yoast.com\/product\/yoast-seo-wordpress\/ -->\n<title>RURALPLAN - S A B<\/title>\n<meta name=\"robots\" content=\"index, follow, max-snippet:-1, max-image-preview:large, max-video-preview:-1\" \/>\n<link rel=\"canonical\" href=\"https:\/\/www.sab.ch\/fr\/ruralplan\/\" \/>\n<meta property=\"og:locale\" content=\"fr_FR\" \/>\n<meta property=\"og:type\" content=\"article\" \/>\n<meta property=\"og:title\" content=\"RURALPLAN - S A B\" \/>\n<meta property=\"og:url\" content=\"https:\/\/www.sab.ch\/fr\/ruralplan\/\" \/>\n<meta property=\"og:site_name\" content=\"S A B\" \/>\n<meta property=\"article:modified_time\" content=\"2025-03-04T13:57:46+00:00\" \/>\n<meta name=\"twitter:card\" content=\"summary_large_image\" \/>\n<meta name=\"twitter:label1\" content=\"Dur\u00e9e de lecture estim\u00e9e\" \/>\n\t<meta name=\"twitter:data1\" content=\"4 minutes\" \/>\n<script type=\"application\/ld+json\" class=\"yoast-schema-graph\">{\"@context\":\"https:\\\/\\\/schema.org\",\"@graph\":[{\"@type\":\"WebPage\",\"@id\":\"https:\\\/\\\/www.sab.ch\\\/fr\\\/ruralplan\\\/\",\"url\":\"https:\\\/\\\/www.sab.ch\\\/fr\\\/ruralplan\\\/\",\"name\":\"RURALPLAN - S A B\",\"isPartOf\":{\"@id\":\"https:\\\/\\\/www.sab.ch\\\/fr\\\/#website\"},\"datePublished\":\"2025-03-04T13:57:45+00:00\",\"dateModified\":\"2025-03-04T13:57:46+00:00\",\"breadcrumb\":{\"@id\":\"https:\\\/\\\/www.sab.ch\\\/fr\\\/ruralplan\\\/#breadcrumb\"},\"inLanguage\":\"fr-FR\",\"potentialAction\":[{\"@type\":\"ReadAction\",\"target\":[\"https:\\\/\\\/www.sab.ch\\\/fr\\\/ruralplan\\\/\"]}]},{\"@type\":\"BreadcrumbList\",\"@id\":\"https:\\\/\\\/www.sab.ch\\\/fr\\\/ruralplan\\\/#breadcrumb\",\"itemListElement\":[{\"@type\":\"ListItem\",\"position\":1,\"name\":\"Startseite\",\"item\":\"https:\\\/\\\/www.sab.ch\\\/fr\\\/home\\\/\"},{\"@type\":\"ListItem\",\"position\":2,\"name\":\"RURALPLAN\"}]},{\"@type\":\"WebSite\",\"@id\":\"https:\\\/\\\/www.sab.ch\\\/fr\\\/#website\",\"url\":\"https:\\\/\\\/www.sab.ch\\\/fr\\\/\",\"name\":\"S A B\",\"description\":\"\",\"potentialAction\":[{\"@type\":\"SearchAction\",\"target\":{\"@type\":\"EntryPoint\",\"urlTemplate\":\"https:\\\/\\\/www.sab.ch\\\/fr\\\/?s={search_term_string}\"},\"query-input\":{\"@type\":\"PropertyValueSpecification\",\"valueRequired\":true,\"valueName\":\"search_term_string\"}}],\"inLanguage\":\"fr-FR\"}]}<\/script>\n<!-- \/ Yoast SEO plugin. -->","yoast_head_json":{"title":"RURALPLAN - S A B","robots":{"index":"index","follow":"follow","max-snippet":"max-snippet:-1","max-image-preview":"max-image-preview:large","max-video-preview":"max-video-preview:-1"},"canonical":"https:\/\/www.sab.ch\/fr\/ruralplan\/","og_locale":"fr_FR","og_type":"article","og_title":"RURALPLAN - S A B","og_url":"https:\/\/www.sab.ch\/fr\/ruralplan\/","og_site_name":"S A B","article_modified_time":"2025-03-04T13:57:46+00:00","twitter_card":"summary_large_image","twitter_misc":{"Dur\u00e9e de lecture estim\u00e9e":"4 minutes"},"schema":{"@context":"https:\/\/schema.org","@graph":[{"@type":"WebPage","@id":"https:\/\/www.sab.ch\/fr\/ruralplan\/","url":"https:\/\/www.sab.ch\/fr\/ruralplan\/","name":"RURALPLAN - S A B","isPartOf":{"@id":"https:\/\/www.sab.ch\/fr\/#website"},"datePublished":"2025-03-04T13:57:45+00:00","dateModified":"2025-03-04T13:57:46+00:00","breadcrumb":{"@id":"https:\/\/www.sab.ch\/fr\/ruralplan\/#breadcrumb"},"inLanguage":"fr-FR","potentialAction":[{"@type":"ReadAction","target":["https:\/\/www.sab.ch\/fr\/ruralplan\/"]}]},{"@type":"BreadcrumbList","@id":"https:\/\/www.sab.ch\/fr\/ruralplan\/#breadcrumb","itemListElement":[{"@type":"ListItem","position":1,"name":"Startseite","item":"https:\/\/www.sab.ch\/fr\/home\/"},{"@type":"ListItem","position":2,"name":"RURALPLAN"}]},{"@type":"WebSite","@id":"https:\/\/www.sab.ch\/fr\/#website","url":"https:\/\/www.sab.ch\/fr\/","name":"S A B","description":"","potentialAction":[{"@type":"SearchAction","target":{"@type":"EntryPoint","urlTemplate":"https:\/\/www.sab.ch\/fr\/?s={search_term_string}"},"query-input":{"@type":"PropertyValueSpecification","valueRequired":true,"valueName":"search_term_string"}}],"inLanguage":"fr-FR"}]}},"_links":{"self":[{"href":"https:\/\/www.sab.ch\/fr\/wp-json\/wp\/v2\/pages\/26028","targetHints":{"allow":["GET"]}}],"collection":[{"href":"https:\/\/www.sab.ch\/fr\/wp-json\/wp\/v2\/pages"}],"about":[{"href":"https:\/\/www.sab.ch\/fr\/wp-json\/wp\/v2\/types\/page"}],"author":[{"embeddable":true,"href":"https:\/\/www.sab.ch\/fr\/wp-json\/wp\/v2\/users\/4"}],"replies":[{"embeddable":true,"href":"https:\/\/www.sab.ch\/fr\/wp-json\/wp\/v2\/comments?post=26028"}],"version-history":[{"count":2,"href":"https:\/\/www.sab.ch\/fr\/wp-json\/wp\/v2\/pages\/26028\/revisions"}],"predecessor-version":[{"id":26030,"href":"https:\/\/www.sab.ch\/fr\/wp-json\/wp\/v2\/pages\/26028\/revisions\/26030"}],"wp:attachment":[{"href":"https:\/\/www.sab.ch\/fr\/wp-json\/wp\/v2\/media?parent=26028"}],"curies":[{"name":"wp","href":"https:\/\/api.w.org\/{rel}","templated":true}]}}