{"id":28368,"date":"2025-08-21T10:39:49","date_gmt":"2025-08-21T08:39:49","guid":{"rendered":"https:\/\/www.sab.ch\/?page_id=28368"},"modified":"2025-08-21T10:39:50","modified_gmt":"2025-08-21T08:39:50","slug":"28368-2","status":"publish","type":"page","link":"https:\/\/www.sab.ch\/fr\/28368-2\/","title":{"rendered":"NFP81-Projekt"},"content":{"rendered":"<div  class='flex_column av-av_two_third-a2cef933b0a555f25d1e39b22a8e9dae av_two_third  avia-builder-el-0  avia-builder-el-no-sibling  first flex_column_div  '     ><section  class='av_textblock_section av-mel5hgp0-92a0d8a3745b368c0cdb3e607679136d '   itemscope=\"itemscope\" itemtype=\"https:\/\/schema.org\/CreativeWork\" ><div class='avia_textblock'  itemprop=\"text\" ><h2 class=\"block-title__title\">Baukultur im l\u00e4ndlichen Raum: Grundversorgung gemeinsam entwickeln<\/h2>\n<section class=\"block-title undefined undefined\">\n<div class=\"grid-margin\">\n<div class=\"cell small-12\">\n<div class=\"block-title__lead\">\n<p><strong> <br class=\"avia-permanent-lb\" \/>Das Projekt verbindet Baukultur mit der Grundversorgung in den l\u00e4ndlichen R\u00e4umen, um \u00f6ffentliche Dienstleistungen zu sichern und historisch wertvolle Geb\u00e4ude durch gemeinsame Strategien langfristig nutzbar zu machen.<\/strong><\/p>\n<\/div>\n<\/div>\n<\/div>\n<\/section>\n<section class=\"block-text\">\n<div class=\"grid-margin\">\n<div class=\"cell small-12 block-text__bg bg-none\">\n<div class=\"rich-text\">\n<h3><br class=\"avia-permanent-lb\" \/>Projektbeschrieb<\/h3>\n<p>Das Projekt m\u00f6chte innovative L\u00f6sungen entwickeln, wie historisch und kulturell bedeutende Bauten k\u00fcnftig genutzt werden k\u00f6nnen, um grundlegende \u00f6ffentliche Dienstleistungen wie Post, Arztpraxis und Lebensmittelgesch\u00e4ft langfristig zu sichern. Mit Hilfe von Co-Kreations-Prozessen in exemplarischen Gemeinden werden tragf\u00e4hige Strategien der Transformation gemeinsam mit Politik, Verwaltung, Wirtschaft und Bev\u00f6lkerung entwickelt. So sollen attraktive und funktionale Dorfkerne erhalten bleiben und gleichzeitig soziale und \u00f6kologische Herausforderungen bew\u00e4ltigt werden.<\/p>\n<p>Das Projekt ist angesichts des dynamischen Prozesses der Umstrukturierung der Grundversorgung und der Umgestaltung der physischen Erscheinung l\u00e4ndlicher Gemeinden zeitgem\u00e4ss und notwendig, um das Verst\u00e4ndnis der Baukultur und ihrer Anwendung in der Praxis zu erweitern.<\/p>\n<\/div>\n<\/div>\n<\/div>\n<\/section>\n<section class=\"block-text\">\n<div class=\"grid-margin\">\n<div class=\"cell small-12 block-text__bg bg-none\">\n<div class=\"rich-text\">\n<h4><br class=\"avia-permanent-lb\" \/>Projektumsetzung<\/h4>\n<p>In einer Wanderausstellung werden vorbildhafte Beispielen und Forschungsergebnisse aufbereitet. Die Ausstellung dient als Input f\u00fcr drei lokale Co-Kreationsprozesse. Die Ergebnisse des Projekts werden zu politischen Handlungsempfehlungen f\u00fcr eine bessere Integration von Baukultur und Grundversorgung in l\u00e4ndlichen R\u00e4umen. Zudem wird ein Netzwerk von Praktiker:innen aufgebaut, um den Austausch und die Umsetzung der Erkenntnisse zu f\u00f6rdern.<\/p>\n<p><br class=\"avia-permanent-lb\" \/><a href=\"https:\/\/www.nfp81.ch\/de\/qPl1YNiSpiHvjzjY\/projekt\/baukultur-im-laendlichen-raum-grundversorgung-gemeinsam-entwickeln\">Weitere Infos<\/a><\/p>\n<\/div>\n<\/div>\n<\/div>\n<\/section>\n<\/div><\/section><\/div>\n","protected":false},"excerpt":{"rendered":"","protected":false},"author":4,"featured_media":0,"parent":0,"menu_order":0,"comment_status":"closed","ping_status":"closed","template":"","meta":{"footnotes":""},"class_list":["post-28368","page","type-page","status-publish","hentry"],"yoast_head":"<!-- This site is optimized with the Yoast SEO plugin v27.5 - https:\/\/yoast.com\/product\/yoast-seo-wordpress\/ -->\n<title>NFP81-Projekt - S A B<\/title>\n<meta name=\"robots\" content=\"index, follow, max-snippet:-1, max-image-preview:large, max-video-preview:-1\" \/>\n<link rel=\"canonical\" href=\"https:\/\/www.sab.ch\/fr\/28368-2\/\" \/>\n<meta property=\"og:locale\" content=\"fr_FR\" \/>\n<meta property=\"og:type\" content=\"article\" \/>\n<meta property=\"og:title\" content=\"NFP81-Projekt - S A B\" \/>\n<meta property=\"og:url\" content=\"https:\/\/www.sab.ch\/fr\/28368-2\/\" \/>\n<meta property=\"og:site_name\" content=\"S A B\" \/>\n<meta property=\"article:modified_time\" content=\"2025-08-21T08:39:50+00:00\" \/>\n<meta name=\"twitter:card\" content=\"summary_large_image\" \/>\n<meta name=\"twitter:label1\" content=\"Dur\u00e9e de lecture estim\u00e9e\" \/>\n\t<meta name=\"twitter:data1\" content=\"2 minutes\" \/>\n<script type=\"application\/ld+json\" class=\"yoast-schema-graph\">{\"@context\":\"https:\\\/\\\/schema.org\",\"@graph\":[{\"@type\":\"WebPage\",\"@id\":\"https:\\\/\\\/www.sab.ch\\\/fr\\\/28368-2\\\/\",\"url\":\"https:\\\/\\\/www.sab.ch\\\/fr\\\/28368-2\\\/\",\"name\":\"NFP81-Projekt - S A B\",\"isPartOf\":{\"@id\":\"https:\\\/\\\/www.sab.ch\\\/fr\\\/#website\"},\"datePublished\":\"2025-08-21T08:39:49+00:00\",\"dateModified\":\"2025-08-21T08:39:50+00:00\",\"breadcrumb\":{\"@id\":\"https:\\\/\\\/www.sab.ch\\\/fr\\\/28368-2\\\/#breadcrumb\"},\"inLanguage\":\"fr-FR\",\"potentialAction\":[{\"@type\":\"ReadAction\",\"target\":[\"https:\\\/\\\/www.sab.ch\\\/fr\\\/28368-2\\\/\"]}]},{\"@type\":\"BreadcrumbList\",\"@id\":\"https:\\\/\\\/www.sab.ch\\\/fr\\\/28368-2\\\/#breadcrumb\",\"itemListElement\":[{\"@type\":\"ListItem\",\"position\":1,\"name\":\"Startseite\",\"item\":\"https:\\\/\\\/www.sab.ch\\\/fr\\\/home\\\/\"},{\"@type\":\"ListItem\",\"position\":2,\"name\":\"NFP81-Projekt\"}]},{\"@type\":\"WebSite\",\"@id\":\"https:\\\/\\\/www.sab.ch\\\/fr\\\/#website\",\"url\":\"https:\\\/\\\/www.sab.ch\\\/fr\\\/\",\"name\":\"S A B\",\"description\":\"\",\"potentialAction\":[{\"@type\":\"SearchAction\",\"target\":{\"@type\":\"EntryPoint\",\"urlTemplate\":\"https:\\\/\\\/www.sab.ch\\\/fr\\\/?s={search_term_string}\"},\"query-input\":{\"@type\":\"PropertyValueSpecification\",\"valueRequired\":true,\"valueName\":\"search_term_string\"}}],\"inLanguage\":\"fr-FR\"}]}<\/script>\n<!-- \/ Yoast SEO plugin. -->","yoast_head_json":{"title":"NFP81-Projekt - S A B","robots":{"index":"index","follow":"follow","max-snippet":"max-snippet:-1","max-image-preview":"max-image-preview:large","max-video-preview":"max-video-preview:-1"},"canonical":"https:\/\/www.sab.ch\/fr\/28368-2\/","og_locale":"fr_FR","og_type":"article","og_title":"NFP81-Projekt - S A B","og_url":"https:\/\/www.sab.ch\/fr\/28368-2\/","og_site_name":"S A B","article_modified_time":"2025-08-21T08:39:50+00:00","twitter_card":"summary_large_image","twitter_misc":{"Dur\u00e9e de lecture estim\u00e9e":"2 minutes"},"schema":{"@context":"https:\/\/schema.org","@graph":[{"@type":"WebPage","@id":"https:\/\/www.sab.ch\/fr\/28368-2\/","url":"https:\/\/www.sab.ch\/fr\/28368-2\/","name":"NFP81-Projekt - S A B","isPartOf":{"@id":"https:\/\/www.sab.ch\/fr\/#website"},"datePublished":"2025-08-21T08:39:49+00:00","dateModified":"2025-08-21T08:39:50+00:00","breadcrumb":{"@id":"https:\/\/www.sab.ch\/fr\/28368-2\/#breadcrumb"},"inLanguage":"fr-FR","potentialAction":[{"@type":"ReadAction","target":["https:\/\/www.sab.ch\/fr\/28368-2\/"]}]},{"@type":"BreadcrumbList","@id":"https:\/\/www.sab.ch\/fr\/28368-2\/#breadcrumb","itemListElement":[{"@type":"ListItem","position":1,"name":"Startseite","item":"https:\/\/www.sab.ch\/fr\/home\/"},{"@type":"ListItem","position":2,"name":"NFP81-Projekt"}]},{"@type":"WebSite","@id":"https:\/\/www.sab.ch\/fr\/#website","url":"https:\/\/www.sab.ch\/fr\/","name":"S A B","description":"","potentialAction":[{"@type":"SearchAction","target":{"@type":"EntryPoint","urlTemplate":"https:\/\/www.sab.ch\/fr\/?s={search_term_string}"},"query-input":{"@type":"PropertyValueSpecification","valueRequired":true,"valueName":"search_term_string"}}],"inLanguage":"fr-FR"}]}},"_links":{"self":[{"href":"https:\/\/www.sab.ch\/fr\/wp-json\/wp\/v2\/pages\/28368","targetHints":{"allow":["GET"]}}],"collection":[{"href":"https:\/\/www.sab.ch\/fr\/wp-json\/wp\/v2\/pages"}],"about":[{"href":"https:\/\/www.sab.ch\/fr\/wp-json\/wp\/v2\/types\/page"}],"author":[{"embeddable":true,"href":"https:\/\/www.sab.ch\/fr\/wp-json\/wp\/v2\/users\/4"}],"replies":[{"embeddable":true,"href":"https:\/\/www.sab.ch\/fr\/wp-json\/wp\/v2\/comments?post=28368"}],"version-history":[{"count":2,"href":"https:\/\/www.sab.ch\/fr\/wp-json\/wp\/v2\/pages\/28368\/revisions"}],"predecessor-version":[{"id":28370,"href":"https:\/\/www.sab.ch\/fr\/wp-json\/wp\/v2\/pages\/28368\/revisions\/28370"}],"wp:attachment":[{"href":"https:\/\/www.sab.ch\/fr\/wp-json\/wp\/v2\/media?parent=28368"}],"curies":[{"name":"wp","href":"https:\/\/api.w.org\/{rel}","templated":true}]}}