{"id":28375,"date":"2025-08-21T10:56:31","date_gmt":"2025-08-21T08:56:31","guid":{"rendered":"https:\/\/www.sab.ch\/projet-nfp81\/"},"modified":"2025-08-21T10:57:44","modified_gmt":"2025-08-21T08:57:44","slug":"projet-nfp81","status":"publish","type":"page","link":"https:\/\/www.sab.ch\/fr\/projet-nfp81\/","title":{"rendered":"Projet NFP81"},"content":{"rendered":"<div  class='flex_column av-kqur4j-7ff1f513558c932c7c832e9eb2a8bb47 av_two_third  avia-builder-el-0  avia-builder-el-no-sibling  first flex_column_div  '     ><section  class='av_textblock_section av-mel5vpi7-fefa71d62dac78ce042864fceeb4b330 '   itemscope=\"itemscope\" itemtype=\"https:\/\/schema.org\/CreativeWork\" ><div class='avia_textblock'  itemprop=\"text\" ><h2 class=\"block-title__title\">La culture du b\u00e2ti dans l\u2019espace rural : d\u00e9velopper ensemble les services de base<\/h2>\n<section class=\"block-title undefined undefined\">\n<div class=\"grid-margin\">\n<div class=\"cell small-12\">\n<div class=\"block-title__lead\">\n<p><strong> <br class=\"avia-permanent-lb\" \/>Le projet cr\u00e9e un trait d\u2019union entre la culture du b\u00e2ti et les services de base dans les zones rurales afin de garantir la fourniture des services publics et de p\u00e9renniser l\u2019exploitation des b\u00e2timents d\u2019int\u00e9r\u00eat historique par le biais de strat\u00e9gies communes.<\/strong><\/p>\n<\/div>\n<\/div>\n<\/div>\n<\/section>\n<section class=\"block-text\">\n<div class=\"grid-margin\">\n<div class=\"cell small-12 block-text__bg bg-none\">\n<div class=\"rich-text\">\n<h3><br class=\"avia-permanent-lb\" \/>Description du projet<\/h3>\n<p>Le projet entend d\u00e9velopper des solutions innovantes pour les usages futurs de b\u00e2timents d\u2019int\u00e9r\u00eat historique et culturel afin de p\u00e9renniser la fourniture des services publics de base tels que la poste, les cabinets m\u00e9dicaux et les magasins d\u2019alimentation. \u00c0 l\u2019aide de processus de co-cr\u00e9ation mis en place dans des communes mod\u00e8les, des strat\u00e9gies de transformation viables sont d\u00e9velopp\u00e9es en coop\u00e9ration avec le monde politique, l\u2019administration, le secteur \u00e9conomique et la population locale. L\u2019objectif de la d\u00e9marche est de pr\u00e9server les c\u0153urs de villages attrayants et fonctionnels, tout en surmontant les d\u00e9fis sociaux et \u00e9cologiques.<\/p>\n<p>Eu \u00e9gard au processus dynamique de la restructuration des services de base et de la transformation de la physionomie des communes rurales, le projet r\u00e9pond aux enjeux de notre \u00e9poque et est n\u00e9cessaire pour \u00e9largir la compr\u00e9hension de la culture du b\u00e2ti et de son application dans la pratique.<\/p>\n<\/div>\n<\/div>\n<\/div>\n<\/section>\n<section class=\"block-text\">\n<div class=\"grid-margin\">\n<div class=\"cell small-12 block-text__bg bg-none\">\n<div class=\"rich-text\">\n<h4><br class=\"avia-permanent-lb\" \/>Mise en \u0153uvre du projet<\/h4>\n<p>Des exemples et des r\u00e9sultats de recherche exemplaires sont pr\u00e9sent\u00e9s dans le cadre d\u2019une exposition itin\u00e9rante. Cette derni\u00e8re sert d\u2019impulsion pour trois processus de co-cr\u00e9ation locaux. Les r\u00e9sultats du projet deviennent des recommandations d\u2019actions politiques pour une meilleure int\u00e9gration de la culture du b\u00e2ti et des services de base en milieu rural. Un r\u00e9seau de praticien\u00b7ne\u00b7s est par ailleurs mis en place dans l\u2019optique de promouvoir les \u00e9changes et la transposition des enseignements tir\u00e9s.<\/p>\n<p><br class=\"avia-permanent-lb\" \/><a href=\"https:\/\/www.nfp81.ch\/fr\/qPl1YNiSpiHvjzjY\/projet\/la-culture-du-bati-dans-lespace-rural-developper-ensemble-les-services-de-base\">Informations compl\u00e9mentaires:<\/a><\/p>\n<\/div>\n<\/div>\n<\/div>\n<\/section>\n<\/div><\/section><\/div>\n","protected":false},"excerpt":{"rendered":"","protected":false},"author":4,"featured_media":0,"parent":0,"menu_order":0,"comment_status":"closed","ping_status":"closed","template":"","meta":{"footnotes":""},"class_list":["post-28375","page","type-page","status-publish","hentry"],"yoast_head":"<!-- This site is optimized with the Yoast SEO plugin v27.3 - https:\/\/yoast.com\/product\/yoast-seo-wordpress\/ -->\n<title>Projet NFP81 - S A B<\/title>\n<meta name=\"robots\" content=\"index, follow, max-snippet:-1, max-image-preview:large, max-video-preview:-1\" \/>\n<link rel=\"canonical\" href=\"https:\/\/www.sab.ch\/fr\/projet-nfp81\/\" \/>\n<meta property=\"og:locale\" content=\"fr_FR\" \/>\n<meta property=\"og:type\" content=\"article\" \/>\n<meta property=\"og:title\" content=\"Projet NFP81 - S A B\" \/>\n<meta property=\"og:url\" content=\"https:\/\/www.sab.ch\/fr\/projet-nfp81\/\" \/>\n<meta property=\"og:site_name\" content=\"S A B\" \/>\n<meta property=\"article:modified_time\" content=\"2025-08-21T08:57:44+00:00\" \/>\n<meta name=\"twitter:card\" content=\"summary_large_image\" \/>\n<meta name=\"twitter:label1\" content=\"Dur\u00e9e de lecture estim\u00e9e\" \/>\n\t<meta name=\"twitter:data1\" content=\"2 minutes\" \/>\n<script type=\"application\/ld+json\" class=\"yoast-schema-graph\">{\"@context\":\"https:\\\/\\\/schema.org\",\"@graph\":[{\"@type\":\"WebPage\",\"@id\":\"https:\\\/\\\/www.sab.ch\\\/fr\\\/projet-nfp81\\\/\",\"url\":\"https:\\\/\\\/www.sab.ch\\\/fr\\\/projet-nfp81\\\/\",\"name\":\"Projet NFP81 - S A B\",\"isPartOf\":{\"@id\":\"https:\\\/\\\/www.sab.ch\\\/fr\\\/#website\"},\"datePublished\":\"2025-08-21T08:56:31+00:00\",\"dateModified\":\"2025-08-21T08:57:44+00:00\",\"breadcrumb\":{\"@id\":\"https:\\\/\\\/www.sab.ch\\\/fr\\\/projet-nfp81\\\/#breadcrumb\"},\"inLanguage\":\"fr-FR\",\"potentialAction\":[{\"@type\":\"ReadAction\",\"target\":[\"https:\\\/\\\/www.sab.ch\\\/fr\\\/projet-nfp81\\\/\"]}]},{\"@type\":\"BreadcrumbList\",\"@id\":\"https:\\\/\\\/www.sab.ch\\\/fr\\\/projet-nfp81\\\/#breadcrumb\",\"itemListElement\":[{\"@type\":\"ListItem\",\"position\":1,\"name\":\"Startseite\",\"item\":\"https:\\\/\\\/www.sab.ch\\\/fr\\\/home\\\/\"},{\"@type\":\"ListItem\",\"position\":2,\"name\":\"Projet NFP81\"}]},{\"@type\":\"WebSite\",\"@id\":\"https:\\\/\\\/www.sab.ch\\\/fr\\\/#website\",\"url\":\"https:\\\/\\\/www.sab.ch\\\/fr\\\/\",\"name\":\"S A B\",\"description\":\"\",\"potentialAction\":[{\"@type\":\"SearchAction\",\"target\":{\"@type\":\"EntryPoint\",\"urlTemplate\":\"https:\\\/\\\/www.sab.ch\\\/fr\\\/?s={search_term_string}\"},\"query-input\":{\"@type\":\"PropertyValueSpecification\",\"valueRequired\":true,\"valueName\":\"search_term_string\"}}],\"inLanguage\":\"fr-FR\"}]}<\/script>\n<!-- \/ Yoast SEO plugin. -->","yoast_head_json":{"title":"Projet NFP81 - S A B","robots":{"index":"index","follow":"follow","max-snippet":"max-snippet:-1","max-image-preview":"max-image-preview:large","max-video-preview":"max-video-preview:-1"},"canonical":"https:\/\/www.sab.ch\/fr\/projet-nfp81\/","og_locale":"fr_FR","og_type":"article","og_title":"Projet NFP81 - S A B","og_url":"https:\/\/www.sab.ch\/fr\/projet-nfp81\/","og_site_name":"S A B","article_modified_time":"2025-08-21T08:57:44+00:00","twitter_card":"summary_large_image","twitter_misc":{"Dur\u00e9e de lecture estim\u00e9e":"2 minutes"},"schema":{"@context":"https:\/\/schema.org","@graph":[{"@type":"WebPage","@id":"https:\/\/www.sab.ch\/fr\/projet-nfp81\/","url":"https:\/\/www.sab.ch\/fr\/projet-nfp81\/","name":"Projet NFP81 - S A B","isPartOf":{"@id":"https:\/\/www.sab.ch\/fr\/#website"},"datePublished":"2025-08-21T08:56:31+00:00","dateModified":"2025-08-21T08:57:44+00:00","breadcrumb":{"@id":"https:\/\/www.sab.ch\/fr\/projet-nfp81\/#breadcrumb"},"inLanguage":"fr-FR","potentialAction":[{"@type":"ReadAction","target":["https:\/\/www.sab.ch\/fr\/projet-nfp81\/"]}]},{"@type":"BreadcrumbList","@id":"https:\/\/www.sab.ch\/fr\/projet-nfp81\/#breadcrumb","itemListElement":[{"@type":"ListItem","position":1,"name":"Startseite","item":"https:\/\/www.sab.ch\/fr\/home\/"},{"@type":"ListItem","position":2,"name":"Projet NFP81"}]},{"@type":"WebSite","@id":"https:\/\/www.sab.ch\/fr\/#website","url":"https:\/\/www.sab.ch\/fr\/","name":"S A B","description":"","potentialAction":[{"@type":"SearchAction","target":{"@type":"EntryPoint","urlTemplate":"https:\/\/www.sab.ch\/fr\/?s={search_term_string}"},"query-input":{"@type":"PropertyValueSpecification","valueRequired":true,"valueName":"search_term_string"}}],"inLanguage":"fr-FR"}]}},"_links":{"self":[{"href":"https:\/\/www.sab.ch\/fr\/wp-json\/wp\/v2\/pages\/28375","targetHints":{"allow":["GET"]}}],"collection":[{"href":"https:\/\/www.sab.ch\/fr\/wp-json\/wp\/v2\/pages"}],"about":[{"href":"https:\/\/www.sab.ch\/fr\/wp-json\/wp\/v2\/types\/page"}],"author":[{"embeddable":true,"href":"https:\/\/www.sab.ch\/fr\/wp-json\/wp\/v2\/users\/4"}],"replies":[{"embeddable":true,"href":"https:\/\/www.sab.ch\/fr\/wp-json\/wp\/v2\/comments?post=28375"}],"version-history":[{"count":4,"href":"https:\/\/www.sab.ch\/fr\/wp-json\/wp\/v2\/pages\/28375\/revisions"}],"predecessor-version":[{"id":28379,"href":"https:\/\/www.sab.ch\/fr\/wp-json\/wp\/v2\/pages\/28375\/revisions\/28379"}],"wp:attachment":[{"href":"https:\/\/www.sab.ch\/fr\/wp-json\/wp\/v2\/media?parent=28375"}],"curies":[{"name":"wp","href":"https:\/\/api.w.org\/{rel}","templated":true}]}}