{"id":7570,"date":"2022-11-18T15:24:08","date_gmt":"2022-11-18T14:24:08","guid":{"rendered":"https:\/\/neu.sab.ch\/news-und-mitteilungen\/"},"modified":"2023-02-02T13:31:14","modified_gmt":"2023-02-02T12:31:14","slug":"news-und-mitteilungen","status":"publish","type":"page","link":"https:\/\/www.sab.ch\/fr\/departement-technique-de-sab-volontaires-montagne\/news-und-mitteilungen\/","title":{"rendered":"News et communications"},"content":{"rendered":"<div id='av_section_1'  class='avia-section av-kbufzd3s-dd428f854b73db9c732bdb3b761e163e main_color avia-section-default avia-shadow  avia-builder-el-0  el_before_av_section  avia-builder-el-first  avia-bg-style-scroll container_wrap fullsize'  ><div class='container av-section-cont-open' ><main  role=\"main\" itemprop=\"mainContentOfPage\"  class='template-page content  av-content-full alpha units'><div class='post-entry post-entry-type-page post-entry-7570'><div class='entry-content-wrapper clearfix'>\n\n<style type=\"text\/css\" data-created_by=\"avia_inline_auto\" id=\"style-css-av-38q1-59d4a1d61c1719c885de0a85685ce4ed\">\n.flex_column.av-38q1-59d4a1d61c1719c885de0a85685ce4ed{\nborder-radius:0px 0px 0px 0px;\npadding:0px 0px 0px 0px;\n}\n<\/style>\n<div  class='flex_column av-38q1-59d4a1d61c1719c885de0a85685ce4ed av_two_third  avia-builder-el-1  el_before_av_one_third  avia-builder-el-first  first flex_column_div av-zero-column-padding  '     ><section  class='av_textblock_section av-jxk41cbl-de8745f204dcd65c5170bef159d7e21a '   itemscope=\"itemscope\" itemtype=\"https:\/\/schema.org\/CreativeWork\" ><div class='avia_textblock'  itemprop=\"text\" ><h2><strong>News <\/strong><\/h2>\n<p><strong>Inscrivez-vous d\u00e8s maintenant ! Cours \u00ab\u00a0<a href=\"https:\/\/www.sab.ch\/wp-content\/uploads\/2023\/01\/Kurs-Fit-fuer-die-Personalgewinnung-Ausschreibung.pdf\" target=\"_blank\" rel=\"noopener\"><em>En forme pour le recrutemen<\/em><\/a>t\u00a0\u00bb du 2 mars 2023 \u00e0 Brugg !<\/strong><\/p>\n<\/div><\/section><\/div><div  class='flex_column av-kp38f-b843ed7927396d225adae4bebb1eb761 av_one_third  avia-builder-el-3  el_after_av_two_third  avia-builder-el-last  flex_column_div  '     ><style type=\"text\/css\" data-created_by=\"avia_inline_auto\" id=\"style-css-av-3qf3hr-69b5f4df158adf6490d12db382c5c913\">\n.avia-image-container.av-3qf3hr-69b5f4df158adf6490d12db382c5c913 img.avia_image{\nbox-shadow:none;\n}\n.avia-image-container.av-3qf3hr-69b5f4df158adf6490d12db382c5c913 .av-image-caption-overlay-center{\ncolor:#ffffff;\n}\n<\/style>\n<div  class='avia-image-container av-3qf3hr-69b5f4df158adf6490d12db382c5c913 av-styling- avia-align-center  avia-builder-el-4  avia-builder-el-no-sibling '   itemprop=\"image\" itemscope=\"itemscope\" itemtype=\"https:\/\/schema.org\/ImageObject\" ><div class=\"avia-image-container-inner\"><div class=\"avia-image-overlay-wrap\"><img decoding=\"async\" fetchpriority=\"high\" class='wp-image-4532 avia-img-lazy-loading-not-4532 avia_image ' src=\"https:\/\/www.sab.ch\/wp-content\/uploads\/2022\/11\/csm_Bild_NEWS_51fe1473fc-1.jpg\" alt='' title='csm_Bild_NEWS_51fe1473fc'  height=\"164\" width=\"300\"  itemprop=\"thumbnailUrl\"  \/><\/div><\/div><\/div><\/div><\/div><\/div><\/main><!-- close content main element --><\/div><\/div><div id='av_section_2'  class='avia-section av-nmbtb-25665a40eeaa89e88268d3b28777a25a main_color avia-section-default avia-shadow  avia-builder-el-5  el_after_av_section  el_before_av_section  avia-bg-style-scroll container_wrap fullsize'  ><div class='container av-section-cont-open' ><div class='template-page content  av-content-full alpha units'><div class='post-entry post-entry-type-page post-entry-7570'><div class='entry-content-wrapper clearfix'>\n\n<style type=\"text\/css\" data-created_by=\"avia_inline_auto\" id=\"style-css-av-gtrsv-7e574f5318359bf439b88ccfab4c8441\">\n.flex_column.av-gtrsv-7e574f5318359bf439b88ccfab4c8441{\nborder-radius:0px 0px 0px 0px;\npadding:0px 0px 0px 0px;\n}\n<\/style>\n<div  class='flex_column av-gtrsv-7e574f5318359bf439b88ccfab4c8441 av_two_third  avia-builder-el-6  avia-builder-el-no-sibling  first flex_column_div av-zero-column-padding  '     ><section  class='av_textblock_section av-33r4hr-c81fbe6d4d84cea26ed51d81879a622f '   itemscope=\"itemscope\" itemtype=\"https:\/\/schema.org\/CreativeWork\" ><div class='avia_textblock'  itemprop=\"text\" ><h2>Annonces de cours<\/h2>\n<p><strong><a href=\"https:\/\/www.sab.ch\/wp-content\/uploads\/2023\/01\/Kurs-Fit-fuer-die-Personalgewinnung-Ausschreibung.pdf\" target=\"_blank\" rel=\"noopener\">Cours En forme pour le recrutement <\/a><\/strong><\/p>\n<p>Un sujet d&rsquo;actualit\u00e9 et tr\u00e8s important ! Trouver le bon personnel n&rsquo;est pas toujours facile. C&rsquo;est pourquoi il est tr\u00e8s important de mettre en place un processus de recrutement professionnel. Des conseils importants sont donn\u00e9s, de la description du poste \u00e0 l&rsquo;entretien d&#8217;embauche. Daniel Schenker, eidg. nous accompagnera tout au long de cette journ\u00e9e.<\/p>\n<\/div><\/section><\/div>\n<\/p>\n<\/div><\/div><\/div><!-- close content main div --><\/div><\/div><div id='av_section_3'  class='avia-section av-4tdx1b-17a5d41a7c3ee8caafdc1a3848caa4ba main_color avia-section-default avia-shadow  avia-builder-el-8  el_after_av_section  avia-builder-el-last  avia-bg-style-scroll container_wrap fullsize'  ><div class='container av-section-cont-open' ><div class='template-page content  av-content-full alpha units'><div class='post-entry post-entry-type-page post-entry-7570'><div class='entry-content-wrapper clearfix'>\n\n<style type=\"text\/css\" data-created_by=\"avia_inline_auto\" id=\"style-css-av-2lt4bj-64d67f6e61288d5881c4385fa8c94fd2\">\n.flex_column.av-2lt4bj-64d67f6e61288d5881c4385fa8c94fd2{\nborder-radius:0px 0px 0px 0px;\npadding:0px 0px 0px 0px;\n}\n<\/style>\n<div  class='flex_column av-2lt4bj-64d67f6e61288d5881c4385fa8c94fd2 av_two_third  avia-builder-el-9  avia-builder-el-no-sibling  first flex_column_div av-zero-column-padding  '     ><section  class='av_textblock_section av-lbbxavdy-65e73ef30e9298c14134f009cbd03668 '   itemscope=\"itemscope\" itemtype=\"https:\/\/schema.org\/CreativeWork\" ><div class='avia_textblock'  itemprop=\"text\" ><h2>Nouvelle convention nationale 2023-2025<\/h2>\n<p>Les n\u00e9gociations ont \u00e9t\u00e9 \u00e2pres, mais un accord a tout de m\u00eame pu \u00eatre trouv\u00e9 le 29 novembre 2022. Les conf\u00e9rences professionnelles des syndicats ainsi que l&rsquo;assembl\u00e9e extraordinaire des d\u00e9l\u00e9gu\u00e9s de la SSE ont approuv\u00e9 la CN. La nouvelle CN s&rsquo;applique r\u00e9troactivement \u00e0 partir du 1er janvier 2023 Vous trouverez un r\u00e9capitulatif ici : <a href=\"https:\/\/www.sab.ch\/wp-content\/uploads\/2023\/01\/LMV-2023.pdf\" target=\"_blank\" rel=\"noopener\">CN 2023<\/a><\/p>\n<p>De nombreux d\u00e9tails dans la mise en \u0153uvre ne sont pas encore tout \u00e0 fait discut\u00e9s pour le moment. Nous r\u00e9pondrons volontiers \u00e0 vos questions dans les meilleurs d\u00e9lais. Nous envisageons en outre d&rsquo;organiser une manifestation en ligne sur l&rsquo;application de la nouvelle CN. Nous vous tiendrons au courant.<\/p>\n<\/div><\/section><\/div>\n\n","protected":false},"excerpt":{"rendered":"","protected":false},"author":6,"featured_media":0,"parent":10448,"menu_order":0,"comment_status":"closed","ping_status":"closed","template":"","meta":{"footnotes":""},"class_list":["post-7570","page","type-page","status-publish","hentry"],"yoast_head":"<!-- This site is optimized with the Yoast SEO plugin v27.3 - https:\/\/yoast.com\/product\/yoast-seo-wordpress\/ -->\n<title>News et communications - S A B<\/title>\n<meta name=\"robots\" content=\"index, follow, max-snippet:-1, max-image-preview:large, max-video-preview:-1\" \/>\n<link rel=\"canonical\" href=\"https:\/\/www.sab.ch\/fr\/departement-technique-de-sab-volontaires-montagne\/news-und-mitteilungen\/\" \/>\n<meta property=\"og:locale\" content=\"fr_FR\" \/>\n<meta property=\"og:type\" content=\"article\" \/>\n<meta property=\"og:title\" content=\"News et communications - S A B\" \/>\n<meta property=\"og:url\" content=\"https:\/\/www.sab.ch\/fr\/departement-technique-de-sab-volontaires-montagne\/news-und-mitteilungen\/\" \/>\n<meta property=\"og:site_name\" content=\"S A B\" \/>\n<meta property=\"article:modified_time\" content=\"2023-02-02T12:31:14+00:00\" \/>\n<meta name=\"twitter:card\" content=\"summary_large_image\" \/>\n<meta name=\"twitter:label1\" content=\"Dur\u00e9e de lecture estim\u00e9e\" \/>\n\t<meta name=\"twitter:data1\" content=\"9 minutes\" \/>\n<script type=\"application\/ld+json\" class=\"yoast-schema-graph\">{\"@context\":\"https:\\\/\\\/schema.org\",\"@graph\":[{\"@type\":\"WebPage\",\"@id\":\"https:\\\/\\\/www.sab.ch\\\/fr\\\/departement-technique-de-sab-volontaires-montagne\\\/news-und-mitteilungen\\\/\",\"url\":\"https:\\\/\\\/www.sab.ch\\\/fr\\\/departement-technique-de-sab-volontaires-montagne\\\/news-und-mitteilungen\\\/\",\"name\":\"News et communications - S A B\",\"isPartOf\":{\"@id\":\"https:\\\/\\\/www.sab.ch\\\/fr\\\/#website\"},\"datePublished\":\"2022-11-18T14:24:08+00:00\",\"dateModified\":\"2023-02-02T12:31:14+00:00\",\"breadcrumb\":{\"@id\":\"https:\\\/\\\/www.sab.ch\\\/fr\\\/departement-technique-de-sab-volontaires-montagne\\\/news-und-mitteilungen\\\/#breadcrumb\"},\"inLanguage\":\"fr-FR\",\"potentialAction\":[{\"@type\":\"ReadAction\",\"target\":[\"https:\\\/\\\/www.sab.ch\\\/fr\\\/departement-technique-de-sab-volontaires-montagne\\\/news-und-mitteilungen\\\/\"]}]},{\"@type\":\"BreadcrumbList\",\"@id\":\"https:\\\/\\\/www.sab.ch\\\/fr\\\/departement-technique-de-sab-volontaires-montagne\\\/news-und-mitteilungen\\\/#breadcrumb\",\"itemListElement\":[{\"@type\":\"ListItem\",\"position\":1,\"name\":\"Startseite\",\"item\":\"https:\\\/\\\/www.sab.ch\\\/fr\\\/home\\\/\"},{\"@type\":\"ListItem\",\"position\":2,\"name\":\"D\u00e9partement technique\\\/ volontaires montagne\",\"item\":\"https:\\\/\\\/www.sab.ch\\\/fr\\\/departement-technique-de-sab-volontaires-montagne\\\/\"},{\"@type\":\"ListItem\",\"position\":3,\"name\":\"News et communications\"}]},{\"@type\":\"WebSite\",\"@id\":\"https:\\\/\\\/www.sab.ch\\\/fr\\\/#website\",\"url\":\"https:\\\/\\\/www.sab.ch\\\/fr\\\/\",\"name\":\"S A B\",\"description\":\"\",\"potentialAction\":[{\"@type\":\"SearchAction\",\"target\":{\"@type\":\"EntryPoint\",\"urlTemplate\":\"https:\\\/\\\/www.sab.ch\\\/fr\\\/?s={search_term_string}\"},\"query-input\":{\"@type\":\"PropertyValueSpecification\",\"valueRequired\":true,\"valueName\":\"search_term_string\"}}],\"inLanguage\":\"fr-FR\"}]}<\/script>\n<!-- \/ Yoast SEO plugin. -->","yoast_head_json":{"title":"News et communications - S A B","robots":{"index":"index","follow":"follow","max-snippet":"max-snippet:-1","max-image-preview":"max-image-preview:large","max-video-preview":"max-video-preview:-1"},"canonical":"https:\/\/www.sab.ch\/fr\/departement-technique-de-sab-volontaires-montagne\/news-und-mitteilungen\/","og_locale":"fr_FR","og_type":"article","og_title":"News et communications - S A B","og_url":"https:\/\/www.sab.ch\/fr\/departement-technique-de-sab-volontaires-montagne\/news-und-mitteilungen\/","og_site_name":"S A B","article_modified_time":"2023-02-02T12:31:14+00:00","twitter_card":"summary_large_image","twitter_misc":{"Dur\u00e9e de lecture estim\u00e9e":"9 minutes"},"schema":{"@context":"https:\/\/schema.org","@graph":[{"@type":"WebPage","@id":"https:\/\/www.sab.ch\/fr\/departement-technique-de-sab-volontaires-montagne\/news-und-mitteilungen\/","url":"https:\/\/www.sab.ch\/fr\/departement-technique-de-sab-volontaires-montagne\/news-und-mitteilungen\/","name":"News et communications - S A B","isPartOf":{"@id":"https:\/\/www.sab.ch\/fr\/#website"},"datePublished":"2022-11-18T14:24:08+00:00","dateModified":"2023-02-02T12:31:14+00:00","breadcrumb":{"@id":"https:\/\/www.sab.ch\/fr\/departement-technique-de-sab-volontaires-montagne\/news-und-mitteilungen\/#breadcrumb"},"inLanguage":"fr-FR","potentialAction":[{"@type":"ReadAction","target":["https:\/\/www.sab.ch\/fr\/departement-technique-de-sab-volontaires-montagne\/news-und-mitteilungen\/"]}]},{"@type":"BreadcrumbList","@id":"https:\/\/www.sab.ch\/fr\/departement-technique-de-sab-volontaires-montagne\/news-und-mitteilungen\/#breadcrumb","itemListElement":[{"@type":"ListItem","position":1,"name":"Startseite","item":"https:\/\/www.sab.ch\/fr\/home\/"},{"@type":"ListItem","position":2,"name":"D\u00e9partement technique\/ volontaires montagne","item":"https:\/\/www.sab.ch\/fr\/departement-technique-de-sab-volontaires-montagne\/"},{"@type":"ListItem","position":3,"name":"News et communications"}]},{"@type":"WebSite","@id":"https:\/\/www.sab.ch\/fr\/#website","url":"https:\/\/www.sab.ch\/fr\/","name":"S A B","description":"","potentialAction":[{"@type":"SearchAction","target":{"@type":"EntryPoint","urlTemplate":"https:\/\/www.sab.ch\/fr\/?s={search_term_string}"},"query-input":{"@type":"PropertyValueSpecification","valueRequired":true,"valueName":"search_term_string"}}],"inLanguage":"fr-FR"}]}},"_links":{"self":[{"href":"https:\/\/www.sab.ch\/fr\/wp-json\/wp\/v2\/pages\/7570","targetHints":{"allow":["GET"]}}],"collection":[{"href":"https:\/\/www.sab.ch\/fr\/wp-json\/wp\/v2\/pages"}],"about":[{"href":"https:\/\/www.sab.ch\/fr\/wp-json\/wp\/v2\/types\/page"}],"author":[{"embeddable":true,"href":"https:\/\/www.sab.ch\/fr\/wp-json\/wp\/v2\/users\/6"}],"replies":[{"embeddable":true,"href":"https:\/\/www.sab.ch\/fr\/wp-json\/wp\/v2\/comments?post=7570"}],"version-history":[{"count":4,"href":"https:\/\/www.sab.ch\/fr\/wp-json\/wp\/v2\/pages\/7570\/revisions"}],"predecessor-version":[{"id":12123,"href":"https:\/\/www.sab.ch\/fr\/wp-json\/wp\/v2\/pages\/7570\/revisions\/12123"}],"up":[{"embeddable":true,"href":"https:\/\/www.sab.ch\/fr\/wp-json\/wp\/v2\/pages\/10448"}],"wp:attachment":[{"href":"https:\/\/www.sab.ch\/fr\/wp-json\/wp\/v2\/media?parent=7570"}],"curies":[{"name":"wp","href":"https:\/\/api.w.org\/{rel}","templated":true}]}}