{"id":10459,"date":"2022-12-21T14:35:09","date_gmt":"2022-12-21T13:35:09","guid":{"rendered":"https:\/\/www.sab.ch\/beyondsnow\/"},"modified":"2025-11-20T09:22:43","modified_gmt":"2025-11-20T08:22:43","slug":"beyondsnow","status":"publish","type":"page","link":"https:\/\/www.sab.ch\/it\/beyondsnow\/","title":{"rendered":"Beyondsnow"},"content":{"rendered":"<div id='av_section_1'  class='avia-section av-kbufzd3s-dd428f854b73db9c732bdb3b761e163e main_color avia-section-default avia-shadow  avia-builder-el-0  avia-builder-el-no-sibling  avia-bg-style-scroll container_wrap fullsize'  ><div class='container av-section-cont-open' ><main  role=\"main\" itemprop=\"mainContentOfPage\"  class='template-page content  av-content-full alpha units'><div class='post-entry post-entry-type-page post-entry-10459'><div class='entry-content-wrapper clearfix'>\n\n<style type=\"text\/css\" data-created_by=\"avia_inline_auto\" id=\"style-css-av-38q1-59d4a1d61c1719c885de0a85685ce4ed\">\n.flex_column.av-38q1-59d4a1d61c1719c885de0a85685ce4ed{\nborder-radius:0px 0px 0px 0px;\npadding:0px 0px 0px 0px;\n}\n<\/style>\n<div  class='flex_column av-38q1-59d4a1d61c1719c885de0a85685ce4ed av_two_third  avia-builder-el-1  avia-builder-el-no-sibling  first flex_column_div av-zero-column-padding  '     ><section  class='av_textblock_section av-jxk41cbl-a1fc1525f09076e0644c7e0771550ccd '   itemscope=\"itemscope\" itemtype=\"https:\/\/schema.org\/CreativeWork\" ><div class='avia_textblock'  itemprop=\"text\" ><h1>BeyondSnow<\/h1>\n<p><strong>Progetto Interreg Spazio Alpino<\/strong> <strong>BeyondSnow<\/strong><\/p>\n<p><br class=\"avia-permanent-lb\" \/>L&#8217;obiettivo del progetto Interreg Spazio Alpino &#8220;BeyondSnow&#8221; \u00e8 quello di aiutare le destinazioni turistiche invernali colpite dalla mancanza di neve a causa dei cambiamenti climatici a mantenere o aumentare la loro competitivit\u00e0 grazie a nuovi modi, soluzioni e processi. Le soluzioni sono state sviluppate in nove destinazioni di prova, distribuite in sei Paesi alpini e diverse per dimensioni, livello di sviluppo e grado di difficolt\u00e0. In Svizzera, questa \u00e8 la destinazione turistica Sattel-Hochstuckli nel cantone di Svitto. Il Gruppo svizzero per le regioni di montagna SAB \u00e8 partner di questo progetto alpino insieme ad altre 12 organizzazioni.<\/p>\n<p>Nel pacchetto di lavoro 1, il partenariato del progetto esaminer\u00e0 la connessione tra la mancanza di neve e i possibili effetti sulle destinazioni del turismo invernale e analizzer\u00e0 le destinazioni pilota a questo proposito. Gli scenari climatici e socio-economici futuri, gli indicatori di vulnerabilit\u00e0 e i principali modelli di transizione per le destinazioni turistiche invernali saranno identificati al fine di sviluppare un innovativo Modello di Adattamento alla Resilienza (RAM) per le destinazioni alpine. Sulla base del pacchetto di lavoro 1, le attivit\u00e0 principali del progetto nel pacchetto di lavoro 2 si concentreranno sul coinvolgimento e sul sostegno partecipativo degli stakeholder locali delle destinazioni test, co-progettando futuri scenari di sviluppo alternativi, processi di trasformazione sostenibile e strategie per ciascuna destinazione test e attuando anche le prime azioni pilota su base sperimentale. Il RAM sar\u00e0 trasformato in uno strumento decisionale digitale &#8211; il Resilience Decision-Making Digital Tool (RDMDT) &#8211; che sar\u00e0 liberamente disponibile e accessibile al pubblico. Aiuta le destinazioni turistiche a prendere decisioni in merito al loro orientamento futuro e alla diversificazione delle attivit\u00e0. Il pacchetto di lavoro 3 si concentra sulla formazione continua degli stakeholder presso l&#8217;RDMDT e sull&#8217;elaborazione di misure di comunicazione rivolte a diversi livelli politici e ai cittadini.<\/p>\n<p><strong> <br class=\"avia-permanent-lb\" \/>Dati chiave <\/strong><\/p>\n<ul>\n<li>Periodo del progetto: 1.11.2022 &#8211; 31.10.2025<\/li>\n<li>Programma Interreg Spazio Alpino Cofinanziamento (FESR UE) \u20ac 1.944.472,49, budget totale del progetto \u20ac 2.720.730<\/li>\n<li>Cofinanziamento da parte della Nuova Politica Regionale NPR 65.000 CHF<\/li>\n<li>Ufficio per gli affari economici del Cantone di Svitto CHF 25.000<\/li>\n<\/ul>\n<p><strong> <br class=\"avia-permanent-lb\" \/>Documenti<br class=\"avia-permanent-lb\" \/><\/strong><\/p>\n<p>Documento: <a href=\"https:\/\/www.sab.ch\/wp-content\/uploads\/2025\/11\/BeyondSnowSAB-comp-it.pdf\">Il futuro del turismo invernale nell&#8217;area alpina-Sintesi dei principali risultati del progetto Interreg Spazio Alpino \u00abBeyondSnow\u00bb dal punto di vista del SAB<\/a> <a href=\"https:\/\/www.sab.ch\/wp-content\/uploads\/2025\/11\/251103-SAB-comp-de-1.pdf\">(rapporto<\/a> tradotto con IA)<\/p>\n<p><strong><br class=\"avia-permanent-lb\" \/><br class=\"avia-permanent-lb\" \/>Contatto<\/strong><\/p>\n<p>Thomas Egger, SAB, <a href=\"&#x6d;a&#x69;&#108;t&#x6f;&#58;&#x74;&#x68;o&#x6d;&#97;s&#x2e;&#101;&#x67;&#103;e&#x72;&#64;s&#x61;&#98;&#x2e;&#99;h\">&#x74;&#104;o&#x6d;&#97;s&#x2e;&#101;g&#x67;&#101;r&#x40;&#115;a&#x62;&#46;c&#x68;<\/a><br \/>\nPeter Niederer, SAB, <a href=\"&#109;&#x61;i&#108;&#x74;o&#58;&#x70;e&#116;&#x65;r&#46;&#x6e;i&#101;&#x64;e&#114;&#x65;r&#64;&#x73;a&#98;&#x2e;c&#104;\">&#x70;&#x65;&#116;&#101;r&#x2e;&#x6e;&#x69;&#101;&#100;e&#x72;&#x65;&#x72;&#64;&#115;a&#x62;&#x2e;&#x63;&#104;<\/a><\/p>\n<p>Ulteriori informazioni: <a href=\"https:\/\/www.alpine-space.eu\/project\/beyondsnow\/\">alpine-space.eu<\/a><\/p>\n<\/div><\/section><br \/>\n\n<style type=\"text\/css\" data-created_by=\"avia_inline_auto\" id=\"style-css-av-lvf6rb8u-5616b92eba90ca143addc47f7cac0b0e\">\n#top .hr.hr-invisible.av-lvf6rb8u-5616b92eba90ca143addc47f7cac0b0e{\nheight:20px;\n}\n<\/style>\n<div  class='hr av-lvf6rb8u-5616b92eba90ca143addc47f7cac0b0e hr-invisible  avia-builder-el-3  el_after_av_textblock  el_before_av_image '><span class='hr-inner '><span class=\"hr-inner-style\"><\/span><\/span><\/div><br \/>\n\n<style type=\"text\/css\" data-created_by=\"avia_inline_auto\" id=\"style-css-av-lvf6gv7t-14697d16c20fe4fd953864b0b22c50f8\">\n.avia-image-container.av-lvf6gv7t-14697d16c20fe4fd953864b0b22c50f8 img.avia_image{\nbox-shadow:none;\n}\n.avia-image-container.av-lvf6gv7t-14697d16c20fe4fd953864b0b22c50f8 .av-image-caption-overlay-center{\ncolor:#ffffff;\n}\n<\/style>\n<div  class='avia-image-container av-lvf6gv7t-14697d16c20fe4fd953864b0b22c50f8 av-styling- avia-align-left  avia-builder-el-4  el_after_av_hr  el_before_av_hr '   itemprop=\"image\" itemscope=\"itemscope\" itemtype=\"https:\/\/schema.org\/ImageObject\" ><div class=\"avia-image-container-inner\"><div class=\"avia-image-overlay-wrap\"><img decoding=\"async\" fetchpriority=\"high\" class='wp-image-21565 avia-img-lazy-loading-not-21565 avia_image ' src=\"https:\/\/www.sab.ch\/wp-content\/uploads\/2024\/04\/1891-BeyondSnow_Logo_Landscape_small.png\" alt='' title='1891-BeyondSnow_Logo_Landscape_small'  height=\"128\" width=\"700\"  itemprop=\"thumbnailUrl\"  \/><\/div><\/div><\/div><br \/>\n<div  class='hr av-22xm1n-41e89f0913d7208d51c8a80945349f11 hr-default  avia-builder-el-5  el_after_av_image  el_before_av_textblock '><span class='hr-inner '><span class=\"hr-inner-style\"><\/span><\/span><\/div><br \/>\n<section  class='av_textblock_section av-ldbh12el-4b644a482c3c90a701dd1edc29ed1705 '   itemscope=\"itemscope\" itemtype=\"https:\/\/schema.org\/CreativeWork\" ><div class='avia_textblock'  itemprop=\"text\" ><h3>Ulteriori documenti (la maggior parte in tedesco)<\/h3>\n<\/div><\/section><br \/>\n\n<style type=\"text\/css\" data-created_by=\"avia_inline_auto\" id=\"style-css-av-3isgu3-ee279e490a2fb30ff5d6d84ea98ea440\">\n#top .hr.hr-invisible.av-3isgu3-ee279e490a2fb30ff5d6d84ea98ea440{\nheight:30px;\n}\n<\/style>\n<div  class='hr av-3isgu3-ee279e490a2fb30ff5d6d84ea98ea440 hr-invisible  avia-builder-el-7  el_after_av_textblock  el_before_av_textblock '><span class='hr-inner '><span class=\"hr-inner-style\"><\/span><\/span><\/div><br \/>\n<section  class='av_textblock_section av-m372198t-57c92a775cd9e9c6cb517d61b2e712ad '   itemscope=\"itemscope\" itemtype=\"https:\/\/schema.org\/CreativeWork\" ><div class='avia_textblock'  itemprop=\"text\" ><p><strong>Comunicato stampa relativo alla conferenza del 14 ottobre 2025<\/strong><\/p>\n<p>In che modo il turismo invernale alpino pu\u00f2 garantire la sua sopravvivenza, mentre la neve sta diventando sempre pi\u00f9 scarsa ? Questa domanda \u00e8 stata al centro della conferenza internazionale dal titolo \u00abRipensare il turismo invernale \u2013 siamo gi\u00e0 nel dopo-sci?\u00bb, organizzata dal SAB \u2013 Gruppo svizzero per le regioni di montagna. Dei rappresentanti delle localit\u00e0 di montagna, dei comuni e delle regioni hanno discusso delle strategie per la transizione verso dei modelli turistici resilenti e attraenti, per tutto l\u2019arco dell\u2019anno.  <\/p>\n<p><a href=\"https:\/\/www.sab.ch\/wp-content\/uploads\/2025\/10\/Medienmitteilung-vom-14.10.2025-I.pdf\">Comunicato stampa del 14 ottobre 2025<\/a><\/p>\n<\/div><\/section><br \/>\n\n<style type=\"text\/css\" data-created_by=\"avia_inline_auto\" id=\"style-css-av-5v9vkr-293d1bd278db3989b33aec17e57267fa\">\n#top .hr.hr-invisible.av-5v9vkr-293d1bd278db3989b33aec17e57267fa{\nheight:30px;\n}\n<\/style>\n<div  class='hr av-5v9vkr-293d1bd278db3989b33aec17e57267fa hr-invisible  avia-builder-el-9  el_after_av_textblock  el_before_av_textblock '><span class='hr-inner '><span class=\"hr-inner-style\"><\/span><\/span><\/div><br \/>\n<section  class='av_textblock_section av-mgt8c0aa-283697e4fca35ae5eaac18ee262901ca '   itemscope=\"itemscope\" itemtype=\"https:\/\/schema.org\/CreativeWork\" ><div class='avia_textblock'  itemprop=\"text\" ><p><strong>Conferenza del 14 ottobre 2025<\/strong><\/p>\n<p>Il 14 ottobre 2025 si \u00e8 tenuta a Berna la conferenza internazionale \u00abRipensare il turismo invernale \u2013 siamo gi\u00e0 nell&#8217;apr\u00e8s-ski?\u00bb dedicata al progetto BeyondSnow. Maggiori informazioni sono disponibili nel comunicato stampa. Le presentazioni della conferenza sono disponibili ai seguenti link.<\/p>\n<ol>\n<li><a href=\"https:\/\/www.sab.ch\/wp-content\/uploads\/2025\/10\/2_BeyondSnow-in-Kuerze.pdf\">Il progetto Interreg Spazio Alpino \u201cBeyondSnow\u201d in breve<\/a><\/li>\n<li>Testimonianze da tre aree di prova \u201cBeyondSnow\u201d\n<ul>\n<li><a href=\"https:\/\/www.sab.ch\/wp-content\/uploads\/2025\/10\/3_Sattel-Hochstuckli.pdf\">Area di prova Sattel-Hochstuckli: focus sui principianti dello sci e diversificazione dell&#8217;offerta<br \/>\n(in tedesco)<\/a><\/li>\n<li><a href=\"https:\/\/www.sab.ch\/wp-content\/uploads\/2025\/10\/4_Metabief.pdf\">Area di prova M\u00e9tabief: il cambiamento climatico costringe M\u00e9tabief ad attuare riforme profonde (in francese)<\/a><\/li>\n<li><a href=\"https:\/\/www.sab.ch\/wp-content\/uploads\/2025\/10\/5_Balderschwang.pdf\">Area di prova Balderschwang: programma \u201cL&#8217;inverno a Balderschwang \u00e8 attraente sia con che senza neve\u201d<\/a><\/li>\n<\/ul>\n<\/li>\n<li><a href=\"https:\/\/www.sab.ch\/wp-content\/uploads\/2025\/10\/6_Klimafitte-Destinationen.pdf\">Destinazioni adattate al clima &#8211; Approfondimenti e conclusioni dal progetto &#8220;Innotour&#8221; della regione modello dei Grigioni<\/a><\/li>\n<\/ol>\n<p>Non sono disponibili delle presentazioni relative alla tavola rotonda. La conclusione della conferenza \u00e8 stata oggetto di un <a href=\"https:\/\/www.htr.ch\/story\/tourismus\/transformation-ist-ein-marathon-44063\">articolo pubblicato su htr<\/a> (in tedesco).<\/p>\n<\/div><\/section><br \/>\n\n<style type=\"text\/css\" data-created_by=\"avia_inline_auto\" id=\"style-css-av-4mqniz-a42e8aae20bd238e597d639372b497ae\">\n#top .hr.hr-invisible.av-4mqniz-a42e8aae20bd238e597d639372b497ae{\nheight:30px;\n}\n<\/style>\n<div  class='hr av-4mqniz-a42e8aae20bd238e597d639372b497ae hr-invisible  avia-builder-el-11  el_after_av_textblock  el_before_av_textblock '><span class='hr-inner '><span class=\"hr-inner-style\"><\/span><\/span><\/div><br \/>\n<section  class='av_textblock_section av-1u9ywr-1544d423c951cec1ddfc8d1f141ba080 '   itemscope=\"itemscope\" itemtype=\"https:\/\/schema.org\/CreativeWork\" ><div class='avia_textblock'  itemprop=\"text\" ><p><strong>Artikel montagna 11\/2024<\/strong><\/p>\n<p><a href=\"https:\/\/www.sab.ch\/wp-content\/uploads\/2024\/11\/Artikel.11_24.pdf\">NRP-Interregprojekt \u201eBeyondSnow\u201c<\/a><\/p>\n<\/div><\/section><br \/>\n\n<style type=\"text\/css\" data-created_by=\"avia_inline_auto\" id=\"style-css-av-2s3lsb-bc4aa1c82907191f0a4e9df39134d173\">\n#top .hr.hr-invisible.av-2s3lsb-bc4aa1c82907191f0a4e9df39134d173{\nheight:30px;\n}\n<\/style>\n<div  class='hr av-2s3lsb-bc4aa1c82907191f0a4e9df39134d173 hr-invisible  avia-builder-el-13  el_after_av_textblock  el_before_av_textblock '><span class='hr-inner '><span class=\"hr-inner-style\"><\/span><\/span><\/div><br \/>\n<section  class='av_textblock_section av-ldbgty88-4f658984c137580390ef02c5c8a447ce '   itemscope=\"itemscope\" itemtype=\"https:\/\/schema.org\/CreativeWork\" ><div class='avia_textblock'  itemprop=\"text\" ><p><strong>Comunicato stampa: Sattel e Sattel-Hochstuckli come destinazioni pilota e di prova<\/strong><\/p>\n<p>A causa dei cambiamenti climatici, \u00e8 molto probabile che in futuro il manto nevoso nelle Alpi continuer\u00e0 a diminuire. Oltre agli effetti ecologici, soprattutto le piccole e medie destinazioni turistiche sciistiche e i loro comuni devono tenere conto anche delle conseguenze socioeconomiche del calo del manto nevoso. La destinazione Sattel-Hochstuckli e il comune di Sattel partecipano come area di prova e pilota al progetto Interreg Alpenraum \u00abBeyondSnow\u00bb, che coinvolge tutte le Alpi.  <\/p>\n<p><a href=\"https:\/\/www.sab.ch\/wp-content\/uploads\/2023\/01\/2023-01-24-medienmitteilung-final.pdf\">Comunicato stampa (disponibile solo in tedesco)<\/a><\/p>\n<\/div><\/section><br \/>\n\n<style type=\"text\/css\" data-created_by=\"avia_inline_auto\" id=\"style-css-av-ldbgruvs-e451eaf286c97f5af733f8d16c317a24\">\n.avia-image-container.av-ldbgruvs-e451eaf286c97f5af733f8d16c317a24 img.avia_image{\nbox-shadow:none;\n}\n.avia-image-container.av-ldbgruvs-e451eaf286c97f5af733f8d16c317a24 .av-image-caption-overlay-center{\ncolor:#ffffff;\n}\n<\/style>\n<div  class='avia-image-container av-ldbgruvs-e451eaf286c97f5af733f8d16c317a24 av-styling- avia-align-left  avia-builder-el-15  el_after_av_textblock  avia-builder-el-last '   itemprop=\"image\" itemscope=\"itemscope\" itemtype=\"https:\/\/schema.org\/ImageObject\" ><div class=\"avia-image-container-inner\"><div class=\"avia-image-overlay-wrap\"><img decoding=\"async\" fetchpriority=\"high\" class='wp-image-11523 avia-img-lazy-loading-not-11523 avia_image ' src=\"https:\/\/www.sab.ch\/wp-content\/uploads\/2023\/01\/2023-01-24-bild-zu-medienmitteilung-495x400.jpg\" alt='' title='2023 01 24 bild zu medienmitteilung'  height=\"400\" width=\"495\"  itemprop=\"thumbnailUrl\" srcset=\"https:\/\/www.sab.ch\/wp-content\/uploads\/2023\/01\/2023-01-24-bild-zu-medienmitteilung-495x400.jpg 495w, https:\/\/www.sab.ch\/wp-content\/uploads\/2023\/01\/2023-01-24-bild-zu-medienmitteilung-845x684.jpg 845w\" sizes=\"(max-width: 495px) 100vw, 495px\" \/><\/div><\/div><\/div><\/p><\/div>\n","protected":false},"excerpt":{"rendered":"","protected":false},"author":4,"featured_media":0,"parent":0,"menu_order":0,"comment_status":"closed","ping_status":"closed","template":"","meta":{"footnotes":""},"class_list":["post-10459","page","type-page","status-publish","hentry"],"yoast_head":"<!-- This site is optimized with the Yoast SEO plugin v27.3 - https:\/\/yoast.com\/product\/yoast-seo-wordpress\/ -->\n<title>Beyondsnow - S A B<\/title>\n<meta name=\"robots\" content=\"index, follow, max-snippet:-1, max-image-preview:large, max-video-preview:-1\" \/>\n<link rel=\"canonical\" href=\"https:\/\/www.sab.ch\/it\/beyondsnow\/\" \/>\n<meta property=\"og:locale\" content=\"it_IT\" \/>\n<meta property=\"og:type\" content=\"article\" \/>\n<meta property=\"og:title\" content=\"Beyondsnow - S A B\" \/>\n<meta property=\"og:url\" content=\"https:\/\/www.sab.ch\/it\/beyondsnow\/\" \/>\n<meta property=\"og:site_name\" content=\"S A B\" \/>\n<meta property=\"article:modified_time\" content=\"2025-11-20T08:22:43+00:00\" \/>\n<meta name=\"twitter:card\" content=\"summary_large_image\" \/>\n<meta name=\"twitter:label1\" content=\"Tempo di lettura stimato\" \/>\n\t<meta name=\"twitter:data1\" content=\"5 minuti\" \/>\n<script type=\"application\/ld+json\" class=\"yoast-schema-graph\">{\"@context\":\"https:\\\/\\\/schema.org\",\"@graph\":[{\"@type\":\"WebPage\",\"@id\":\"https:\\\/\\\/www.sab.ch\\\/it\\\/beyondsnow\\\/\",\"url\":\"https:\\\/\\\/www.sab.ch\\\/it\\\/beyondsnow\\\/\",\"name\":\"Beyondsnow - S A B\",\"isPartOf\":{\"@id\":\"https:\\\/\\\/www.sab.ch\\\/it\\\/#website\"},\"datePublished\":\"2022-12-21T13:35:09+00:00\",\"dateModified\":\"2025-11-20T08:22:43+00:00\",\"breadcrumb\":{\"@id\":\"https:\\\/\\\/www.sab.ch\\\/it\\\/beyondsnow\\\/#breadcrumb\"},\"inLanguage\":\"it-IT\",\"potentialAction\":[{\"@type\":\"ReadAction\",\"target\":[\"https:\\\/\\\/www.sab.ch\\\/it\\\/beyondsnow\\\/\"]}]},{\"@type\":\"BreadcrumbList\",\"@id\":\"https:\\\/\\\/www.sab.ch\\\/it\\\/beyondsnow\\\/#breadcrumb\",\"itemListElement\":[{\"@type\":\"ListItem\",\"position\":1,\"name\":\"Startseite\",\"item\":\"https:\\\/\\\/www.sab.ch\\\/it\\\/home\\\/\"},{\"@type\":\"ListItem\",\"position\":2,\"name\":\"Beyondsnow\"}]},{\"@type\":\"WebSite\",\"@id\":\"https:\\\/\\\/www.sab.ch\\\/it\\\/#website\",\"url\":\"https:\\\/\\\/www.sab.ch\\\/it\\\/\",\"name\":\"S A B\",\"description\":\"\",\"potentialAction\":[{\"@type\":\"SearchAction\",\"target\":{\"@type\":\"EntryPoint\",\"urlTemplate\":\"https:\\\/\\\/www.sab.ch\\\/it\\\/?s={search_term_string}\"},\"query-input\":{\"@type\":\"PropertyValueSpecification\",\"valueRequired\":true,\"valueName\":\"search_term_string\"}}],\"inLanguage\":\"it-IT\"}]}<\/script>\n<!-- \/ Yoast SEO plugin. -->","yoast_head_json":{"title":"Beyondsnow - S A B","robots":{"index":"index","follow":"follow","max-snippet":"max-snippet:-1","max-image-preview":"max-image-preview:large","max-video-preview":"max-video-preview:-1"},"canonical":"https:\/\/www.sab.ch\/it\/beyondsnow\/","og_locale":"it_IT","og_type":"article","og_title":"Beyondsnow - S A B","og_url":"https:\/\/www.sab.ch\/it\/beyondsnow\/","og_site_name":"S A B","article_modified_time":"2025-11-20T08:22:43+00:00","twitter_card":"summary_large_image","twitter_misc":{"Tempo di lettura stimato":"5 minuti"},"schema":{"@context":"https:\/\/schema.org","@graph":[{"@type":"WebPage","@id":"https:\/\/www.sab.ch\/it\/beyondsnow\/","url":"https:\/\/www.sab.ch\/it\/beyondsnow\/","name":"Beyondsnow - S A B","isPartOf":{"@id":"https:\/\/www.sab.ch\/it\/#website"},"datePublished":"2022-12-21T13:35:09+00:00","dateModified":"2025-11-20T08:22:43+00:00","breadcrumb":{"@id":"https:\/\/www.sab.ch\/it\/beyondsnow\/#breadcrumb"},"inLanguage":"it-IT","potentialAction":[{"@type":"ReadAction","target":["https:\/\/www.sab.ch\/it\/beyondsnow\/"]}]},{"@type":"BreadcrumbList","@id":"https:\/\/www.sab.ch\/it\/beyondsnow\/#breadcrumb","itemListElement":[{"@type":"ListItem","position":1,"name":"Startseite","item":"https:\/\/www.sab.ch\/it\/home\/"},{"@type":"ListItem","position":2,"name":"Beyondsnow"}]},{"@type":"WebSite","@id":"https:\/\/www.sab.ch\/it\/#website","url":"https:\/\/www.sab.ch\/it\/","name":"S A B","description":"","potentialAction":[{"@type":"SearchAction","target":{"@type":"EntryPoint","urlTemplate":"https:\/\/www.sab.ch\/it\/?s={search_term_string}"},"query-input":{"@type":"PropertyValueSpecification","valueRequired":true,"valueName":"search_term_string"}}],"inLanguage":"it-IT"}]}},"_links":{"self":[{"href":"https:\/\/www.sab.ch\/it\/wp-json\/wp\/v2\/pages\/10459","targetHints":{"allow":["GET"]}}],"collection":[{"href":"https:\/\/www.sab.ch\/it\/wp-json\/wp\/v2\/pages"}],"about":[{"href":"https:\/\/www.sab.ch\/it\/wp-json\/wp\/v2\/types\/page"}],"author":[{"embeddable":true,"href":"https:\/\/www.sab.ch\/it\/wp-json\/wp\/v2\/users\/4"}],"replies":[{"embeddable":true,"href":"https:\/\/www.sab.ch\/it\/wp-json\/wp\/v2\/comments?post=10459"}],"version-history":[{"count":49,"href":"https:\/\/www.sab.ch\/it\/wp-json\/wp\/v2\/pages\/10459\/revisions"}],"predecessor-version":[{"id":29964,"href":"https:\/\/www.sab.ch\/it\/wp-json\/wp\/v2\/pages\/10459\/revisions\/29964"}],"wp:attachment":[{"href":"https:\/\/www.sab.ch\/it\/wp-json\/wp\/v2\/media?parent=10459"}],"curies":[{"name":"wp","href":"https:\/\/api.w.org\/{rel}","templated":true}]}}