{"id":10791,"date":"2023-01-10T09:54:59","date_gmt":"2023-01-10T08:54:59","guid":{"rendered":"https:\/\/www.sab.ch\/seminario\/"},"modified":"2026-01-29T09:35:28","modified_gmt":"2026-01-29T08:35:28","slug":"seminario","status":"publish","type":"page","link":"https:\/\/www.sab.ch\/it\/prestationi\/seminario\/","title":{"rendered":"Seminario"},"content":{"rendered":"<div  class='flex_column av-av_two_third-7714eba142aeda1f8b5272a3c372b279 av_two_third  avia-builder-el-0  el_before_av_one_third  avia-builder-el-first  first flex_column_div  '     ><section  class='av_textblock_section av-mkz72w4f-81e466d0913f751fa8ff17a827457158 '   itemscope=\"itemscope\" itemtype=\"https:\/\/schema.org\/CreativeWork\" ><div class='avia_textblock'  itemprop=\"text\" ><p>Conferenza pubblica<\/p>\n<h3><\/h3>\n<h3><br class=\"avia-permanent-lb\" \/>Come riuscire a rinnovare i centri dei comuni rurali?<\/h3>\n<p><b><strong> <br class=\"avia-permanent-lb\" \/>Date: gioved\u00ec 7 maggio 2026 con possibilit\u00e0 di visitare i luoghi sabato 30 maggio 2026<\/strong><\/b><\/p>\n<p><b><strong>Luogo della conferenza: Welle 7, Berna <\/strong><\/b><\/p>\n<p><br class=\"avia-permanent-lb\" \/><br class=\"avia-permanent-lb\" \/>Molti comuni rurali devono affrontare il problema dello spopolamento dei loro centri. I villaggi perdono cos\u00ec la loro attrattiva, non solo per i loro abitanti, ma anche per i visitatori. I comuni non sono soli ad affrontare questi problemi. Concretamente, possono trarre vantaggio dagli insegnamenti tratti dalle esperienze di altri comuni. \u00c8 cos\u00ec che \u00e8 nata l&#8217;idea di uno scambio nazionale di esperienze. Il primo si \u00e8 tenuto nel 2019 a Grengiols (VS), il secondo nel 2022 nella Val M\u00fcstair (GR). EspaceSuisse, la Rete dei parchi svizzeri e il SAB \u2013 Gruppo svizzero per le regioni di montagna (SAB) \u2013 ritengono importante proseguire questi scambi di esperienze.<\/p>\n<p>Questa conferenza mira a dimostrare l&#8217;importanza della ristrutturazione dei centri dei villaggi per lo sviluppo dei comuni rurali, a sottolineare il ruolo essenziale del coinvolgimento della popolazione e a concepire una buona comunicazione. Inoltre, la ristrutturazione dei centri dei villaggi solleva sempre questioni legate al finanziamento e al quadro giuridico. Anche questi temi saranno affrontati durante la conferenza. Le diverse presentazioni previste costituiscono esperienze tratte dalla pratica e mirano a fornire raccomandazioni il pi\u00f9 concrete possibile.<\/p>\n<p>La conferenza sar\u00e0 tradotta simultaneamente in tedesco e francese tramite un&#8217; applicazione di intelligenza artificiale. La quota di iscrizione \u00e8 di 200 franchi a persona. Per motivi pratici, vi preghiamo di iscrivervi entro il 24 aprile 2026.<\/p>\n<p><a href=\"https:\/\/www.sab.ch\/wp-content\/uploads\/2026\/01\/Renovation-des-centre-villageois_fr.pdf\"> <br class=\"avia-permanent-lb\" \/>\u2192 Programma dettagliato<\/a><\/p>\n<p><a href=\"https:\/\/forms.office.com\/e\/Qmg3Gk08Rh?origin=lprLink\">\u2192 Link al modulo di iscrizione online<\/a><\/p>\n<\/div><\/section><\/div><div  class='flex_column av-av_one_third-58a6369d5c19d308284fa729d91312fa av_one_third  avia-builder-el-2  el_after_av_two_third  avia-builder-el-last  flex_column_div  '     ><p>\n<style type=\"text\/css\" data-created_by=\"avia_inline_auto\" id=\"style-css-av-mkz754ks-f6977726c0467ed471c05c78df910a8f\">\n.avia-image-container.av-mkz754ks-f6977726c0467ed471c05c78df910a8f img.avia_image{\nbox-shadow:none;\n}\n.avia-image-container.av-mkz754ks-f6977726c0467ed471c05c78df910a8f .av-image-caption-overlay-center{\ncolor:#ffffff;\n}\n<\/style>\n<div  class='avia-image-container av-mkz754ks-f6977726c0467ed471c05c78df910a8f av-styling- avia-align-left  avia-builder-el-3  el_before_av_textblock  avia-builder-el-first '   itemprop=\"image\" itemscope=\"itemscope\" itemtype=\"https:\/\/schema.org\/ImageObject\" ><div class=\"avia-image-container-inner\"><div class=\"avia-image-overlay-wrap\"><img decoding=\"async\" fetchpriority=\"high\" class='wp-image-30874 avia-img-lazy-loading-not-30874 avia_image ' src=\"https:\/\/www.sab.ch\/wp-content\/uploads\/2026\/01\/Monte-Ceneroso-TE-1024x768.jpg\" alt='' title='Monte Ceneroso TE'  height=\"768\" width=\"1024\"  itemprop=\"thumbnailUrl\" srcset=\"https:\/\/www.sab.ch\/wp-content\/uploads\/2026\/01\/Monte-Ceneroso-TE-1024x768.jpg 1024w, https:\/\/www.sab.ch\/wp-content\/uploads\/2026\/01\/Monte-Ceneroso-TE-1440x1080.jpg 1440w, https:\/\/www.sab.ch\/wp-content\/uploads\/2026\/01\/Monte-Ceneroso-TE-768x576.jpg 768w, https:\/\/www.sab.ch\/wp-content\/uploads\/2026\/01\/Monte-Ceneroso-TE-1536x1152.jpg 1536w, https:\/\/www.sab.ch\/wp-content\/uploads\/2026\/01\/Monte-Ceneroso-TE-2048x1536.jpg 2048w, https:\/\/www.sab.ch\/wp-content\/uploads\/2026\/01\/Monte-Ceneroso-TE-1500x1125.jpg 1500w, https:\/\/www.sab.ch\/wp-content\/uploads\/2026\/01\/Monte-Ceneroso-TE-705x529.jpg 705w\" sizes=\"(max-width: 1024px) 100vw, 1024px\" \/><\/div><\/div><\/div><br \/>\n<section  class='av_textblock_section av-mkz768bb-ed258988138ce7844614a7b7b04a0536 '   itemscope=\"itemscope\" itemtype=\"https:\/\/schema.org\/CreativeWork\" ><div class='avia_textblock'  itemprop=\"text\" ><p>Foto: Albergo Diffuso Monte Generoso (\u00a9 Thomas Egger &#8211; SAB)<\/p>\n<\/div><\/section><br \/>\n<\/p><\/div><\/p>\n","protected":false},"excerpt":{"rendered":"","protected":false},"author":3,"featured_media":0,"parent":11402,"menu_order":0,"comment_status":"closed","ping_status":"closed","template":"","meta":{"footnotes":""},"class_list":["post-10791","page","type-page","status-publish","hentry"],"yoast_head":"<!-- This site is optimized with the Yoast SEO plugin v27.4 - https:\/\/yoast.com\/product\/yoast-seo-wordpress\/ -->\n<title>Seminario - S A B<\/title>\n<meta name=\"robots\" content=\"index, follow, max-snippet:-1, max-image-preview:large, max-video-preview:-1\" \/>\n<link rel=\"canonical\" href=\"https:\/\/www.sab.ch\/it\/prestationi\/seminario\/\" \/>\n<meta property=\"og:locale\" content=\"it_IT\" \/>\n<meta property=\"og:type\" content=\"article\" \/>\n<meta property=\"og:title\" content=\"Seminario - S A B\" \/>\n<meta property=\"og:url\" content=\"https:\/\/www.sab.ch\/it\/prestationi\/seminario\/\" \/>\n<meta property=\"og:site_name\" content=\"S A B\" \/>\n<meta property=\"article:modified_time\" content=\"2026-01-29T08:35:28+00:00\" \/>\n<meta name=\"twitter:card\" content=\"summary_large_image\" \/>\n<meta name=\"twitter:label1\" content=\"Tempo di lettura stimato\" \/>\n\t<meta name=\"twitter:data1\" content=\"2 minuti\" \/>\n<script type=\"application\/ld+json\" class=\"yoast-schema-graph\">{\"@context\":\"https:\\\/\\\/schema.org\",\"@graph\":[{\"@type\":\"WebPage\",\"@id\":\"https:\\\/\\\/www.sab.ch\\\/it\\\/prestationi\\\/seminario\\\/\",\"url\":\"https:\\\/\\\/www.sab.ch\\\/it\\\/prestationi\\\/seminario\\\/\",\"name\":\"Seminario - S A B\",\"isPartOf\":{\"@id\":\"https:\\\/\\\/www.sab.ch\\\/it\\\/#website\"},\"datePublished\":\"2023-01-10T08:54:59+00:00\",\"dateModified\":\"2026-01-29T08:35:28+00:00\",\"breadcrumb\":{\"@id\":\"https:\\\/\\\/www.sab.ch\\\/it\\\/prestationi\\\/seminario\\\/#breadcrumb\"},\"inLanguage\":\"it-IT\",\"potentialAction\":[{\"@type\":\"ReadAction\",\"target\":[\"https:\\\/\\\/www.sab.ch\\\/it\\\/prestationi\\\/seminario\\\/\"]}]},{\"@type\":\"BreadcrumbList\",\"@id\":\"https:\\\/\\\/www.sab.ch\\\/it\\\/prestationi\\\/seminario\\\/#breadcrumb\",\"itemListElement\":[{\"@type\":\"ListItem\",\"position\":1,\"name\":\"Startseite\",\"item\":\"https:\\\/\\\/www.sab.ch\\\/it\\\/home\\\/\"},{\"@type\":\"ListItem\",\"position\":2,\"name\":\"Servizi\",\"item\":\"https:\\\/\\\/www.sab.ch\\\/it\\\/prestationi\\\/\"},{\"@type\":\"ListItem\",\"position\":3,\"name\":\"Seminario\"}]},{\"@type\":\"WebSite\",\"@id\":\"https:\\\/\\\/www.sab.ch\\\/it\\\/#website\",\"url\":\"https:\\\/\\\/www.sab.ch\\\/it\\\/\",\"name\":\"S A B\",\"description\":\"\",\"potentialAction\":[{\"@type\":\"SearchAction\",\"target\":{\"@type\":\"EntryPoint\",\"urlTemplate\":\"https:\\\/\\\/www.sab.ch\\\/it\\\/?s={search_term_string}\"},\"query-input\":{\"@type\":\"PropertyValueSpecification\",\"valueRequired\":true,\"valueName\":\"search_term_string\"}}],\"inLanguage\":\"it-IT\"}]}<\/script>\n<!-- \/ Yoast SEO plugin. -->","yoast_head_json":{"title":"Seminario - S A B","robots":{"index":"index","follow":"follow","max-snippet":"max-snippet:-1","max-image-preview":"max-image-preview:large","max-video-preview":"max-video-preview:-1"},"canonical":"https:\/\/www.sab.ch\/it\/prestationi\/seminario\/","og_locale":"it_IT","og_type":"article","og_title":"Seminario - S A B","og_url":"https:\/\/www.sab.ch\/it\/prestationi\/seminario\/","og_site_name":"S A B","article_modified_time":"2026-01-29T08:35:28+00:00","twitter_card":"summary_large_image","twitter_misc":{"Tempo di lettura stimato":"2 minuti"},"schema":{"@context":"https:\/\/schema.org","@graph":[{"@type":"WebPage","@id":"https:\/\/www.sab.ch\/it\/prestationi\/seminario\/","url":"https:\/\/www.sab.ch\/it\/prestationi\/seminario\/","name":"Seminario - S A B","isPartOf":{"@id":"https:\/\/www.sab.ch\/it\/#website"},"datePublished":"2023-01-10T08:54:59+00:00","dateModified":"2026-01-29T08:35:28+00:00","breadcrumb":{"@id":"https:\/\/www.sab.ch\/it\/prestationi\/seminario\/#breadcrumb"},"inLanguage":"it-IT","potentialAction":[{"@type":"ReadAction","target":["https:\/\/www.sab.ch\/it\/prestationi\/seminario\/"]}]},{"@type":"BreadcrumbList","@id":"https:\/\/www.sab.ch\/it\/prestationi\/seminario\/#breadcrumb","itemListElement":[{"@type":"ListItem","position":1,"name":"Startseite","item":"https:\/\/www.sab.ch\/it\/home\/"},{"@type":"ListItem","position":2,"name":"Servizi","item":"https:\/\/www.sab.ch\/it\/prestationi\/"},{"@type":"ListItem","position":3,"name":"Seminario"}]},{"@type":"WebSite","@id":"https:\/\/www.sab.ch\/it\/#website","url":"https:\/\/www.sab.ch\/it\/","name":"S A B","description":"","potentialAction":[{"@type":"SearchAction","target":{"@type":"EntryPoint","urlTemplate":"https:\/\/www.sab.ch\/it\/?s={search_term_string}"},"query-input":{"@type":"PropertyValueSpecification","valueRequired":true,"valueName":"search_term_string"}}],"inLanguage":"it-IT"}]}},"_links":{"self":[{"href":"https:\/\/www.sab.ch\/it\/wp-json\/wp\/v2\/pages\/10791","targetHints":{"allow":["GET"]}}],"collection":[{"href":"https:\/\/www.sab.ch\/it\/wp-json\/wp\/v2\/pages"}],"about":[{"href":"https:\/\/www.sab.ch\/it\/wp-json\/wp\/v2\/types\/page"}],"author":[{"embeddable":true,"href":"https:\/\/www.sab.ch\/it\/wp-json\/wp\/v2\/users\/3"}],"replies":[{"embeddable":true,"href":"https:\/\/www.sab.ch\/it\/wp-json\/wp\/v2\/comments?post=10791"}],"version-history":[{"count":136,"href":"https:\/\/www.sab.ch\/it\/wp-json\/wp\/v2\/pages\/10791\/revisions"}],"predecessor-version":[{"id":30896,"href":"https:\/\/www.sab.ch\/it\/wp-json\/wp\/v2\/pages\/10791\/revisions\/30896"}],"up":[{"embeddable":true,"href":"https:\/\/www.sab.ch\/it\/wp-json\/wp\/v2\/pages\/11402"}],"wp:attachment":[{"href":"https:\/\/www.sab.ch\/it\/wp-json\/wp\/v2\/media?parent=10791"}],"curies":[{"name":"wp","href":"https:\/\/api.w.org\/{rel}","templated":true}]}}