{"id":11434,"date":"2023-01-23T15:31:18","date_gmt":"2023-01-23T14:31:18","guid":{"rendered":"https:\/\/www.sab.ch\/a-proposito-del-sab\/statuti-e-storia-del-sab\/"},"modified":"2025-02-13T10:58:17","modified_gmt":"2025-02-13T09:58:17","slug":"statuti-e-storia-del-sab","status":"publish","type":"page","link":"https:\/\/www.sab.ch\/it\/a-proposito-del-sab\/statuti-e-storia-del-sab\/","title":{"rendered":"Statuti e storia del SAB"},"content":{"rendered":"<div id='av_section_1'  class='avia-section av-kbufzd3s-dd428f854b73db9c732bdb3b761e163e main_color avia-section-default avia-shadow  avia-builder-el-0  avia-builder-el-no-sibling  avia-bg-style-scroll container_wrap fullsize'  ><div class='container av-section-cont-open' ><main  role=\"main\" itemprop=\"mainContentOfPage\"  class='template-page content  av-content-full alpha units'><div class='post-entry post-entry-type-page post-entry-11434'><div class='entry-content-wrapper clearfix'>\n<div  class='flex_column av-amv1x-dea10f61d501660bcfd580c9765c00f6 av_two_third  avia-builder-el-1  avia-builder-el-no-sibling  first flex_column_div  '     ><section  class='av_textblock_section av-jxk41cbl-a1fc1525f09076e0644c7e0771550ccd '   itemscope=\"itemscope\" itemtype=\"https:\/\/schema.org\/CreativeWork\" ><div class='avia_textblock'  itemprop=\"text\" ><h2 class=\"csc-firstHeader\">Statuti del SAB<\/h2>\n<p><br class=\"avia-permanent-lb\" \/>Gli Statuti del SAB, validi da agosto 2023 sono disponibili in formato pdf in tre lingue nazionali:<\/p>\n<ul class=\"csc-uploads csc-uploads-0\">\n<li class=\"li-odd li-first csc-uploads-element csc-uploads-element-pdf\"><a href=\"https:\/\/www.sab.ch\/wp-content\/uploads\/2023\/10\/Statuten-SAB_d_GV2023.pdf\">Statuten der SAB dt<\/a><\/li>\n<li class=\"li-even csc-uploads-element csc-uploads-element-pdf\"><a href=\"https:\/\/www.sab.ch\/wp-content\/uploads\/2023\/10\/Statuts-du-SAB_f_GV2023.pdf\">Status du SAB fr<\/a><\/li>\n<li class=\"li-odd csc-uploads-element csc-uploads-element-pdf\"><a href=\"https:\/\/www.sab.ch\/wp-content\/uploads\/2023\/10\/Statuti-del-SAB_it_GV2023.pdf\">Statuti del SAB it<\/a><\/li>\n<\/ul>\n<\/div><\/section><br \/>\n\n<style type=\"text\/css\" data-created_by=\"avia_inline_auto\" id=\"style-css-av-m7362ssr-397fe5bf9f98b53d60612f562efb90ef\">\n#top .hr.hr-invisible.av-m7362ssr-397fe5bf9f98b53d60612f562efb90ef{\nheight:30px;\n}\n<\/style>\n<div  class='hr av-m7362ssr-397fe5bf9f98b53d60612f562efb90ef hr-invisible  avia-builder-el-3  el_after_av_textblock  el_before_av_textblock '><span class='hr-inner '><span class=\"hr-inner-style\"><\/span><\/span><\/div><br \/>\n<section  class='av_textblock_section av-m7362hjq-9dcd95adc21e5535c3bfa11fc873c137 '   itemscope=\"itemscope\" itemtype=\"https:\/\/schema.org\/CreativeWork\" ><div class='avia_textblock'  itemprop=\"text\" ><h2>Storia del SAB<\/h2>\n<p><br class=\"avia-permanent-lb\" \/>Il 28 maggio 1943, nella &#8220;B\u00fcrgerhaus&#8221; di Berna, ebbe luogo la fondazione del SAB.<\/p>\n<p><br class=\"avia-permanent-lb\" \/>La crisi economica mondiale degli anni &#8217;30, che colp\u00ec duramente anche le popolazioni di montagna, fu all&#8217;origine delle &#8220;comunit\u00e0 di emergenza&#8221; dei contadini di montagna e delle misure di aiuto alle popolazioni di montagna da parte dell&#8217;associazione dei contadini. Tuttavia, questi ultimi non sono stati coordinati, per cui i risultati sono rimasti modesti.<\/p>\n<p><br class=\"avia-permanent-lb\" \/>I primi impulsi a livello nazionale si ebbero nel 1939, quando fu fondato il &#8220;gruppo parlamentare per la tutela degli interessi della popolazione di montagna&#8221;. Allo stesso tempo, nell&#8217;Oberland bernese e nella Svizzera centrale \u00e8 nata l&#8217;idea di creare un &#8220;gruppo di lavoro svizzero delle organizzazioni economiche degli agricoltori di montagna&#8221;.<\/p>\n<p>Il gruppo di lavoro sciolto che ne \u00e8 scaturito si \u00e8 inizialmente concentrato su questioni prettamente agricole, che per\u00f2 si sono presto mescolate con le preoccupazioni di altre organizzazioni, come l&#8217;Associazione dei contadini delle Alpi. Si rese necessaria una separazione: nel 1942 fu fondata la &#8220;Commissione per l&#8217;assistenza sociale nelle zone di montagna&#8221;, che in seguito divenne l'&#8221;Aiuto svizzero alla montagna&#8221;.<br \/>\nNonostante la separazione dei compiti, un importante punto di discussione nella fondazione del SAB fu il nome: la nuova organizzazione fu chiamata &#8220;Gruppo di lavoro per i contadini di montagna&#8221; con un &#8220;Ufficio centrale per la tutela degli interessi della popolazione di montagna&#8221;. Dutti sono d&#8217;accordo su questo punto. Il primo tema non agricolo del BRS nel 1964\/65 \u00e8 stato la promozione di un turismo ordinato.<\/p>\n<p><br class=\"avia-permanent-lb\" \/>Nel 1973, in occasione di un&#8217;assemblea straordinaria dei delegati, si decise di sostituire &#8220;agricoltori di montagna&#8221; nel nome del SAB con &#8220;popolazione di montagna&#8221;. L&#8217;ultimo cambiamento di nome \u00e8 avvenuto quando l'&#8221;Associazione per la protezione delle aree montane&#8221; si \u00e8 fusa con il SAB nel 1988. Da allora l&#8217;organizzazione si chiama &#8220;Gruppo di lavoro svizzero per le regioni di montagna&#8221;.<\/p>\n<ul class=\"csc-uploads csc-uploads-0\">\n<li><a href=\"https:\/\/sab.ch\/wp-content\/uploads\/2022\/11\/Spezialbroschuere_75_Jahre_SAB_Januar_2019.pdf\">Numero speciale 75 anni SAB (2018)<\/a><\/li>\n<li><a href=\"https:\/\/sab.ch\/wp-content\/uploads\/2022\/11\/Sonderteil_BIZ_2018_internet.pdf\">Nummero speciale 75 anni (BIZ), (2018)<\/a><\/li>\n<li class=\"li-odd li-first csc-uploads-element csc-uploads-element-pdf\"><a href=\"\/wp-content\/uploads\/2022\/11\/Sondernummer_50_Jahre_SAB_web.pdf\">Numero speciale 50 Jahre SAB (1993)<\/a><\/li>\n<\/ul>\n<\/div><\/section><\/p><\/div>\n","protected":false},"excerpt":{"rendered":"","protected":false},"author":3,"featured_media":0,"parent":11431,"menu_order":0,"comment_status":"closed","ping_status":"closed","template":"","meta":{"footnotes":""},"class_list":["post-11434","page","type-page","status-publish","hentry"],"yoast_head":"<!-- This site is optimized with the Yoast SEO plugin v27.5 - https:\/\/yoast.com\/product\/yoast-seo-wordpress\/ -->\n<title>Statuti e storia del SAB - S A B<\/title>\n<meta name=\"robots\" content=\"index, follow, max-snippet:-1, max-image-preview:large, max-video-preview:-1\" \/>\n<link rel=\"canonical\" href=\"https:\/\/www.sab.ch\/it\/a-proposito-del-sab\/statuti-e-storia-del-sab\/\" \/>\n<meta property=\"og:locale\" content=\"it_IT\" \/>\n<meta property=\"og:type\" content=\"article\" \/>\n<meta property=\"og:title\" content=\"Statuti e storia del SAB - S A B\" \/>\n<meta property=\"og:url\" content=\"https:\/\/www.sab.ch\/it\/a-proposito-del-sab\/statuti-e-storia-del-sab\/\" \/>\n<meta property=\"og:site_name\" content=\"S A B\" \/>\n<meta property=\"article:modified_time\" content=\"2025-02-13T09:58:17+00:00\" \/>\n<meta name=\"twitter:card\" content=\"summary_large_image\" \/>\n<meta name=\"twitter:label1\" content=\"Tempo di lettura stimato\" \/>\n\t<meta name=\"twitter:data1\" content=\"2 minuti\" \/>\n<script type=\"application\/ld+json\" class=\"yoast-schema-graph\">{\"@context\":\"https:\\\/\\\/schema.org\",\"@graph\":[{\"@type\":\"WebPage\",\"@id\":\"https:\\\/\\\/www.sab.ch\\\/it\\\/a-proposito-del-sab\\\/statuti-e-storia-del-sab\\\/\",\"url\":\"https:\\\/\\\/www.sab.ch\\\/it\\\/a-proposito-del-sab\\\/statuti-e-storia-del-sab\\\/\",\"name\":\"Statuti e storia del SAB - S A B\",\"isPartOf\":{\"@id\":\"https:\\\/\\\/www.sab.ch\\\/it\\\/#website\"},\"datePublished\":\"2023-01-23T14:31:18+00:00\",\"dateModified\":\"2025-02-13T09:58:17+00:00\",\"breadcrumb\":{\"@id\":\"https:\\\/\\\/www.sab.ch\\\/it\\\/a-proposito-del-sab\\\/statuti-e-storia-del-sab\\\/#breadcrumb\"},\"inLanguage\":\"it-IT\",\"potentialAction\":[{\"@type\":\"ReadAction\",\"target\":[\"https:\\\/\\\/www.sab.ch\\\/it\\\/a-proposito-del-sab\\\/statuti-e-storia-del-sab\\\/\"]}]},{\"@type\":\"BreadcrumbList\",\"@id\":\"https:\\\/\\\/www.sab.ch\\\/it\\\/a-proposito-del-sab\\\/statuti-e-storia-del-sab\\\/#breadcrumb\",\"itemListElement\":[{\"@type\":\"ListItem\",\"position\":1,\"name\":\"Startseite\",\"item\":\"https:\\\/\\\/www.sab.ch\\\/it\\\/home\\\/\"},{\"@type\":\"ListItem\",\"position\":2,\"name\":\"A proposito del SAB\",\"item\":\"https:\\\/\\\/www.sab.ch\\\/it\\\/a-proposito-del-sab\\\/\"},{\"@type\":\"ListItem\",\"position\":3,\"name\":\"Statuti e storia del SAB\"}]},{\"@type\":\"WebSite\",\"@id\":\"https:\\\/\\\/www.sab.ch\\\/it\\\/#website\",\"url\":\"https:\\\/\\\/www.sab.ch\\\/it\\\/\",\"name\":\"S A B\",\"description\":\"\",\"potentialAction\":[{\"@type\":\"SearchAction\",\"target\":{\"@type\":\"EntryPoint\",\"urlTemplate\":\"https:\\\/\\\/www.sab.ch\\\/it\\\/?s={search_term_string}\"},\"query-input\":{\"@type\":\"PropertyValueSpecification\",\"valueRequired\":true,\"valueName\":\"search_term_string\"}}],\"inLanguage\":\"it-IT\"}]}<\/script>\n<!-- \/ Yoast SEO plugin. -->","yoast_head_json":{"title":"Statuti e storia del SAB - S A B","robots":{"index":"index","follow":"follow","max-snippet":"max-snippet:-1","max-image-preview":"max-image-preview:large","max-video-preview":"max-video-preview:-1"},"canonical":"https:\/\/www.sab.ch\/it\/a-proposito-del-sab\/statuti-e-storia-del-sab\/","og_locale":"it_IT","og_type":"article","og_title":"Statuti e storia del SAB - S A B","og_url":"https:\/\/www.sab.ch\/it\/a-proposito-del-sab\/statuti-e-storia-del-sab\/","og_site_name":"S A B","article_modified_time":"2025-02-13T09:58:17+00:00","twitter_card":"summary_large_image","twitter_misc":{"Tempo di lettura stimato":"2 minuti"},"schema":{"@context":"https:\/\/schema.org","@graph":[{"@type":"WebPage","@id":"https:\/\/www.sab.ch\/it\/a-proposito-del-sab\/statuti-e-storia-del-sab\/","url":"https:\/\/www.sab.ch\/it\/a-proposito-del-sab\/statuti-e-storia-del-sab\/","name":"Statuti e storia del SAB - S A B","isPartOf":{"@id":"https:\/\/www.sab.ch\/it\/#website"},"datePublished":"2023-01-23T14:31:18+00:00","dateModified":"2025-02-13T09:58:17+00:00","breadcrumb":{"@id":"https:\/\/www.sab.ch\/it\/a-proposito-del-sab\/statuti-e-storia-del-sab\/#breadcrumb"},"inLanguage":"it-IT","potentialAction":[{"@type":"ReadAction","target":["https:\/\/www.sab.ch\/it\/a-proposito-del-sab\/statuti-e-storia-del-sab\/"]}]},{"@type":"BreadcrumbList","@id":"https:\/\/www.sab.ch\/it\/a-proposito-del-sab\/statuti-e-storia-del-sab\/#breadcrumb","itemListElement":[{"@type":"ListItem","position":1,"name":"Startseite","item":"https:\/\/www.sab.ch\/it\/home\/"},{"@type":"ListItem","position":2,"name":"A proposito del SAB","item":"https:\/\/www.sab.ch\/it\/a-proposito-del-sab\/"},{"@type":"ListItem","position":3,"name":"Statuti e storia del SAB"}]},{"@type":"WebSite","@id":"https:\/\/www.sab.ch\/it\/#website","url":"https:\/\/www.sab.ch\/it\/","name":"S A B","description":"","potentialAction":[{"@type":"SearchAction","target":{"@type":"EntryPoint","urlTemplate":"https:\/\/www.sab.ch\/it\/?s={search_term_string}"},"query-input":{"@type":"PropertyValueSpecification","valueRequired":true,"valueName":"search_term_string"}}],"inLanguage":"it-IT"}]}},"_links":{"self":[{"href":"https:\/\/www.sab.ch\/it\/wp-json\/wp\/v2\/pages\/11434","targetHints":{"allow":["GET"]}}],"collection":[{"href":"https:\/\/www.sab.ch\/it\/wp-json\/wp\/v2\/pages"}],"about":[{"href":"https:\/\/www.sab.ch\/it\/wp-json\/wp\/v2\/types\/page"}],"author":[{"embeddable":true,"href":"https:\/\/www.sab.ch\/it\/wp-json\/wp\/v2\/users\/3"}],"replies":[{"embeddable":true,"href":"https:\/\/www.sab.ch\/it\/wp-json\/wp\/v2\/comments?post=11434"}],"version-history":[{"count":13,"href":"https:\/\/www.sab.ch\/it\/wp-json\/wp\/v2\/pages\/11434\/revisions"}],"predecessor-version":[{"id":25650,"href":"https:\/\/www.sab.ch\/it\/wp-json\/wp\/v2\/pages\/11434\/revisions\/25650"}],"up":[{"embeddable":true,"href":"https:\/\/www.sab.ch\/it\/wp-json\/wp\/v2\/pages\/11431"}],"wp:attachment":[{"href":"https:\/\/www.sab.ch\/it\/wp-json\/wp\/v2\/media?parent=11434"}],"curies":[{"name":"wp","href":"https:\/\/api.w.org\/{rel}","templated":true}]}}