{"id":11556,"date":"2023-01-26T09:43:24","date_gmt":"2023-01-26T08:43:24","guid":{"rendered":"https:\/\/www.sab.ch\/politica\/telecomunicazioni\/"},"modified":"2025-02-13T09:36:17","modified_gmt":"2025-02-13T08:36:17","slug":"telecomunicazioni","status":"publish","type":"page","link":"https:\/\/www.sab.ch\/it\/politica\/telecomunicazioni\/","title":{"rendered":"Telecomunicazioni"},"content":{"rendered":"<div id='av_section_1'  class='avia-section av-kbufzd3s-dd428f854b73db9c732bdb3b761e163e main_color avia-section-default avia-shadow  avia-builder-el-0  avia-builder-el-no-sibling  avia-bg-style-scroll container_wrap fullsize'  ><div class='container av-section-cont-open' ><main  role=\"main\" itemprop=\"mainContentOfPage\"  class='template-page content  av-content-full alpha units'><div class='post-entry post-entry-type-page post-entry-11556'><div class='entry-content-wrapper clearfix'>\n<div  class='flex_column av-86qp7c-2176374ecf94d4c0d474500d2f08b874 av_two_third  avia-builder-el-1  el_before_av_one_third  avia-builder-el-first  first flex_column_div  '     ><section  class='av_textblock_section av-5f5iug-f4d843c19eda1be83a8c91d0ae18c9c8 '   itemscope=\"itemscope\" itemtype=\"https:\/\/schema.org\/CreativeWork\" ><div class='avia_textblock'  itemprop=\"text\" ><h2>Telecomunicazioni<\/h2>\n<p><br class=\"avia-permanent-lb\" \/>Delle reti e dei servizi di telecomunicazione moderni ed efficaci sono indispensabili. Permettono di superare le distanze geografiche e di creare delle nuove opportunit\u00e0 sul mercato economico Nelle regioni di montagna, un buono sviluppo delle reti di telecomunicazione \u00e8 tanto pi\u00f9 importante quanto pi\u00f9 ridotta \u00e8 la loro accessibilit\u00e0. Per questo motivo il SAB s\u2019impegna affinch\u00e9 l\u2019accesso alle reti ad alta velocit\u00e0 sia garantito sull\u2019insieme del territorio. Bisogna anche continuare a sviluppare le reti di telecomunicazione. Oggigiorno, si tratta nello specifico di creare una rete di fibre ottiche sino nelle case private e nelle imprese. Un abile utilizzo delle tecnologie di comunicazione e d\u2019informazione pu\u00f2 assicurare alle regioni di montagna un certo numero di vantaggi concorrenzia<\/p>\n<\/div><\/section><br \/>\n\n<style type=\"text\/css\" data-created_by=\"avia_inline_auto\" id=\"style-css-av-m73302qd-966812fe8da54fe235af186a4d0558cb\">\n#top .hr.hr-invisible.av-m73302qd-966812fe8da54fe235af186a4d0558cb{\nheight:30px;\n}\n<\/style>\n<div  class='hr av-m73302qd-966812fe8da54fe235af186a4d0558cb hr-invisible  avia-builder-el-3  el_after_av_textblock  el_before_av_textblock '><span class='hr-inner '><span class=\"hr-inner-style\"><\/span><\/span><\/div><br \/>\n<section  class='av_textblock_section av-m732zskn-cdd3063f06cd4dd77cf9dcf33081d7e3 '   itemscope=\"itemscope\" itemtype=\"https:\/\/schema.org\/CreativeWork\" ><div class='avia_textblock'  itemprop=\"text\" ><h4>Ulteriori Documenti (in tedesco)<\/h4>\n<ul class=\"csc-uploads csc-uploads-0\">\n<li><a href=\"https:\/\/www.sab.ch\/wp-content\/uploads\/2024\/09\/Polycom-Abloesung-durch-MSK-SN-SAB.pdf\">Presa di posizione del SAB sulla sostituzione di Polycom con un sistema nazionale di comunicazioni mobili sicure (CMS) (27.09.2024)<\/a><\/li>\n<li class=\"li-odd li-first csc-uploads-element csc-uploads-element-pdf\"><a href=\"\/wp-content\/uploads\/2022\/11\/FDV_Grundversorgung_auf_80MBit_SN_SAB.pdf\">Presa di posizione del SAB riguardante la modifica dell&#8217;ordinanza sulla radiotelevisione (11.02.2022)<\/a><\/li>\n<li class=\"li-even csc-uploads-element csc-uploads-element-pdf\"><a href=\"\/wp-content\/uploads\/2022\/11\/RTVV_Versorgungsgebiete_SN_SAB.pdf\">Presa di posizione del SAB riguardante la revisione parziale dell\u2019ordinanza sulla radiotelevisione (01.10.20219)<\/a><\/li>\n<li class=\"li-odd csc-uploads-element csc-uploads-element-pdf\"><a href=\"\/wp-content\/uploads\/2022\/11\/positionspapier_5G.pdf\">Documento di posizione sul 5 G- in francese (24.04.2020)<\/a><\/li>\n<li class=\"li-even csc-uploads-element csc-uploads-element-pdf\"><a href=\"\/wp-content\/uploads\/2022\/11\/MM1139_Breitbandinfrastruktur_24.08.2017.pdf\">Il SAB chiede una rapida estensione delle infrastrutture digitali ad alta velocit\u00e0 (25.08.2017)<\/a><\/li>\n<li class=\"li-odd csc-uploads-element csc-uploads-element-pdf\"><a href=\"\/wp-content\/uploads\/2022\/11\/Medienmitteilung_5G_24.02.2020.pdf\">Comunicato stampa sul 5 G- in francese (24.04.2020)<\/a><\/li>\n<li class=\"li-even csc-uploads-element csc-uploads-element-pdf\"><a href=\"\/wp-content\/uploads\/2022\/11\/MM_SAB_SAC_SAV_dt_24.08..pdf\">Le associazioni alpine e Swisscom firmano una partnership per l&#8217;allacciamento dei rifugi alpini e delle capanne del SAC (24.08.2017)<\/a><\/li>\n<li class=\"li-odd csc-uploads-element csc-uploads-element-pdf\"><a href=\"\/wp-content\/uploads\/2022\/11\/SN_SAB_RTVV_13.03.2017.pdf\">Dichiarazione del SAB sulla revisione parziale dell&#8217;ordinanza sulla radiotelevisione (RTVO) (09.03.2017)<\/a><\/li>\n<li class=\"li-even csc-uploads-element csc-uploads-element-pdf\"><a href=\"\/wp-content\/uploads\/2022\/11\/SN_SAB_Fernmeldeverordnung_24.11.2015.pdf\">Presa di posizione del SAB sulla modifica dell&#8217;ordinanza sui servizi di telecomunicazione (OST) (24.11.2015)<\/a><\/li>\n<li class=\"li-odd csc-uploads-element csc-uploads-element-pdf\"><a href=\"\/wp-content\/uploads\/2022\/11\/SN_SAB_RTVV_30.9.2015.pdf\">Presa di posizione del SAB sulla modifica dell&#8217;ordinanza sui servizi di telecomunicazione (OST) (09.09.2015)<\/a><\/li>\n<li class=\"li-even csc-uploads-element csc-uploads-element-pdf\"><a href=\"\/wp-content\/uploads\/2022\/11\/ASUT-Artikel-Ein_Broadway_in_den_Alpen_Januar2013.pdf\">ASUT (Artikel): Ein Broadway in den Alpen (Januar 2013 )<\/a><\/li>\n<li class=\"li-odd csc-uploads-element csc-uploads-element-pdf\"><a href=\"\/wp-content\/uploads\/2022\/11\/hochbreitbandnetz.pdf\">Leitfaden Hochbreitband (2012) <\/a><\/li>\n<li class=\"li-even csc-uploads-element csc-uploads-element-pdf\"><a href=\"\/wp-content\/uploads\/2022\/11\/SN_FMD_13.07.2011def_d.pdf\">Stellungnahme zur Revision der Fernmeldeverordnung (13.07.2011 )<\/a><\/li>\n<li class=\"li-odd csc-uploads-element csc-uploads-element-pdf\"><a href=\"\/wp-content\/uploads\/2022\/11\/PP_Glasfasernetz_08.07.09_de.pdf\">Positionspapier &#8220;Ausbau des Glasfasernetzes&#8221; (7. 07.2009 )<\/a><\/li>\n<li class=\"li-even csc-uploads-element csc-uploads-element-pdf\"><a href=\"\/wp-content\/uploads\/2022\/11\/SN_FermenldedienstVO_24.03.06_de.pdf\">Stellungnahme zur \u00c4nderung der Grundversorgungsbestimmungen in der Fernmeldedienstverordnung (24. 03.2006 )<\/a><\/li>\n<li class=\"li-odd csc-uploads-element csc-uploads-element-pdf\"><a href=\"\/wp-content\/uploads\/2022\/11\/SN_Swisscom_13.02.06_de.pdf\">Stellungnahme zur Abgabe der Bundesbeteiligung an der Swisscom (13. 02.2006 )<\/a><\/li>\n<\/ul>\n<\/div><\/section><\/p><\/div><div  class='flex_column av-260hko-5bd1b66d6b1c9d714aa664ee7920019f av_one_third  avia-builder-el-5  el_after_av_two_third  avia-builder-el-last  flex_column_div  '     ><style type=\"text\/css\" data-created_by=\"avia_inline_auto\" id=\"style-css-av-lbniyt9b-a7510a6f297deada0a07a7224718a581\">\n.avia-image-container.av-lbniyt9b-a7510a6f297deada0a07a7224718a581 img.avia_image{\nbox-shadow:none;\n}\n.avia-image-container.av-lbniyt9b-a7510a6f297deada0a07a7224718a581 .av-image-caption-overlay-center{\ncolor:#ffffff;\n}\n<\/style>\n<div  class='avia-image-container av-lbniyt9b-a7510a6f297deada0a07a7224718a581 av-styling- avia-align-left  avia-builder-el-6  avia-builder-el-no-sibling '   itemprop=\"image\" itemscope=\"itemscope\" itemtype=\"https:\/\/schema.org\/ImageObject\" ><div class=\"avia-image-container-inner\"><div class=\"avia-image-overlay-wrap\"><img decoding=\"async\" fetchpriority=\"high\" class='wp-image-7127 avia-img-lazy-loading-not-7127 avia_image ' src=\"https:\/\/www.sab.ch\/wp-content\/uploads\/2022\/11\/Telekommu.png\" alt='' title='Telekommu'  height=\"273\" width=\"400\"  itemprop=\"thumbnailUrl\"  \/><\/div><\/div><\/div><\/div>\n","protected":false},"excerpt":{"rendered":"","protected":false},"author":3,"featured_media":0,"parent":11464,"menu_order":0,"comment_status":"closed","ping_status":"closed","template":"","meta":{"footnotes":""},"class_list":["post-11556","page","type-page","status-publish","hentry"],"yoast_head":"<!-- This site is optimized with the Yoast SEO plugin v27.5 - https:\/\/yoast.com\/product\/yoast-seo-wordpress\/ -->\n<title>Telecomunicazioni - S A B<\/title>\n<meta name=\"robots\" content=\"index, follow, max-snippet:-1, max-image-preview:large, max-video-preview:-1\" \/>\n<link rel=\"canonical\" href=\"https:\/\/www.sab.ch\/it\/politica\/telecomunicazioni\/\" \/>\n<meta property=\"og:locale\" content=\"it_IT\" \/>\n<meta property=\"og:type\" content=\"article\" \/>\n<meta property=\"og:title\" content=\"Telecomunicazioni - S A B\" \/>\n<meta property=\"og:url\" content=\"https:\/\/www.sab.ch\/it\/politica\/telecomunicazioni\/\" \/>\n<meta property=\"og:site_name\" content=\"S A B\" \/>\n<meta property=\"article:modified_time\" content=\"2025-02-13T08:36:17+00:00\" \/>\n<meta name=\"twitter:card\" content=\"summary_large_image\" \/>\n<meta name=\"twitter:label1\" content=\"Tempo di lettura stimato\" \/>\n\t<meta name=\"twitter:data1\" content=\"2 minuti\" \/>\n<script type=\"application\/ld+json\" class=\"yoast-schema-graph\">{\"@context\":\"https:\\\/\\\/schema.org\",\"@graph\":[{\"@type\":\"WebPage\",\"@id\":\"https:\\\/\\\/www.sab.ch\\\/it\\\/politica\\\/telecomunicazioni\\\/\",\"url\":\"https:\\\/\\\/www.sab.ch\\\/it\\\/politica\\\/telecomunicazioni\\\/\",\"name\":\"Telecomunicazioni - S A B\",\"isPartOf\":{\"@id\":\"https:\\\/\\\/www.sab.ch\\\/it\\\/#website\"},\"datePublished\":\"2023-01-26T08:43:24+00:00\",\"dateModified\":\"2025-02-13T08:36:17+00:00\",\"breadcrumb\":{\"@id\":\"https:\\\/\\\/www.sab.ch\\\/it\\\/politica\\\/telecomunicazioni\\\/#breadcrumb\"},\"inLanguage\":\"it-IT\",\"potentialAction\":[{\"@type\":\"ReadAction\",\"target\":[\"https:\\\/\\\/www.sab.ch\\\/it\\\/politica\\\/telecomunicazioni\\\/\"]}]},{\"@type\":\"BreadcrumbList\",\"@id\":\"https:\\\/\\\/www.sab.ch\\\/it\\\/politica\\\/telecomunicazioni\\\/#breadcrumb\",\"itemListElement\":[{\"@type\":\"ListItem\",\"position\":1,\"name\":\"Startseite\",\"item\":\"https:\\\/\\\/www.sab.ch\\\/it\\\/home\\\/\"},{\"@type\":\"ListItem\",\"position\":2,\"name\":\"Politica\",\"item\":\"https:\\\/\\\/www.sab.ch\\\/it\\\/politica\\\/\"},{\"@type\":\"ListItem\",\"position\":3,\"name\":\"Telecomunicazioni\"}]},{\"@type\":\"WebSite\",\"@id\":\"https:\\\/\\\/www.sab.ch\\\/it\\\/#website\",\"url\":\"https:\\\/\\\/www.sab.ch\\\/it\\\/\",\"name\":\"S A B\",\"description\":\"\",\"potentialAction\":[{\"@type\":\"SearchAction\",\"target\":{\"@type\":\"EntryPoint\",\"urlTemplate\":\"https:\\\/\\\/www.sab.ch\\\/it\\\/?s={search_term_string}\"},\"query-input\":{\"@type\":\"PropertyValueSpecification\",\"valueRequired\":true,\"valueName\":\"search_term_string\"}}],\"inLanguage\":\"it-IT\"}]}<\/script>\n<!-- \/ Yoast SEO plugin. -->","yoast_head_json":{"title":"Telecomunicazioni - S A B","robots":{"index":"index","follow":"follow","max-snippet":"max-snippet:-1","max-image-preview":"max-image-preview:large","max-video-preview":"max-video-preview:-1"},"canonical":"https:\/\/www.sab.ch\/it\/politica\/telecomunicazioni\/","og_locale":"it_IT","og_type":"article","og_title":"Telecomunicazioni - S A B","og_url":"https:\/\/www.sab.ch\/it\/politica\/telecomunicazioni\/","og_site_name":"S A B","article_modified_time":"2025-02-13T08:36:17+00:00","twitter_card":"summary_large_image","twitter_misc":{"Tempo di lettura stimato":"2 minuti"},"schema":{"@context":"https:\/\/schema.org","@graph":[{"@type":"WebPage","@id":"https:\/\/www.sab.ch\/it\/politica\/telecomunicazioni\/","url":"https:\/\/www.sab.ch\/it\/politica\/telecomunicazioni\/","name":"Telecomunicazioni - S A B","isPartOf":{"@id":"https:\/\/www.sab.ch\/it\/#website"},"datePublished":"2023-01-26T08:43:24+00:00","dateModified":"2025-02-13T08:36:17+00:00","breadcrumb":{"@id":"https:\/\/www.sab.ch\/it\/politica\/telecomunicazioni\/#breadcrumb"},"inLanguage":"it-IT","potentialAction":[{"@type":"ReadAction","target":["https:\/\/www.sab.ch\/it\/politica\/telecomunicazioni\/"]}]},{"@type":"BreadcrumbList","@id":"https:\/\/www.sab.ch\/it\/politica\/telecomunicazioni\/#breadcrumb","itemListElement":[{"@type":"ListItem","position":1,"name":"Startseite","item":"https:\/\/www.sab.ch\/it\/home\/"},{"@type":"ListItem","position":2,"name":"Politica","item":"https:\/\/www.sab.ch\/it\/politica\/"},{"@type":"ListItem","position":3,"name":"Telecomunicazioni"}]},{"@type":"WebSite","@id":"https:\/\/www.sab.ch\/it\/#website","url":"https:\/\/www.sab.ch\/it\/","name":"S A B","description":"","potentialAction":[{"@type":"SearchAction","target":{"@type":"EntryPoint","urlTemplate":"https:\/\/www.sab.ch\/it\/?s={search_term_string}"},"query-input":{"@type":"PropertyValueSpecification","valueRequired":true,"valueName":"search_term_string"}}],"inLanguage":"it-IT"}]}},"_links":{"self":[{"href":"https:\/\/www.sab.ch\/it\/wp-json\/wp\/v2\/pages\/11556","targetHints":{"allow":["GET"]}}],"collection":[{"href":"https:\/\/www.sab.ch\/it\/wp-json\/wp\/v2\/pages"}],"about":[{"href":"https:\/\/www.sab.ch\/it\/wp-json\/wp\/v2\/types\/page"}],"author":[{"embeddable":true,"href":"https:\/\/www.sab.ch\/it\/wp-json\/wp\/v2\/users\/3"}],"replies":[{"embeddable":true,"href":"https:\/\/www.sab.ch\/it\/wp-json\/wp\/v2\/comments?post=11556"}],"version-history":[{"count":8,"href":"https:\/\/www.sab.ch\/it\/wp-json\/wp\/v2\/pages\/11556\/revisions"}],"predecessor-version":[{"id":25589,"href":"https:\/\/www.sab.ch\/it\/wp-json\/wp\/v2\/pages\/11556\/revisions\/25589"}],"up":[{"embeddable":true,"href":"https:\/\/www.sab.ch\/it\/wp-json\/wp\/v2\/pages\/11464"}],"wp:attachment":[{"href":"https:\/\/www.sab.ch\/it\/wp-json\/wp\/v2\/media?parent=11556"}],"curies":[{"name":"wp","href":"https:\/\/api.w.org\/{rel}","templated":true}]}}