{"id":11794,"date":"2023-01-30T11:48:19","date_gmt":"2023-01-30T10:48:19","guid":{"rendered":"https:\/\/www.sab.ch\/prestationi\/cooperazione-internazionale\/intesi\/"},"modified":"2023-01-30T11:48:19","modified_gmt":"2023-01-30T10:48:19","slug":"intesi","status":"publish","type":"page","link":"https:\/\/www.sab.ch\/it\/prestationi\/cooperazione-internazionale\/intesi\/","title":{"rendered":"INTESI"},"content":{"rendered":"<div  class='flex_column av-3ywy9a-fe1e9d83665ac7407f09a1ff680b9987 av_two_third  avia-builder-el-0  el_before_av_one_third  avia-builder-el-first  first flex_column_div  '     ><section  class='av_textblock_section av-lav2wnha-051be43071071642b259d991ebb52a19 '   itemscope=\"itemscope\" itemtype=\"https:\/\/schema.org\/CreativeWork\" ><div class='avia_textblock'  itemprop=\"text\" ><h2 class=\"csc-firstHeader\">INTESI<\/h2>\n<p><b>INTESI \u2013 Un approccio intersettoriale di governance territoriale destinato ad assicurare il servizio pubblico nelle Alpi<\/b><\/p>\n<p>Il progetto INTESI punta a migliorare il coordinamento orizzontale (multisettoriale) e verticale (a pi\u00f9 livelli) nel settore del servizio universale. Saranno fatte delle proposte, per adattare le strategie e le politiche esistenti.<\/p>\n<p>Queste serviranno anche a elaborare un concetto che includa tutta una regione (modello di governance a pi\u00f9 livelli). INTESI dovr\u00e0 riunire ed analizzare le strategie sviluppate nelle Alpi per migliorare il servizio universale. Inoltre, si occuper\u00e0 anche di realizzare degli scambi con partner provenienti da cinque paesi alpini. Delle regioni e dei progetti pilota serviranno a dimostrare quali siano i potenziali utilizzabili, a livello di cooperazione intersettoriale. Questa procedura prende in considerazione le sfide legate ai movimenti migratori, oltre alle opportunit\u00e0 che nascono dalle tecnologie informatiche. Questi differenti parametri saranno in seguito introdotti in un modello di governance a pi\u00f9 livelli, nell\u2019ottica di sviluppare delle soluzioni pratiche. In linea generale, INTESI dovr\u00e0 valorizzare degli insegnamenti pratici e scientifici, integrandoli in una procedura politica.<\/p>\n<p>Per riuscirvi, il SAB creer\u00e0 un Think Tank che riunir\u00e0 diversi attori legati al servizio universale (fornitori di servizi, responsabili politici, ONG, Alte Scuole specializzate, Universit\u00e0). Questo gruppo si riunir\u00e0 regolarmente per organizzare degli scambi d\u2019informazioni.<\/p>\n<p>INTESI rappresenta un progetto di messa in opera del rapporto sul servizio pubblico nel settore delle infrastrutture (2004), dell\u2019obiettivo 1 del Progetto del territorio svizzero e del secondo pilastro della strategia EUSALP.<\/p>\n<p>Durata: Dicembre 2015 &#8211; Novembre 2018 (36 mesi)<br \/>\nBudget: 1.938.639,42 Euro<br \/>\nEFRE Kofinanzierung: 1.501.473,54 Euro<br \/>\nARE Kofinanzierung: 86.100 CHF<\/p>\n<p><b>Zur INTESI Projektwebseite geht es <a href=\"http:\/\/www.alpine-space.eu\/projects\/intesi\/en\/home\" target=\"_blank\" rel=\"noopener\"><span lang=\"DE\">hier<\/span><\/a><\/b><\/p>\n<p><a href=\"\/wp-content\/uploads\/2022\/11\/INTESI_Flyer_web.pdf\">Intesi Brosch\u00fcre (Englisch)<\/a><\/p>\n<p>Contatto: Peter Niederer, <a href=\"pe&#116;&#101;&#114;&#46;&#x6e;&#x69;&#x65;&#x64;&#x65;re&#114;&#64;&#115;&#97;&#x62;&#x2e;&#x63;&#x68;\">&#112;&#x65;&#116;&#x65;&#114;&#x2e;&#110;&#x69;e&#x64;e&#x72;e&#x72;&#64;&#115;&#x61;&#98;&#x2e;&#99;&#x68;<\/a><\/p>\n<ul class=\"csc-uploads csc-uploads-0\">\n<li class=\"li-odd li-first csc-uploads-element csc-uploads-element-pdf\"><a href=\"\/wp-content\/uploads\/2022\/11\/INTESI_ARE_NL_Dezember_DE.pdf\">Newsletter INTESI ARE (Dezember 2018)<\/a><\/li>\n<li class=\"li-even csc-uploads-element csc-uploads-element-pdf\"><a href=\"\/wp-content\/uploads\/2022\/11\/Medienmitteilung_-_The_potential_of_integration_in_the_delivery_of_Servi.._.pdf\">Pressemitteilung der Abschlusskonferenz des Interreg Alpenraumprojektes Intesi (10.10.2018)<\/a><\/li>\n<li class=\"li-odd csc-uploads-element csc-uploads-element-pdf\"><a href=\"\/wp-content\/uploads\/2022\/11\/INTESI_regioS_12.pdf\">Artikel: INTESI \u2013 Strategien f\u00fcr unterversorgte Peripherien ( August 2017)<\/a><\/li>\n<li class=\"li-even csc-uploads-element csc-uploads-element-pdf\"><a href=\"\/wp-content\/uploads\/2022\/11\/PM1129_Intesi_def.pdf\">Pressemitteilung INTESI: Synergiepotenziale bei der Grundversorgung nutzen (23.02.2017)<\/a><\/li>\n<li class=\"li-odd csc-uploads-element csc-uploads-element-pdf\"><a href=\"\/wp-content\/uploads\/2022\/11\/Booklet_INTESI_D.pdf\">Brosch\u00fcre INTESI<\/a><\/li>\n<li class=\"li-even csc-uploads-element csc-uploads-element-pdf\"><a href=\"\/wp-content\/uploads\/2022\/11\/INTESI_Handbook_DE_web.pdf\">Leitfaden INTESI<\/a><\/li>\n<\/ul>\n<\/div><\/section><\/div><div  class='flex_column av-2h2q0u-6820b50ecb121f60d18bb0a465386c14 av_one_third  avia-builder-el-2  el_after_av_two_third  avia-builder-el-last  flex_column_div  '     ><p>\n<style type=\"text\/css\" data-created_by=\"avia_inline_auto\" id=\"style-css-av-lav2v1w6-1f59127dd0b0fbfe6d5d5e945501426e\">\n.avia-image-container.av-lav2v1w6-1f59127dd0b0fbfe6d5d5e945501426e img.avia_image{\nbox-shadow:none;\n}\n.avia-image-container.av-lav2v1w6-1f59127dd0b0fbfe6d5d5e945501426e .av-image-caption-overlay-center{\ncolor:#ffffff;\n}\n<\/style>\n<div  class='avia-image-container av-lav2v1w6-1f59127dd0b0fbfe6d5d5e945501426e av-styling- avia-align-left  avia-builder-el-3  el_before_av_image  avia-builder-el-first '   itemprop=\"image\" itemscope=\"itemscope\" itemtype=\"https:\/\/schema.org\/ImageObject\" ><div class=\"avia-image-container-inner\"><div class=\"avia-image-overlay-wrap\"><img decoding=\"async\" fetchpriority=\"high\" class='wp-image-7724 avia-img-lazy-loading-not-7724 avia_image ' src=\"https:\/\/www.sab.ch\/wp-content\/uploads\/2022\/11\/csm_INTESI_EU_quer_92d819e7d0-2.jpg\" alt='' title='csm_INTESI_EU_quer_92d819e7d0'  height=\"99\" width=\"250\"  itemprop=\"thumbnailUrl\"  \/><\/div><\/div><\/div><br \/>\n\n<style type=\"text\/css\" data-created_by=\"avia_inline_auto\" id=\"style-css-av-lav2xfto-14f5b68043c8562387ad47e151f031fd\">\n.avia-image-container.av-lav2xfto-14f5b68043c8562387ad47e151f031fd img.avia_image{\nbox-shadow:none;\n}\n.avia-image-container.av-lav2xfto-14f5b68043c8562387ad47e151f031fd .av-image-caption-overlay-center{\ncolor:#ffffff;\n}\n<\/style>\n<div  class='avia-image-container av-lav2xfto-14f5b68043c8562387ad47e151f031fd av-styling- avia-align-left  avia-builder-el-4  el_after_av_image  avia-builder-el-last '   itemprop=\"image\" itemscope=\"itemscope\" itemtype=\"https:\/\/schema.org\/ImageObject\" ><div class=\"avia-image-container-inner\"><div class=\"avia-image-overlay-wrap\"><img decoding=\"async\" fetchpriority=\"high\" class='wp-image-4661 avia-img-lazy-loading-not-4661 avia_image ' src=\"https:\/\/www.sab.ch\/wp-content\/uploads\/2022\/11\/csm_Logo_NRP_e_horizontal_print_fd3ef81f38-1.jpg\" alt='' title='csm_Logo_NRP_e_horizontal_print_fd3ef81f38'  height=\"166\" width=\"250\"  itemprop=\"thumbnailUrl\"  \/><\/div><\/div><\/div><\/p><\/div><\/p>\n","protected":false},"excerpt":{"rendered":"","protected":false},"author":3,"featured_media":0,"parent":11779,"menu_order":0,"comment_status":"closed","ping_status":"closed","template":"","meta":{"footnotes":""},"class_list":["post-11794","page","type-page","status-publish","hentry"],"yoast_head":"<!-- This site is optimized with the Yoast SEO plugin v27.4 - https:\/\/yoast.com\/product\/yoast-seo-wordpress\/ -->\n<title>INTESI - S A B<\/title>\n<meta name=\"robots\" content=\"index, follow, max-snippet:-1, max-image-preview:large, max-video-preview:-1\" \/>\n<link rel=\"canonical\" href=\"https:\/\/www.sab.ch\/it\/prestationi\/cooperazione-internazionale\/intesi\/\" \/>\n<meta property=\"og:locale\" content=\"it_IT\" \/>\n<meta property=\"og:type\" content=\"article\" \/>\n<meta property=\"og:title\" content=\"INTESI - S A B\" \/>\n<meta property=\"og:url\" content=\"https:\/\/www.sab.ch\/it\/prestationi\/cooperazione-internazionale\/intesi\/\" \/>\n<meta property=\"og:site_name\" content=\"S A B\" \/>\n<meta name=\"twitter:card\" content=\"summary_large_image\" \/>\n<meta name=\"twitter:label1\" content=\"Tempo di lettura stimato\" \/>\n\t<meta name=\"twitter:data1\" content=\"9 minuti\" \/>\n<script type=\"application\/ld+json\" class=\"yoast-schema-graph\">{\"@context\":\"https:\\\/\\\/schema.org\",\"@graph\":[{\"@type\":\"WebPage\",\"@id\":\"https:\\\/\\\/www.sab.ch\\\/it\\\/prestationi\\\/cooperazione-internazionale\\\/intesi\\\/\",\"url\":\"https:\\\/\\\/www.sab.ch\\\/it\\\/prestationi\\\/cooperazione-internazionale\\\/intesi\\\/\",\"name\":\"INTESI - S A B\",\"isPartOf\":{\"@id\":\"https:\\\/\\\/www.sab.ch\\\/it\\\/#website\"},\"datePublished\":\"2023-01-30T10:48:19+00:00\",\"breadcrumb\":{\"@id\":\"https:\\\/\\\/www.sab.ch\\\/it\\\/prestationi\\\/cooperazione-internazionale\\\/intesi\\\/#breadcrumb\"},\"inLanguage\":\"it-IT\",\"potentialAction\":[{\"@type\":\"ReadAction\",\"target\":[\"https:\\\/\\\/www.sab.ch\\\/it\\\/prestationi\\\/cooperazione-internazionale\\\/intesi\\\/\"]}]},{\"@type\":\"BreadcrumbList\",\"@id\":\"https:\\\/\\\/www.sab.ch\\\/it\\\/prestationi\\\/cooperazione-internazionale\\\/intesi\\\/#breadcrumb\",\"itemListElement\":[{\"@type\":\"ListItem\",\"position\":1,\"name\":\"Startseite\",\"item\":\"https:\\\/\\\/www.sab.ch\\\/it\\\/home\\\/\"},{\"@type\":\"ListItem\",\"position\":2,\"name\":\"Servizi\",\"item\":\"https:\\\/\\\/www.sab.ch\\\/it\\\/prestationi\\\/\"},{\"@type\":\"ListItem\",\"position\":3,\"name\":\"Cooperazione internazionale\",\"item\":\"https:\\\/\\\/www.sab.ch\\\/it\\\/prestationi\\\/cooperazione-internazionale\\\/\"},{\"@type\":\"ListItem\",\"position\":4,\"name\":\"INTESI\"}]},{\"@type\":\"WebSite\",\"@id\":\"https:\\\/\\\/www.sab.ch\\\/it\\\/#website\",\"url\":\"https:\\\/\\\/www.sab.ch\\\/it\\\/\",\"name\":\"S A B\",\"description\":\"\",\"potentialAction\":[{\"@type\":\"SearchAction\",\"target\":{\"@type\":\"EntryPoint\",\"urlTemplate\":\"https:\\\/\\\/www.sab.ch\\\/it\\\/?s={search_term_string}\"},\"query-input\":{\"@type\":\"PropertyValueSpecification\",\"valueRequired\":true,\"valueName\":\"search_term_string\"}}],\"inLanguage\":\"it-IT\"}]}<\/script>\n<!-- \/ Yoast SEO plugin. -->","yoast_head_json":{"title":"INTESI - S A B","robots":{"index":"index","follow":"follow","max-snippet":"max-snippet:-1","max-image-preview":"max-image-preview:large","max-video-preview":"max-video-preview:-1"},"canonical":"https:\/\/www.sab.ch\/it\/prestationi\/cooperazione-internazionale\/intesi\/","og_locale":"it_IT","og_type":"article","og_title":"INTESI - S A B","og_url":"https:\/\/www.sab.ch\/it\/prestationi\/cooperazione-internazionale\/intesi\/","og_site_name":"S A B","twitter_card":"summary_large_image","twitter_misc":{"Tempo di lettura stimato":"9 minuti"},"schema":{"@context":"https:\/\/schema.org","@graph":[{"@type":"WebPage","@id":"https:\/\/www.sab.ch\/it\/prestationi\/cooperazione-internazionale\/intesi\/","url":"https:\/\/www.sab.ch\/it\/prestationi\/cooperazione-internazionale\/intesi\/","name":"INTESI - S A B","isPartOf":{"@id":"https:\/\/www.sab.ch\/it\/#website"},"datePublished":"2023-01-30T10:48:19+00:00","breadcrumb":{"@id":"https:\/\/www.sab.ch\/it\/prestationi\/cooperazione-internazionale\/intesi\/#breadcrumb"},"inLanguage":"it-IT","potentialAction":[{"@type":"ReadAction","target":["https:\/\/www.sab.ch\/it\/prestationi\/cooperazione-internazionale\/intesi\/"]}]},{"@type":"BreadcrumbList","@id":"https:\/\/www.sab.ch\/it\/prestationi\/cooperazione-internazionale\/intesi\/#breadcrumb","itemListElement":[{"@type":"ListItem","position":1,"name":"Startseite","item":"https:\/\/www.sab.ch\/it\/home\/"},{"@type":"ListItem","position":2,"name":"Servizi","item":"https:\/\/www.sab.ch\/it\/prestationi\/"},{"@type":"ListItem","position":3,"name":"Cooperazione internazionale","item":"https:\/\/www.sab.ch\/it\/prestationi\/cooperazione-internazionale\/"},{"@type":"ListItem","position":4,"name":"INTESI"}]},{"@type":"WebSite","@id":"https:\/\/www.sab.ch\/it\/#website","url":"https:\/\/www.sab.ch\/it\/","name":"S A B","description":"","potentialAction":[{"@type":"SearchAction","target":{"@type":"EntryPoint","urlTemplate":"https:\/\/www.sab.ch\/it\/?s={search_term_string}"},"query-input":{"@type":"PropertyValueSpecification","valueRequired":true,"valueName":"search_term_string"}}],"inLanguage":"it-IT"}]}},"_links":{"self":[{"href":"https:\/\/www.sab.ch\/it\/wp-json\/wp\/v2\/pages\/11794","targetHints":{"allow":["GET"]}}],"collection":[{"href":"https:\/\/www.sab.ch\/it\/wp-json\/wp\/v2\/pages"}],"about":[{"href":"https:\/\/www.sab.ch\/it\/wp-json\/wp\/v2\/types\/page"}],"author":[{"embeddable":true,"href":"https:\/\/www.sab.ch\/it\/wp-json\/wp\/v2\/users\/3"}],"replies":[{"embeddable":true,"href":"https:\/\/www.sab.ch\/it\/wp-json\/wp\/v2\/comments?post=11794"}],"version-history":[{"count":2,"href":"https:\/\/www.sab.ch\/it\/wp-json\/wp\/v2\/pages\/11794\/revisions"}],"predecessor-version":[{"id":11796,"href":"https:\/\/www.sab.ch\/it\/wp-json\/wp\/v2\/pages\/11794\/revisions\/11796"}],"up":[{"embeddable":true,"href":"https:\/\/www.sab.ch\/it\/wp-json\/wp\/v2\/pages\/11779"}],"wp:attachment":[{"href":"https:\/\/www.sab.ch\/it\/wp-json\/wp\/v2\/media?parent=11794"}],"curies":[{"name":"wp","href":"https:\/\/api.w.org\/{rel}","templated":true}]}}