{"id":11826,"date":"2023-01-30T14:22:56","date_gmt":"2023-01-30T13:22:56","guid":{"rendered":"https:\/\/www.sab.ch\/prestationi\/cooperazione-internazionale\/smart-villages\/"},"modified":"2023-01-30T14:22:56","modified_gmt":"2023-01-30T13:22:56","slug":"smart-villages","status":"publish","type":"page","link":"https:\/\/www.sab.ch\/it\/prestationi\/cooperazione-internazionale\/smart-villages\/","title":{"rendered":"Smart Villages"},"content":{"rendered":"<div  class='flex_column av-4ouldk-507943d96b819677410361f2f8fb3852 av_two_third  avia-builder-el-0  el_before_av_one_third  avia-builder-el-first  first flex_column_div  '     ><section  class='av_textblock_section av-lav52j5w-976b8230bfc055d87aed08d8da51d455 '   itemscope=\"itemscope\" itemtype=\"https:\/\/schema.org\/CreativeWork\" ><div class='avia_textblock'  itemprop=\"text\" ><h1>Smartvillages: la digitalizzazione nelle aree rurali e nelle regioni alpine<\/h1>\n<p>L&#8217;obiettivo del progetto Interreg Spazio Alpino &#8220;SmartVillages&#8221; \u00e8 preparare i Comuni dello Spazio Alpino a riconoscere e sfruttare le opportunit\u00e0 offerte dalla digitalizzazione. Diverse citt\u00e0 europee si definiscono gi\u00e0 Smart City. Questo approccio dovrebbe ora essere applicato anche alle comunit\u00e0 rurali. Il progetto non riguarda solo l&#8217;innovazione tecnica, ma anche il coinvolgimento dei cittadini e delle altre parti interessate nel processo di digitalizzazione. Il progetto \u00e8 stato lanciato nel giugno 2018 a Maribor (SL) e riunisce 13 organizzazioni partner e nove regioni di prova in sei Stati alpini. Il SAB \u00e8 il partner principale di questo progetto. La regione di Lucerna Ovest \u00e8 il secondo partner svizzero.<\/p>\n<p>&#8220;SmartVillages&#8221; \u00e8 suddiviso nei seguenti moduli<br \/>\na) Analisi regionale per scoprire quanto sono intelligenti le regioni in esame rispetto alle altre regioni europee;<br \/>\nb) Piattaforma digitale: sviluppo di una piattaforma di scambio per la digitalizzazione nelle aree rurali;<br \/>\nc) Cassetta degli attrezzi per la digitalizzazione: fornitura di strumenti e metodi per l&#8217;attuazione di progetti di digitalizzazione nei comuni;<br \/>\nd) Diffusione dei risultati del progetto a livello politico, sviluppando raccomandazioni per azioni volte a migliorare ulteriormente le condizioni quadro politiche per la digitalizzazione nelle aree rurali e montane.<\/p>\n<p>Il progetto &#8220;SmartVillages&#8221; contribuisce concretamente all&#8217;attuazione della strategia e del piano d&#8217;azione &#8220;Svizzera digitale&#8221; e della strategia macroregionale per la regione alpina (EUSALP). Nell&#8217;ambito di EUSALP, la digitalizzazione nei villaggi di montagna \u00e8 stata identificata come un progetto strategico.<\/p>\n<p><strong>Dati chiave<\/strong><\/p>\n<ul>\n<li>Projektzeitraum: 17.04.2018 \u2013 16.04.2021<\/li>\n<li>Cofinanziamento Interreg Spazio Alpino (UE FESR) \u20ac 2&#8217;061&#8217;998.67<\/li>\n<li>Cofinanziamento della Nuova Politica Regionale (PNR) CHF 281&#8217;377.50<\/li>\n<\/ul>\n<p><strong>Contatto<\/strong><\/p>\n<p>Thomas Egger, SAB, <a href=\"&#109;&#x61;&#105;&#x6c;t&#x6f;:&#116;&#x68;&#111;&#x6d;a&#x73;&#46;&#101;&#x67;&#103;&#x65;r&#x40;s&#97;&#x62;&#46;&#x63;h\">&#116;&#x68;&#x6f;m&#97;&#x73;&#46;&#101;&#x67;&#x67;e&#114;&#x40;s&#97;&#x62;&#x2e;c&#104;<\/a><\/p>\n<p>Peter Niederer, SAB, <a href=\"&#109;&#x61;i&#x6c;&#x74;&#111;&#x3a;p&#x65;&#x74;&#101;&#x72;&#46;&#x6e;&#x69;&#101;&#x64;e&#x72;&#x65;&#114;&#x40;s&#x61;&#x62;&#46;&#x63;h\">&#x70;&#x65;&#x74;&#x65;&#x72;&#46;&#110;&#105;&#101;der&#x65;&#x72;&#x40;&#x73;&#x61;&#x62;&#46;&#99;&#104;<\/a><\/p>\n<p><strong>Maggiori informazioni<\/strong><\/p>\n<p><a href=\"https:\/\/sab.ch\/wp-content\/uploads\/2022\/12\/kompendium-smartvillages_d.pdf\">Compendio con i risultati pi\u00f9 importanti<\/a><\/p>\n<p><a href=\"http:\/\/www.alpine-space.eu\/projects\/smartvillages\/en\/home\">http:\/\/www.alpine-space.eu\/projects\/smartvillages\/en\/home<\/a><a href=\"http:\/\/www.sab.ch\/fileadmin\/user_upload\/customers\/sab\/Projekte_SAB\/Smart_villages\/2021\/Booklet_-_SmartVillages_project.pdf\"><br \/>\n<\/a><\/p>\n<\/div><\/section><\/div><div  class='flex_column av-2xmsd4-b8ef7ad2d820de0e298d73a1eaa94133 av_one_third  avia-builder-el-2  el_after_av_two_third  avia-builder-el-last  flex_column_div  '     ><style type=\"text\/css\" data-created_by=\"avia_inline_auto\" id=\"style-css-av-lav4yoir-8ac1eeb987e4f1f512912edcebd0ea96\">\n.avia-image-container.av-lav4yoir-8ac1eeb987e4f1f512912edcebd0ea96 img.avia_image{\nbox-shadow:none;\n}\n.avia-image-container.av-lav4yoir-8ac1eeb987e4f1f512912edcebd0ea96 .av-image-caption-overlay-center{\ncolor:#ffffff;\n}\n<\/style>\n<div  class='avia-image-container av-lav4yoir-8ac1eeb987e4f1f512912edcebd0ea96 av-styling- avia-align-left  avia-builder-el-3  avia-builder-el-no-sibling '   itemprop=\"image\" itemscope=\"itemscope\" itemtype=\"https:\/\/schema.org\/ImageObject\" ><div class=\"avia-image-container-inner\"><div class=\"avia-image-overlay-wrap\"><img decoding=\"async\" fetchpriority=\"high\" class='wp-image-7784 avia-img-lazy-loading-not-7784 avia_image ' src=\"https:\/\/www.sab.ch\/wp-content\/uploads\/2022\/11\/csm_smart_villages_a0281afe6d-2.jpg\" alt='' title='csm_smart_villages_a0281afe6d'  height=\"187\" width=\"350\"  itemprop=\"thumbnailUrl\"  \/><\/div><\/div><\/div><\/div><\/p>\n","protected":false},"excerpt":{"rendered":"","protected":false},"author":3,"featured_media":0,"parent":11779,"menu_order":0,"comment_status":"closed","ping_status":"closed","template":"","meta":{"footnotes":""},"class_list":["post-11826","page","type-page","status-publish","hentry"],"yoast_head":"<!-- This site is optimized with the Yoast SEO plugin v27.4 - https:\/\/yoast.com\/product\/yoast-seo-wordpress\/ -->\n<title>Smart Villages - S A B<\/title>\n<meta name=\"robots\" content=\"index, follow, max-snippet:-1, max-image-preview:large, max-video-preview:-1\" \/>\n<link rel=\"canonical\" href=\"https:\/\/www.sab.ch\/it\/prestationi\/cooperazione-internazionale\/smart-villages\/\" \/>\n<meta property=\"og:locale\" content=\"it_IT\" \/>\n<meta property=\"og:type\" content=\"article\" \/>\n<meta property=\"og:title\" content=\"Smart Villages - S A B\" \/>\n<meta property=\"og:url\" content=\"https:\/\/www.sab.ch\/it\/prestationi\/cooperazione-internazionale\/smart-villages\/\" \/>\n<meta property=\"og:site_name\" content=\"S A B\" \/>\n<meta name=\"twitter:card\" content=\"summary_large_image\" \/>\n<meta name=\"twitter:label1\" content=\"Tempo di lettura stimato\" \/>\n\t<meta name=\"twitter:data1\" content=\"7 minuti\" \/>\n<script type=\"application\/ld+json\" class=\"yoast-schema-graph\">{\"@context\":\"https:\\\/\\\/schema.org\",\"@graph\":[{\"@type\":\"WebPage\",\"@id\":\"https:\\\/\\\/www.sab.ch\\\/it\\\/prestationi\\\/cooperazione-internazionale\\\/smart-villages\\\/\",\"url\":\"https:\\\/\\\/www.sab.ch\\\/it\\\/prestationi\\\/cooperazione-internazionale\\\/smart-villages\\\/\",\"name\":\"Smart Villages - S A B\",\"isPartOf\":{\"@id\":\"https:\\\/\\\/www.sab.ch\\\/it\\\/#website\"},\"datePublished\":\"2023-01-30T13:22:56+00:00\",\"breadcrumb\":{\"@id\":\"https:\\\/\\\/www.sab.ch\\\/it\\\/prestationi\\\/cooperazione-internazionale\\\/smart-villages\\\/#breadcrumb\"},\"inLanguage\":\"it-IT\",\"potentialAction\":[{\"@type\":\"ReadAction\",\"target\":[\"https:\\\/\\\/www.sab.ch\\\/it\\\/prestationi\\\/cooperazione-internazionale\\\/smart-villages\\\/\"]}]},{\"@type\":\"BreadcrumbList\",\"@id\":\"https:\\\/\\\/www.sab.ch\\\/it\\\/prestationi\\\/cooperazione-internazionale\\\/smart-villages\\\/#breadcrumb\",\"itemListElement\":[{\"@type\":\"ListItem\",\"position\":1,\"name\":\"Startseite\",\"item\":\"https:\\\/\\\/www.sab.ch\\\/it\\\/home\\\/\"},{\"@type\":\"ListItem\",\"position\":2,\"name\":\"Servizi\",\"item\":\"https:\\\/\\\/www.sab.ch\\\/it\\\/prestationi\\\/\"},{\"@type\":\"ListItem\",\"position\":3,\"name\":\"Cooperazione internazionale\",\"item\":\"https:\\\/\\\/www.sab.ch\\\/it\\\/prestationi\\\/cooperazione-internazionale\\\/\"},{\"@type\":\"ListItem\",\"position\":4,\"name\":\"Smart Villages\"}]},{\"@type\":\"WebSite\",\"@id\":\"https:\\\/\\\/www.sab.ch\\\/it\\\/#website\",\"url\":\"https:\\\/\\\/www.sab.ch\\\/it\\\/\",\"name\":\"S A B\",\"description\":\"\",\"potentialAction\":[{\"@type\":\"SearchAction\",\"target\":{\"@type\":\"EntryPoint\",\"urlTemplate\":\"https:\\\/\\\/www.sab.ch\\\/it\\\/?s={search_term_string}\"},\"query-input\":{\"@type\":\"PropertyValueSpecification\",\"valueRequired\":true,\"valueName\":\"search_term_string\"}}],\"inLanguage\":\"it-IT\"}]}<\/script>\n<!-- \/ Yoast SEO plugin. -->","yoast_head_json":{"title":"Smart Villages - S A B","robots":{"index":"index","follow":"follow","max-snippet":"max-snippet:-1","max-image-preview":"max-image-preview:large","max-video-preview":"max-video-preview:-1"},"canonical":"https:\/\/www.sab.ch\/it\/prestationi\/cooperazione-internazionale\/smart-villages\/","og_locale":"it_IT","og_type":"article","og_title":"Smart Villages - S A B","og_url":"https:\/\/www.sab.ch\/it\/prestationi\/cooperazione-internazionale\/smart-villages\/","og_site_name":"S A B","twitter_card":"summary_large_image","twitter_misc":{"Tempo di lettura stimato":"7 minuti"},"schema":{"@context":"https:\/\/schema.org","@graph":[{"@type":"WebPage","@id":"https:\/\/www.sab.ch\/it\/prestationi\/cooperazione-internazionale\/smart-villages\/","url":"https:\/\/www.sab.ch\/it\/prestationi\/cooperazione-internazionale\/smart-villages\/","name":"Smart Villages - S A B","isPartOf":{"@id":"https:\/\/www.sab.ch\/it\/#website"},"datePublished":"2023-01-30T13:22:56+00:00","breadcrumb":{"@id":"https:\/\/www.sab.ch\/it\/prestationi\/cooperazione-internazionale\/smart-villages\/#breadcrumb"},"inLanguage":"it-IT","potentialAction":[{"@type":"ReadAction","target":["https:\/\/www.sab.ch\/it\/prestationi\/cooperazione-internazionale\/smart-villages\/"]}]},{"@type":"BreadcrumbList","@id":"https:\/\/www.sab.ch\/it\/prestationi\/cooperazione-internazionale\/smart-villages\/#breadcrumb","itemListElement":[{"@type":"ListItem","position":1,"name":"Startseite","item":"https:\/\/www.sab.ch\/it\/home\/"},{"@type":"ListItem","position":2,"name":"Servizi","item":"https:\/\/www.sab.ch\/it\/prestationi\/"},{"@type":"ListItem","position":3,"name":"Cooperazione internazionale","item":"https:\/\/www.sab.ch\/it\/prestationi\/cooperazione-internazionale\/"},{"@type":"ListItem","position":4,"name":"Smart Villages"}]},{"@type":"WebSite","@id":"https:\/\/www.sab.ch\/it\/#website","url":"https:\/\/www.sab.ch\/it\/","name":"S A B","description":"","potentialAction":[{"@type":"SearchAction","target":{"@type":"EntryPoint","urlTemplate":"https:\/\/www.sab.ch\/it\/?s={search_term_string}"},"query-input":{"@type":"PropertyValueSpecification","valueRequired":true,"valueName":"search_term_string"}}],"inLanguage":"it-IT"}]}},"_links":{"self":[{"href":"https:\/\/www.sab.ch\/it\/wp-json\/wp\/v2\/pages\/11826","targetHints":{"allow":["GET"]}}],"collection":[{"href":"https:\/\/www.sab.ch\/it\/wp-json\/wp\/v2\/pages"}],"about":[{"href":"https:\/\/www.sab.ch\/it\/wp-json\/wp\/v2\/types\/page"}],"author":[{"embeddable":true,"href":"https:\/\/www.sab.ch\/it\/wp-json\/wp\/v2\/users\/3"}],"replies":[{"embeddable":true,"href":"https:\/\/www.sab.ch\/it\/wp-json\/wp\/v2\/comments?post=11826"}],"version-history":[{"count":2,"href":"https:\/\/www.sab.ch\/it\/wp-json\/wp\/v2\/pages\/11826\/revisions"}],"predecessor-version":[{"id":11828,"href":"https:\/\/www.sab.ch\/it\/wp-json\/wp\/v2\/pages\/11826\/revisions\/11828"}],"up":[{"embeddable":true,"href":"https:\/\/www.sab.ch\/it\/wp-json\/wp\/v2\/pages\/11779"}],"wp:attachment":[{"href":"https:\/\/www.sab.ch\/it\/wp-json\/wp\/v2\/media?parent=11826"}],"curies":[{"name":"wp","href":"https:\/\/api.w.org\/{rel}","templated":true}]}}