{"id":21730,"date":"2024-04-30T11:23:47","date_gmt":"2024-04-30T09:23:47","guid":{"rendered":"https:\/\/www.sab.ch\/?page_id=21730"},"modified":"2024-04-30T11:23:48","modified_gmt":"2024-04-30T09:23:48","slug":"21730-2","status":"publish","type":"page","link":"https:\/\/www.sab.ch\/it\/21730-2\/","title":{"rendered":"Smart ERA &#8211; Smart community-led transition for Europe\u2019s Rural Areas"},"content":{"rendered":"<div  class='flex_column av-av_two_third-41ee899840124b6993b57a87f996c353 av_two_third  avia-builder-el-0  avia-builder-el-no-sibling  first flex_column_div  '     ><section  class='av_textblock_section av-lvm6jqx0-82e1ebafff1d2add5ac031967b548f97 '   itemscope=\"itemscope\" itemtype=\"https:\/\/schema.org\/CreativeWork\" ><div class='avia_textblock'  itemprop=\"text\" ><h3><strong>Smart ERA &#8211; Smart community-led transition for Europe\u2019s Rural Areas<\/strong><\/h3>\n<p><br class=\"avia-permanent-lb\" \/>L\u00e4ndliche Gebiete k\u00e4mpfen oft mit Problemen der Erreichbarkeit, einer ungen\u00fcgenden Grundversorgung, einem kleinen Arbeitsplatzangebot und einer alternden Bev\u00f6lkerung. Das Horizon Europe \u00abSmart Era\u00bb Projekt setzt genau hier an und hat zum Ziel, l\u00e4ndliche Gemeinden in ganz Europa, die vor grossen sozio\u00f6konomischen Herausforderungen stehen, zu st\u00e4rken. Mit gemeinsam entwickelten L\u00f6sungen, die in den Bereichen Technologie, Governance, Wirtschaft, Gesellschaft und Politik angesiedelt sind und in sogenannten \u00absmart innovation packages (SIP) geb\u00fcndelt werden, will das auf vier Jahre angelegte Projekt positive Akzente im l\u00e4ndlichen Raum setzen. Das Projekt m\u00f6chte zu einem Maximum die Potentiale der Digitalisierung und Trends wie das multilokale Leben nutzen, um die Standortnachteile der l\u00e4ndlichen R\u00e4ume auszugleichen. Das Smart Era Projekt umfasst ein Konsortium von 25 Partnern aus 10 L\u00e4ndern mit 6 Testgebieten. Die Schweizerische Arbeitsgemeinschaft f\u00fcr die Berggebiete war massgeblich an der Ausarbeitung des Projektes beteiligt und ist darin f\u00fcr die Koordination der vier makroregionalen Strategien der EU zust\u00e4ndig.<\/p>\n<p><br class=\"avia-permanent-lb\" \/><strong>Kontakt <\/strong><\/p>\n<p>Peter Niederer, <a href=\"mail&#116;&#111;&#58;&#112;&#101;&#116;&#101;&#x72;&#x2e;&#x6e;&#x69;&#x65;&#x64;&#x65;&#x72;&#x65;r&#64;sa&#98;&#46;&#99;&#104;\">&#x70;&#101;t&#x65;&#114;&#46;&#x6e;&#x69;&#101;d&#x65;&#114;e&#x72;&#x40;&#115;a&#x62;&#46;c&#x68;<\/a><\/p>\n<p><strong> <br class=\"avia-permanent-lb\" \/>Projektdauer <\/strong><\/p>\n<p>2024-2027<\/p>\n<p><a href=\"https:\/\/smartera-project.eu\/\"><strong> <br class=\"avia-permanent-lb\" \/>Website<\/strong><\/a><\/p>\n<\/div><\/section><\/div>\n","protected":false},"excerpt":{"rendered":"","protected":false},"author":4,"featured_media":0,"parent":0,"menu_order":0,"comment_status":"closed","ping_status":"closed","template":"","meta":{"footnotes":""},"class_list":["post-21730","page","type-page","status-publish","hentry"],"yoast_head":"<!-- This site is optimized with the Yoast SEO plugin v27.6 - https:\/\/yoast.com\/product\/yoast-seo-wordpress\/ -->\n<title>Smart ERA - Smart community-led transition for Europe\u2019s Rural Areas - S A B<\/title>\n<meta name=\"robots\" content=\"index, follow, max-snippet:-1, max-image-preview:large, max-video-preview:-1\" \/>\n<link rel=\"canonical\" href=\"https:\/\/www.sab.ch\/it\/21730-2\/\" \/>\n<meta property=\"og:locale\" content=\"it_IT\" \/>\n<meta property=\"og:type\" content=\"article\" \/>\n<meta property=\"og:title\" content=\"Smart ERA - Smart community-led transition for Europe\u2019s Rural Areas - S A B\" \/>\n<meta property=\"og:url\" content=\"https:\/\/www.sab.ch\/it\/21730-2\/\" \/>\n<meta property=\"og:site_name\" content=\"S A B\" \/>\n<meta property=\"article:modified_time\" content=\"2024-04-30T09:23:48+00:00\" \/>\n<meta name=\"twitter:card\" content=\"summary_large_image\" \/>\n<meta name=\"twitter:label1\" content=\"Tempo di lettura stimato\" \/>\n\t<meta name=\"twitter:data1\" content=\"1 minuto\" \/>\n<script type=\"application\/ld+json\" class=\"yoast-schema-graph\">{\"@context\":\"https:\\\/\\\/schema.org\",\"@graph\":[{\"@type\":\"WebPage\",\"@id\":\"https:\\\/\\\/www.sab.ch\\\/it\\\/21730-2\\\/\",\"url\":\"https:\\\/\\\/www.sab.ch\\\/it\\\/21730-2\\\/\",\"name\":\"Smart ERA - Smart community-led transition for Europe\u2019s Rural Areas - S A B\",\"isPartOf\":{\"@id\":\"https:\\\/\\\/www.sab.ch\\\/it\\\/#website\"},\"datePublished\":\"2024-04-30T09:23:47+00:00\",\"dateModified\":\"2024-04-30T09:23:48+00:00\",\"breadcrumb\":{\"@id\":\"https:\\\/\\\/www.sab.ch\\\/it\\\/21730-2\\\/#breadcrumb\"},\"inLanguage\":\"it-IT\",\"potentialAction\":[{\"@type\":\"ReadAction\",\"target\":[\"https:\\\/\\\/www.sab.ch\\\/it\\\/21730-2\\\/\"]}]},{\"@type\":\"BreadcrumbList\",\"@id\":\"https:\\\/\\\/www.sab.ch\\\/it\\\/21730-2\\\/#breadcrumb\",\"itemListElement\":[{\"@type\":\"ListItem\",\"position\":1,\"name\":\"Startseite\",\"item\":\"https:\\\/\\\/www.sab.ch\\\/it\\\/home\\\/\"},{\"@type\":\"ListItem\",\"position\":2,\"name\":\"Smart ERA &#8211; Smart community-led transition for Europe\u2019s Rural Areas\"}]},{\"@type\":\"WebSite\",\"@id\":\"https:\\\/\\\/www.sab.ch\\\/it\\\/#website\",\"url\":\"https:\\\/\\\/www.sab.ch\\\/it\\\/\",\"name\":\"S A B\",\"description\":\"\",\"potentialAction\":[{\"@type\":\"SearchAction\",\"target\":{\"@type\":\"EntryPoint\",\"urlTemplate\":\"https:\\\/\\\/www.sab.ch\\\/it\\\/?s={search_term_string}\"},\"query-input\":{\"@type\":\"PropertyValueSpecification\",\"valueRequired\":true,\"valueName\":\"search_term_string\"}}],\"inLanguage\":\"it-IT\"}]}<\/script>\n<!-- \/ Yoast SEO plugin. -->","yoast_head_json":{"title":"Smart ERA - Smart community-led transition for Europe\u2019s Rural Areas - S A B","robots":{"index":"index","follow":"follow","max-snippet":"max-snippet:-1","max-image-preview":"max-image-preview:large","max-video-preview":"max-video-preview:-1"},"canonical":"https:\/\/www.sab.ch\/it\/21730-2\/","og_locale":"it_IT","og_type":"article","og_title":"Smart ERA - Smart community-led transition for Europe\u2019s Rural Areas - S A B","og_url":"https:\/\/www.sab.ch\/it\/21730-2\/","og_site_name":"S A B","article_modified_time":"2024-04-30T09:23:48+00:00","twitter_card":"summary_large_image","twitter_misc":{"Tempo di lettura stimato":"1 minuto"},"schema":{"@context":"https:\/\/schema.org","@graph":[{"@type":"WebPage","@id":"https:\/\/www.sab.ch\/it\/21730-2\/","url":"https:\/\/www.sab.ch\/it\/21730-2\/","name":"Smart ERA - Smart community-led transition for Europe\u2019s Rural Areas - S A B","isPartOf":{"@id":"https:\/\/www.sab.ch\/it\/#website"},"datePublished":"2024-04-30T09:23:47+00:00","dateModified":"2024-04-30T09:23:48+00:00","breadcrumb":{"@id":"https:\/\/www.sab.ch\/it\/21730-2\/#breadcrumb"},"inLanguage":"it-IT","potentialAction":[{"@type":"ReadAction","target":["https:\/\/www.sab.ch\/it\/21730-2\/"]}]},{"@type":"BreadcrumbList","@id":"https:\/\/www.sab.ch\/it\/21730-2\/#breadcrumb","itemListElement":[{"@type":"ListItem","position":1,"name":"Startseite","item":"https:\/\/www.sab.ch\/it\/home\/"},{"@type":"ListItem","position":2,"name":"Smart ERA &#8211; Smart community-led transition for Europe\u2019s Rural Areas"}]},{"@type":"WebSite","@id":"https:\/\/www.sab.ch\/it\/#website","url":"https:\/\/www.sab.ch\/it\/","name":"S A B","description":"","potentialAction":[{"@type":"SearchAction","target":{"@type":"EntryPoint","urlTemplate":"https:\/\/www.sab.ch\/it\/?s={search_term_string}"},"query-input":{"@type":"PropertyValueSpecification","valueRequired":true,"valueName":"search_term_string"}}],"inLanguage":"it-IT"}]}},"_links":{"self":[{"href":"https:\/\/www.sab.ch\/it\/wp-json\/wp\/v2\/pages\/21730","targetHints":{"allow":["GET"]}}],"collection":[{"href":"https:\/\/www.sab.ch\/it\/wp-json\/wp\/v2\/pages"}],"about":[{"href":"https:\/\/www.sab.ch\/it\/wp-json\/wp\/v2\/types\/page"}],"author":[{"embeddable":true,"href":"https:\/\/www.sab.ch\/it\/wp-json\/wp\/v2\/users\/4"}],"replies":[{"embeddable":true,"href":"https:\/\/www.sab.ch\/it\/wp-json\/wp\/v2\/comments?post=21730"}],"version-history":[{"count":2,"href":"https:\/\/www.sab.ch\/it\/wp-json\/wp\/v2\/pages\/21730\/revisions"}],"predecessor-version":[{"id":21732,"href":"https:\/\/www.sab.ch\/it\/wp-json\/wp\/v2\/pages\/21730\/revisions\/21732"}],"wp:attachment":[{"href":"https:\/\/www.sab.ch\/it\/wp-json\/wp\/v2\/media?parent=21730"}],"curies":[{"name":"wp","href":"https:\/\/api.w.org\/{rel}","templated":true}]}}